{"id":1873,"date":"2021-05-20T16:11:54","date_gmt":"2021-05-20T14:11:54","guid":{"rendered":"https:\/\/lecouventdossau.com\/the-couvent-dossau\/"},"modified":"2024-05-23T18:45:07","modified_gmt":"2024-05-23T16:45:07","slug":"the-couvent-dossau","status":"publish","type":"page","link":"https:\/\/lecouventdossau.com\/en\/the-couvent-dossau\/","title":{"rendered":"The Couvent d&#8217;Ossau"},"content":{"rendered":"<p>[et_pb_section fb_built=&#8221;1&#8243; _builder_version=&#8221;4.16&#8243; _module_preset=&#8221;default&#8221; background_color=&#8221;#fcf4e9&#8243; custom_padding=&#8221;11px|||||&#8221; global_colors_info=&#8221;{}&#8221;][et_pb_row _builder_version=&#8221;4.16&#8243; _module_preset=&#8221;default&#8221; width=&#8221;100%&#8221; max_width=&#8221;100%&#8221; global_colors_info=&#8221;{}&#8221;][et_pb_column type=&#8221;4_4&#8243; _builder_version=&#8221;4.16&#8243; _module_preset=&#8221;default&#8221; global_colors_info=&#8221;{}&#8221;][et_pb_post_title meta=&#8221;off&#8221; featured_image=&#8221;off&#8221; _builder_version=&#8221;4.16&#8243; _module_preset=&#8221;default&#8221; title_font=&#8221;||||||||&#8221; custom_margin=&#8221;|||5%|false|false&#8221; custom_padding=&#8221;||0px|3%|false|false&#8221; global_colors_info=&#8221;{}&#8221;][\/et_pb_post_title][\/et_pb_column][\/et_pb_row][et_pb_row column_structure=&#8221;3_5,2_5&#8243; use_custom_gutter=&#8221;on&#8221; make_equal=&#8221;on&#8221; _builder_version=&#8221;4.16&#8243; _module_preset=&#8221;default&#8221; width=&#8221;100%&#8221; max_width=&#8221;100%&#8221; custom_padding=&#8221;|5%||5%|false|false&#8221; global_colors_info=&#8221;{}&#8221;][et_pb_column type=&#8221;3_5&#8243; _builder_version=&#8221;4.16&#8243; _module_preset=&#8221;default&#8221; global_colors_info=&#8221;{}&#8221;][et_pb_text _builder_version=&#8221;4.16&#8243; _module_preset=&#8221;default&#8221; custom_margin=&#8221;|5%||5%|false|true&#8221; custom_padding=&#8221;||30px||false|false&#8221; border_color_bottom=&#8221;rgba(0,0,0,0.17)&#8221; border_style_bottom=&#8221;dotted&#8221; global_colors_info=&#8221;{}&#8221;]<\/p>\n<p style=\"text-align: justify;\">Jean-Marc and Myl\u00e8ne, owners of the stopover g\u00eete <strong>Le Couvent d\u2019Ossau<\/strong>, humbly aim to enable, through their welcome and accommodation, the sharing of simple and authentic moments where people meet and appreciate each other around the same small pleasures.<\/p>\n<p>[\/et_pb_text][et_pb_text _builder_version=&#8221;4.16&#8243; _module_preset=&#8221;default&#8221; background_color=&#8221;#FFFFFF&#8221; custom_margin=&#8221;|3%||3%|false|true&#8221; custom_padding=&#8221;20px|3%|20px|3%|true|true&#8221; border_color_top=&#8221;rgba(0,0,0,0.55)&#8221; border_style_top=&#8221;dotted&#8221; border_color_bottom=&#8221;rgba(0,0,0,0.55)&#8221; border_style_bottom=&#8221;dotted&#8221; box_shadow_style=&#8221;preset2&#8243; global_colors_info=&#8221;{}&#8221;]<\/p>\n<p style=\"text-align: justify;\"><em>&#8220;Over the years and hikes, we have accumulated precious, emotionally strong memories, made of vividly colored landscapes and beautiful human encounters, the ones that touch, move, soothe, and enrich.<\/em><\/p>\n<p style=\"text-align: justify;\"><em>Ephemeral and unforgettable, these moments of life bring people together and unite them&#8230;<\/em><\/p>\n<p style=\"text-align: justify;\"><em>We want to offer small regenerating breaks in the <strong>OSSAU VALLEY.<\/strong><\/em><\/p>\n<p style=\"text-align: justify;\"><em>For 30 years, we have experienced these small pleasures and great emotions while traversing the hiking trails.<\/em><\/p>\n<p style=\"text-align: justify;\"><em>From our itinerant journeys, we keep the memory of warm, convivial welcomes that restore and rejuvenate after a day of effort and fatigue. Today, we want to offer this comfort to the guests of <strong> the Couvent d\u2019Ossau <\/strong> and facilitate encounters between mountain lovers who practice and respect it.<\/em><\/p>\n<p style=\"text-align: justify;\"><em>We were charmed by this building located in the heart of the charming village of <strong>Louvie-Juzon<\/strong> and nestled against the <strong> Rey mountain<\/strong>, which both invites and challenges us&#8230; We immediately felt the warm welcome of the people of <strong>B\u00e9arn<\/strong>.<\/em><\/p>\n<p style=\"text-align: justify;\"><em>We want to preserve the soul of this place that has welcomed various populations over time.<\/em><\/p>\n<p style=\"text-align: justify;\"><em>From the nuns to the present day, the COUVENT has contributed to the education of young girls, recreational activities for the village children, and welcoming holidaymakers&#8230;<\/em><\/p>\n<p style=\"text-align: justify;\"><em><\/em><\/p>\n<p style=\"text-align: justify;\"><strong><em>Jean-Marc and Myl\u00e8ne<\/em><\/strong><\/p>\n<p>[\/et_pb_text][et_pb_text _builder_version=&#8221;4.16&#8243; _module_preset=&#8221;default&#8221; custom_padding=&#8221;50px|||||&#8221; global_colors_info=&#8221;{}&#8221;]<\/p>\n<p style=\"text-align: justify;\">The Couvent d\u2019Ossau is open all year round to also accommodate specific projects from the associative or business sectors. Study days, seminars, working groups, professional practice analysis, workshops, &#8230;<\/p>\n<h2 style=\"text-align: justify;\">For your comfort<\/h2>\n<p style=\"text-align: justify;\">The reception hall allows you to relieve yourself of backpacks, hiking shoes, poles, rain gear, helmets, jackets, boots, skis, snowshoes&#8230; It secures cyclists&#8217; bikes, who can carry out maintenance and minor repairs on site.<\/p>\n<p style=\"text-align: justify;\">Dedicated spaces allow for the secure storage and centralization of the equipment of &#8220;itinerants&#8221;. To protect everyone from the invasion of bedbugs, we provide individual bins for your personal belongings allowed in the rooms and showers.<\/p>\n<p style=\"text-align: justify;\">Crocs<span style=\"font-weight: 400;\">\u2122<\/span> are also available for those who haven&#8217;t brought indoor shoes.<\/p>\n<p style=\"text-align: justify;\">From this reception hall, the laundry room is at your disposal (\u20ac3 for the washing machine and \u20ac3 for the dryer).<\/p>\n<p>[\/et_pb_text][\/et_pb_column][et_pb_column type=&#8221;2_5&#8243; _builder_version=&#8221;4.16&#8243; _module_preset=&#8221;default&#8221; global_colors_info=&#8221;{}&#8221;][et_pb_image src=&#8221;https:\/\/lecouventdossau.com\/wp-content\/uploads\/2021\/05\/2_accueil_gite_couvent_ossau_balcon.jpg&#8221; alt=&#8221;Stopover g\u00eete Le Couvent d&apos;Ossau in Louvie-Juzon&#8221; title_text=&#8221;2_accueil_gite_couvent_ossau_balcon&#8221; _builder_version=&#8221;4.16&#8243; _module_preset=&#8221;default&#8221; global_colors_info=&#8221;{}&#8221;][\/et_pb_image][et_pb_image src=&#8221;https:\/\/lecouventdossau.com\/wp-content\/uploads\/2021\/05\/gite_ossau_jardin_10.jpg&#8221; title_text=&#8221;gite_ossau_jardin_10&#8243; _builder_version=&#8221;4.16&#8243; _module_preset=&#8221;default&#8221; global_colors_info=&#8221;{}&#8221;][\/et_pb_image][et_pb_image src=&#8221;https:\/\/lecouventdossau.com\/wp-content\/uploads\/2021\/05\/3_accueil_gite_couvent_ossau_petit_dejeuner.jpg&#8221; title_text=&#8221;3_accueil_gite_couvent_ossau_petit_dejeuner&#8221; _builder_version=&#8221;4.16&#8243; _module_preset=&#8221;default&#8221; global_colors_info=&#8221;{}&#8221;][\/et_pb_image][et_pb_image src=&#8221;https:\/\/lecouventdossau.com\/wp-content\/uploads\/2021\/06\/panier_repas_gite_couvent_ossau_taloak.jpg&#8221; title_text=&#8221;panier_repas_gite_couvent_ossau_taloak&#8221; _builder_version=&#8221;4.16&#8243; _module_preset=&#8221;default&#8221; global_colors_info=&#8221;{}&#8221;][\/et_pb_image][\/et_pb_column][\/et_pb_row][et_pb_row _builder_version=&#8221;4.16&#8243; _module_preset=&#8221;default&#8221; global_colors_info=&#8221;{}&#8221;][et_pb_column type=&#8221;4_4&#8243; _builder_version=&#8221;4.16&#8243; _module_preset=&#8221;default&#8221; global_colors_info=&#8221;{}&#8221;][et_pb_gallery gallery_ids=&#8221;728,1058,654,730,1150,662,1156,725,1152,1154,1151,655&#8243; fullwidth=&#8221;on&#8221; _builder_version=&#8221;4.19.2&#8243; _module_preset=&#8221;default&#8221; animation_style=&#8221;fade&#8221; auto=&#8221;on&#8221; hover_enabled=&#8221;0&#8243; global_colors_info=&#8221;{}&#8221; sticky_enabled=&#8221;0&#8243;][\/et_pb_gallery][et_pb_button button_url=&#8221;https:\/\/lecouventdossau.com\/les-chambres\/&#8221; button_text=&#8221;Discover our rooms&#8221; button_alignment=&#8221;center&#8221; _builder_version=&#8221;4.16&#8243; _module_preset=&#8221;default&#8221; global_colors_info=&#8221;{}&#8221;][\/et_pb_button][\/et_pb_column][\/et_pb_row][\/et_pb_section]<\/p>\n","protected":false},"excerpt":{"rendered":"<p>Jean-Marc and Myl\u00e8ne, owners of the stopover g\u00eete Le Couvent d\u2019Ossau, humbly aim to enable, through their welcome and accommodation, the sharing of simple and authentic moments where people meet and appreciate each other around the same small pleasures.&#8221;Over the years and hikes, we have accumulated precious, emotionally strong memories, made of vividly colored landscapes [&hellip;]<\/p>\n","protected":false},"author":1,"featured_media":0,"parent":0,"menu_order":0,"comment_status":"closed","ping_status":"closed","template":"","meta":{"_et_pb_use_builder":"on","_et_pb_old_content":"","_et_gb_content_width":"","footnotes":""},"class_list":["post-1873","page","type-page","status-publish","hentry"],"yoast_head":"<!-- This site is optimized with the Yoast SEO plugin v26.6 - https:\/\/yoast.com\/wordpress\/plugins\/seo\/ -->\n<title>The Couvent d&#039;Ossau - Gite d&#039;\u00e9tape en Vall\u00e9e d&#039;Ossau : le couvent d&#039;Ossau - Louvie Juzon<\/title>\n<meta name=\"robots\" content=\"index, follow, max-snippet:-1, max-image-preview:large, max-video-preview:-1\" \/>\n<link rel=\"canonical\" href=\"https:\/\/lecouventdossau.com\/en\/the-couvent-dossau\/\" \/>\n<meta property=\"og:locale\" content=\"en_US\" \/>\n<meta property=\"og:type\" content=\"article\" \/>\n<meta property=\"og:title\" content=\"The Couvent d&#039;Ossau - Gite d&#039;\u00e9tape en Vall\u00e9e d&#039;Ossau : le couvent d&#039;Ossau - Louvie Juzon\" \/>\n<meta property=\"og:description\" content=\"Jean-Marc and Myl\u00e8ne, owners of the stopover g\u00eete Le Couvent d\u2019Ossau, humbly aim to enable, through their welcome and accommodation, the sharing of simple and authentic moments where people meet and appreciate each other around the same small pleasures.&quot;Over the years and hikes, we have accumulated precious, emotionally strong memories, made of vividly colored landscapes [&hellip;]\" \/>\n<meta property=\"og:url\" content=\"https:\/\/lecouventdossau.com\/en\/the-couvent-dossau\/\" \/>\n<meta property=\"og:site_name\" content=\"le Couvent d&#039;Ossau\" \/>\n<meta property=\"article:publisher\" content=\"https:\/\/www.facebook.com\/Le-Couvent-dOssau-G%c3%aete-d%c3%a9tape-105139881772403\" \/>\n<meta property=\"article:modified_time\" content=\"2024-05-23T16:45:07+00:00\" \/>\n<meta name=\"twitter:card\" content=\"summary_large_image\" \/>\n<meta name=\"twitter:label1\" content=\"Est. reading time\" \/>\n\t<meta name=\"twitter:data1\" content=\"4 minutes\" \/>\n<script type=\"application\/ld+json\" class=\"yoast-schema-graph\">{\"@context\":\"https:\/\/schema.org\",\"@graph\":[{\"@type\":\"WebPage\",\"@id\":\"https:\/\/lecouventdossau.com\/en\/the-couvent-dossau\/\",\"url\":\"https:\/\/lecouventdossau.com\/en\/the-couvent-dossau\/\",\"name\":\"The Couvent d'Ossau - Gite d'\u00e9tape en Vall\u00e9e d'Ossau : le couvent d'Ossau - Louvie Juzon\",\"isPartOf\":{\"@id\":\"https:\/\/lecouventdossau.com\/en\/#website\"},\"datePublished\":\"2021-05-20T14:11:54+00:00\",\"dateModified\":\"2024-05-23T16:45:07+00:00\",\"breadcrumb\":{\"@id\":\"https:\/\/lecouventdossau.com\/en\/the-couvent-dossau\/#breadcrumb\"},\"inLanguage\":\"en-US\",\"potentialAction\":[{\"@type\":\"ReadAction\",\"target\":[\"https:\/\/lecouventdossau.com\/en\/the-couvent-dossau\/\"]}]},{\"@type\":\"BreadcrumbList\",\"@id\":\"https:\/\/lecouventdossau.com\/en\/the-couvent-dossau\/#breadcrumb\",\"itemListElement\":[{\"@type\":\"ListItem\",\"position\":1,\"name\":\"Accueil\",\"item\":\"https:\/\/lecouventdossau.com\/en\/home\/\"},{\"@type\":\"ListItem\",\"position\":2,\"name\":\"The Couvent d&#8217;Ossau\"}]},{\"@type\":\"WebSite\",\"@id\":\"https:\/\/lecouventdossau.com\/en\/#website\",\"url\":\"https:\/\/lecouventdossau.com\/en\/\",\"name\":\"le Couvent d&#039;Ossau\",\"description\":\"Gite d&#039;\u00e9tape\",\"publisher\":{\"@id\":\"https:\/\/lecouventdossau.com\/en\/#organization\"},\"potentialAction\":[{\"@type\":\"SearchAction\",\"target\":{\"@type\":\"EntryPoint\",\"urlTemplate\":\"https:\/\/lecouventdossau.com\/en\/?s={search_term_string}\"},\"query-input\":{\"@type\":\"PropertyValueSpecification\",\"valueRequired\":true,\"valueName\":\"search_term_string\"}}],\"inLanguage\":\"en-US\"},{\"@type\":\"Organization\",\"@id\":\"https:\/\/lecouventdossau.com\/en\/#organization\",\"name\":\"le couvent d'Ossau\",\"url\":\"https:\/\/lecouventdossau.com\/en\/\",\"logo\":{\"@type\":\"ImageObject\",\"inLanguage\":\"en-US\",\"@id\":\"https:\/\/lecouventdossau.com\/en\/#\/schema\/logo\/image\/\",\"url\":\"https:\/\/lecouventdossau.com\/wp-content\/uploads\/2021\/06\/LOGO_Gite_ossau_couvent_OK2_size.jpg\",\"contentUrl\":\"https:\/\/lecouventdossau.com\/wp-content\/uploads\/2021\/06\/LOGO_Gite_ossau_couvent_OK2_size.jpg\",\"width\":1870,\"height\":360,\"caption\":\"le couvent d'Ossau\"},\"image\":{\"@id\":\"https:\/\/lecouventdossau.com\/en\/#\/schema\/logo\/image\/\"},\"sameAs\":[\"https:\/\/www.facebook.com\/Le-Couvent-dOssau-G\u00eete-d\u00e9tape-105139881772403\",\"https:\/\/instagram.com\/lecouventdossau\"]}]}<\/script>\n<!-- \/ Yoast SEO plugin. -->","yoast_head_json":{"title":"The Couvent d'Ossau - Gite d'\u00e9tape en Vall\u00e9e d'Ossau : le couvent d'Ossau - Louvie Juzon","robots":{"index":"index","follow":"follow","max-snippet":"max-snippet:-1","max-image-preview":"max-image-preview:large","max-video-preview":"max-video-preview:-1"},"canonical":"https:\/\/lecouventdossau.com\/en\/the-couvent-dossau\/","og_locale":"en_US","og_type":"article","og_title":"The Couvent d'Ossau - Gite d'\u00e9tape en Vall\u00e9e d'Ossau : le couvent d'Ossau - Louvie Juzon","og_description":"Jean-Marc and Myl\u00e8ne, owners of the stopover g\u00eete Le Couvent d\u2019Ossau, humbly aim to enable, through their welcome and accommodation, the sharing of simple and authentic moments where people meet and appreciate each other around the same small pleasures.\"Over the years and hikes, we have accumulated precious, emotionally strong memories, made of vividly colored landscapes [&hellip;]","og_url":"https:\/\/lecouventdossau.com\/en\/the-couvent-dossau\/","og_site_name":"le Couvent d&#039;Ossau","article_publisher":"https:\/\/www.facebook.com\/Le-Couvent-dOssau-G%c3%aete-d%c3%a9tape-105139881772403","article_modified_time":"2024-05-23T16:45:07+00:00","twitter_card":"summary_large_image","twitter_misc":{"Est. reading time":"4 minutes"},"schema":{"@context":"https:\/\/schema.org","@graph":[{"@type":"WebPage","@id":"https:\/\/lecouventdossau.com\/en\/the-couvent-dossau\/","url":"https:\/\/lecouventdossau.com\/en\/the-couvent-dossau\/","name":"The Couvent d'Ossau - Gite d'\u00e9tape en Vall\u00e9e d'Ossau : le couvent d'Ossau - Louvie Juzon","isPartOf":{"@id":"https:\/\/lecouventdossau.com\/en\/#website"},"datePublished":"2021-05-20T14:11:54+00:00","dateModified":"2024-05-23T16:45:07+00:00","breadcrumb":{"@id":"https:\/\/lecouventdossau.com\/en\/the-couvent-dossau\/#breadcrumb"},"inLanguage":"en-US","potentialAction":[{"@type":"ReadAction","target":["https:\/\/lecouventdossau.com\/en\/the-couvent-dossau\/"]}]},{"@type":"BreadcrumbList","@id":"https:\/\/lecouventdossau.com\/en\/the-couvent-dossau\/#breadcrumb","itemListElement":[{"@type":"ListItem","position":1,"name":"Accueil","item":"https:\/\/lecouventdossau.com\/en\/home\/"},{"@type":"ListItem","position":2,"name":"The Couvent d&#8217;Ossau"}]},{"@type":"WebSite","@id":"https:\/\/lecouventdossau.com\/en\/#website","url":"https:\/\/lecouventdossau.com\/en\/","name":"le Couvent d&#039;Ossau","description":"Gite d&#039;\u00e9tape","publisher":{"@id":"https:\/\/lecouventdossau.com\/en\/#organization"},"potentialAction":[{"@type":"SearchAction","target":{"@type":"EntryPoint","urlTemplate":"https:\/\/lecouventdossau.com\/en\/?s={search_term_string}"},"query-input":{"@type":"PropertyValueSpecification","valueRequired":true,"valueName":"search_term_string"}}],"inLanguage":"en-US"},{"@type":"Organization","@id":"https:\/\/lecouventdossau.com\/en\/#organization","name":"le couvent d'Ossau","url":"https:\/\/lecouventdossau.com\/en\/","logo":{"@type":"ImageObject","inLanguage":"en-US","@id":"https:\/\/lecouventdossau.com\/en\/#\/schema\/logo\/image\/","url":"https:\/\/lecouventdossau.com\/wp-content\/uploads\/2021\/06\/LOGO_Gite_ossau_couvent_OK2_size.jpg","contentUrl":"https:\/\/lecouventdossau.com\/wp-content\/uploads\/2021\/06\/LOGO_Gite_ossau_couvent_OK2_size.jpg","width":1870,"height":360,"caption":"le couvent d'Ossau"},"image":{"@id":"https:\/\/lecouventdossau.com\/en\/#\/schema\/logo\/image\/"},"sameAs":["https:\/\/www.facebook.com\/Le-Couvent-dOssau-G\u00eete-d\u00e9tape-105139881772403","https:\/\/instagram.com\/lecouventdossau"]}]}},"_links":{"self":[{"href":"https:\/\/lecouventdossau.com\/en\/wp-json\/wp\/v2\/pages\/1873","targetHints":{"allow":["GET"]}}],"collection":[{"href":"https:\/\/lecouventdossau.com\/en\/wp-json\/wp\/v2\/pages"}],"about":[{"href":"https:\/\/lecouventdossau.com\/en\/wp-json\/wp\/v2\/types\/page"}],"author":[{"embeddable":true,"href":"https:\/\/lecouventdossau.com\/en\/wp-json\/wp\/v2\/users\/1"}],"replies":[{"embeddable":true,"href":"https:\/\/lecouventdossau.com\/en\/wp-json\/wp\/v2\/comments?post=1873"}],"version-history":[{"count":2,"href":"https:\/\/lecouventdossau.com\/en\/wp-json\/wp\/v2\/pages\/1873\/revisions"}],"predecessor-version":[{"id":1875,"href":"https:\/\/lecouventdossau.com\/en\/wp-json\/wp\/v2\/pages\/1873\/revisions\/1875"}],"wp:attachment":[{"href":"https:\/\/lecouventdossau.com\/en\/wp-json\/wp\/v2\/media?parent=1873"}],"curies":[{"name":"wp","href":"https:\/\/api.w.org\/{rel}","templated":true}]}}