{"id":1912,"date":"2022-12-02T12:14:35","date_gmt":"2022-12-02T11:14:35","guid":{"rendered":"https:\/\/lecouventdossau.com\/the-steps-of-the-gite\/"},"modified":"2024-05-23T20:53:06","modified_gmt":"2024-05-23T18:53:06","slug":"the-steps-of-the-gite","status":"publish","type":"page","link":"https:\/\/lecouventdossau.com\/en\/the-steps-of-the-gite\/","title":{"rendered":"The Steps of the G\u00eete"},"content":{"rendered":"<p>[et_pb_section fb_built=&#8221;1&#8243; specialty=&#8221;on&#8221; _builder_version=&#8221;4.19.2&#8243; _module_preset=&#8221;default&#8221; min_height=&#8221;282.6px&#8221; custom_padding=&#8221;49px|||||&#8221; global_colors_info=&#8221;{}&#8221;][et_pb_column type=&#8221;1_3&#8243; _builder_version=&#8221;4.16&#8243; custom_padding=&#8221;|||&#8221; global_colors_info=&#8221;{}&#8221; custom_padding__hover=&#8221;|||&#8221;][et_pb_image src=&#8221;https:\/\/lecouventdossau.com\/wp-content\/uploads\/2022\/12\/portrait_mylene_RVB_150dpi_50pc.jpg&#8221; title_text=&#8221;portrait_mylene_RVB_150dpi_50pc&#8221; _builder_version=&#8221;4.19.2&#8243; _module_preset=&#8221;default&#8221; width=&#8221;73.4%&#8221; custom_margin=&#8221;||7px|||&#8221; custom_padding=&#8221;|36px||||&#8221; global_colors_info=&#8221;{}&#8221;][\/et_pb_image][et_pb_text _builder_version=&#8221;4.19.2&#8243; _module_preset=&#8221;default&#8221; custom_margin=&#8221;|77px||||&#8221; custom_padding=&#8221;|49px||||&#8221; global_colors_info=&#8221;{}&#8221;]<\/p>\n<h4 style=\"text-align: left;\"><em><strong>What are<\/strong><\/em> <em><strong>Les Etapes du G\u00eete<\/strong><\/em>?<\/h4>\n<p>[\/et_pb_text][\/et_pb_column][et_pb_column type=&#8221;2_3&#8243; specialty_columns=&#8221;2&#8243; _builder_version=&#8221;4.16&#8243; custom_padding=&#8221;|||&#8221; global_colors_info=&#8221;{}&#8221; custom_padding__hover=&#8221;|||&#8221;][et_pb_row_inner _builder_version=&#8221;4.19.2&#8243; _module_preset=&#8221;default&#8221; custom_margin=&#8221;|61px||||&#8221; global_colors_info=&#8221;{}&#8221;][et_pb_column_inner saved_specialty_column_type=&#8221;2_3&#8243; _builder_version=&#8221;4.19.2&#8243; _module_preset=&#8221;default&#8221; global_colors_info=&#8221;{}&#8221;][et_pb_image src=&#8221;https:\/\/lecouventdossau.com\/wp-content\/uploads\/2022\/12\/AdobeStock_465108205_dessin_groupe_RVB_150dpi.jpg&#8221; title_text=&#8221;AdobeStock_465108205_dessin_groupe_RVB&#8221; _builder_version=&#8221;4.19.2&#8243; _module_preset=&#8221;default&#8221; custom_margin=&#8221;|-67px||-16px||&#8221; global_colors_info=&#8221;{}&#8221;][\/et_pb_image][\/et_pb_column_inner][\/et_pb_row_inner][et_pb_row_inner _builder_version=&#8221;4.19.2&#8243; _module_preset=&#8221;default&#8221; global_colors_info=&#8221;{}&#8221;][et_pb_column_inner saved_specialty_column_type=&#8221;2_3&#8243; _builder_version=&#8221;4.19.2&#8243; _module_preset=&#8221;default&#8221; global_colors_info=&#8221;{}&#8221;][et_pb_text _builder_version=&#8221;4.19.2&#8243; _module_preset=&#8221;default&#8221; width=&#8221;100%&#8221; global_colors_info=&#8221;{}&#8221;]In a green setting in the Ossau Valley within the G\u00eete &#8220;le Couvent d&#8217;Ossau&#8221;, a seminar room for meetings &#8211; training, courses and workshops is offered to you. It is aimed at businesses, associations, Clubs and Communities. This place is also suitable for artistic, sporting, cultural, well-being and educational activities. [\/et_pb_text][\/et_pb_column_inner][\/et_pb_row_inner][\/et_pb_column][\/et_pb_section][et_pb_section fb_built=&#8221;1&#8243; _builder_version=&#8221;4.19.2&#8243; _module_preset=&#8221;default&#8221; min_height=&#8221;146.4px&#8221; custom_margin=&#8221;-2px|||||&#8221; custom_padding=&#8221;0px||6px|||&#8221; global_colors_info=&#8221;{}&#8221;][et_pb_row _builder_version=&#8221;4.19.2&#8243; _module_preset=&#8221;default&#8221; min_height=&#8221;311.2px&#8221; custom_margin=&#8221;|auto|-134px|auto||&#8221; custom_padding=&#8221;|||0px||&#8221; global_colors_info=&#8221;{}&#8221;][et_pb_column type=&#8221;4_4&#8243; _builder_version=&#8221;4.19.2&#8243; _module_preset=&#8221;default&#8221; global_colors_info=&#8221;{}&#8221;][et_pb_image src=&#8221;https:\/\/lecouventdossau.com\/wp-content\/uploads\/2022\/12\/salle_table_ecran_blanc_RVB_150dpi.jpg&#8221; title_text=&#8221;salle_table_ecran_blanc_RVB_150dpi&#8221; _builder_version=&#8221;4.23&#8243; _module_preset=&#8221;default&#8221; border_radii=&#8221;on|1px|1px|1px|1px&#8221; border_color_all=&#8221;#000000&#8243; border_style_all=&#8221;dotted&#8221; global_colors_info=&#8221;{}&#8221;][\/et_pb_image][et_pb_text _builder_version=&#8221;4.23&#8243; _module_preset=&#8221;default&#8221; min_height=&#8221;48.2px&#8221; custom_margin=&#8221;||29px|||&#8221; custom_padding=&#8221;1px|||||&#8221; hover_enabled=&#8221;0&#8243; global_colors_info=&#8221;{}&#8221; sticky_enabled=&#8221;0&#8243; admin_label=&#8221;Texte&#8221;]<\/p>\n<p><strong>Do you want to organize a meeting, a team building trip, training for your employees, collaborators or members?<\/strong> This space is for you.<\/p>\n<p>A 65 m2 room and a 40 m2 room \/ heated \/ connected via WIFI<br \/>\/ Video projector and screen in the large room (65 m2)<br \/>\/ Independent entrance to the g\u00eete, easy to access \/ private bathrooms.<br \/>\/ Ground floor of 90 m2 opening onto the garden<br \/>(space dedicated to workshops)<br \/><span style=\"text-decoration: underline;\"><em>Our reception capacity varies. For more information, contact us.<\/em><\/span><\/p>\n<p>[\/et_pb_text][\/et_pb_column][\/et_pb_row][et_pb_row _builder_version=&#8221;4.19.2&#8243; _module_preset=&#8221;default&#8221; global_colors_info=&#8221;{}&#8221;][et_pb_column type=&#8221;4_4&#8243; _builder_version=&#8221;4.19.2&#8243; _module_preset=&#8221;default&#8221; global_colors_info=&#8221;{}&#8221;][et_pb_image src=&#8221;https:\/\/lecouventdossau.com\/wp-content\/uploads\/2022\/12\/salle2_RVB_150dpi.jpg&#8221; title_text=&#8221;salle2_RVB_150dpi&#8221; _builder_version=&#8221;4.19.2&#8243; _module_preset=&#8221;default&#8221; global_colors_info=&#8221;{}&#8221;][\/et_pb_image][\/et_pb_column][\/et_pb_row][et_pb_row _builder_version=&#8221;4.19.2&#8243; _module_preset=&#8221;default&#8221; global_colors_info=&#8221;{}&#8221;][et_pb_column type=&#8221;4_4&#8243; _builder_version=&#8221;4.19.2&#8243; _module_preset=&#8221;default&#8221; global_colors_info=&#8221;{}&#8221;][et_pb_text _builder_version=&#8221;4.19.2&#8243; _module_preset=&#8221;default&#8221; global_colors_info=&#8221;{}&#8221;]Les <strong>Etapes du G\u00eete<\/strong> is an independent annex to the G\u00eete d\u2019\u00c9tape du Couvent d\u2019Ossau which guarantees calm and confidentiality. It benefits from the <strong>green surroundings<\/strong> of the G\u00eete. Its operation is independent, self-managed or associated with the services of the stopover g\u00eete. These are hand-sewn steps for you. <strong>Reception, logistics and space layout are organized according to your needs<\/strong>. Everything is done so that these stages \u201cbring you together and resemble you\u201d. <strong>These stages are also dedicated to specific audiences, with disabilities, covered by the ASE,&#8230;<\/strong> <strong><em>Let&#8217;s build outings and activities together in this safe place to experience beautiful emotions.<\/em><\/strong> [\/et_pb_text][\/et_pb_column][\/et_pb_row][et_pb_row _builder_version=&#8221;4.23&#8243; _module_preset=&#8221;default&#8221; global_colors_info=&#8221;{}&#8221;][et_pb_column type=&#8221;4_4&#8243; _builder_version=&#8221;4.23&#8243; _module_preset=&#8221;default&#8221; global_colors_info=&#8221;{}&#8221;][et_pb_image src=&#8221;https:\/\/lecouventdossau.com\/wp-content\/uploads\/2023\/12\/salle_40m2_etapes_gite_couvent_ossau_louvie-juzon.jpg&#8221; title_text=&#8221;salle_40m2_etapes_gite_couvent_ossau_louvie-juzon&#8221; _builder_version=&#8221;4.23&#8243; _module_preset=&#8221;default&#8221; global_colors_info=&#8221;{}&#8221;][\/et_pb_image][\/et_pb_column][\/et_pb_row][et_pb_row _builder_version=&#8221;4.19.2&#8243; _module_preset=&#8221;default&#8221; global_colors_info=&#8221;{}&#8221;][et_pb_column type=&#8221;4_4&#8243; _builder_version=&#8221;4.19.2&#8243; _module_preset=&#8221;default&#8221; global_colors_info=&#8221;{}&#8221;][et_pb_image src=&#8221;https:\/\/lecouventdossau.com\/wp-content\/uploads\/2022\/12\/exterieur_facade_verdure_RVB_150dpi.jpg&#8221; title_text=&#8221;exterieur_facade_verdure_RVB_150dpi&#8221; _builder_version=&#8221;4.19.2&#8243; _module_preset=&#8221;default&#8221; custom_margin=&#8221;||34px|||&#8221; animation_style=&#8221;fade&#8221; global_colors_info=&#8221;{}&#8221;][\/et_pb_image][\/et_pb_column][\/et_pb_row][et_pb_row _builder_version=&#8221;4.19.2&#8243; _module_preset=&#8221;default&#8221; global_colors_info=&#8221;{}&#8221;][et_pb_column type=&#8221;4_4&#8243; _builder_version=&#8221;4.19.2&#8243; _module_preset=&#8221;default&#8221; global_colors_info=&#8221;{}&#8221;][et_pb_text _builder_version=&#8221;4.19.2&#8243; _module_preset=&#8221;default&#8221; global_colors_info=&#8221;{}&#8221;]You are a business manager, manager, director of an establishment, responsible for a club, here are our proposals: &#8211; <strong>Simple rental of the room and\/or workshop<\/strong> &#8211; <strong>Rental of the room and\/or workshop<\/strong> + <strong>meals<\/strong> (at the g\u00eete or on the terrace) &#8211; <strong>Rental of the room and\/or workshop<\/strong> <strong>+ mountain activities in the exceptional setting of the Ossau Valley<\/strong> (Ziplining, Rafting, Canyoning, Caving, Snowshoeing, Hiking&#8230;) <em><strong>Option<\/strong><\/em>: Snack, Accommodation and Catering<\/p>\n<h4><span style=\"text-decoration: underline;\"><em>\u201cCome together to work, have fun to get to know each other better\u201d<\/em><\/span><\/h4>\n<p><strong>Prices Room rental:<\/strong> day: \u20ac90 | 1\/2 day \u20ac50 During heated periods, allow +\u20ac15 per day or +\u20ac10 per 1\/2 day [\/et_pb_text][\/et_pb_column][\/et_pb_row][et_pb_row column_structure=&#8221;1_2,1_2&#8243; _builder_version=&#8221;4.19.2&#8243; _module_preset=&#8221;default&#8221; global_colors_info=&#8221;{}&#8221;][et_pb_column type=&#8221;1_2&#8243; _builder_version=&#8221;4.19.2&#8243; _module_preset=&#8221;default&#8221; global_colors_info=&#8221;{}&#8221;][et_pb_image src=&#8221;https:\/\/lecouventdossau.com\/wp-content\/uploads\/2022\/12\/salle_table_RVB_150dpi.jpg&#8221; title_text=&#8221;salle_table_RVB_150dpi&#8221; _builder_version=&#8221;4.19.2&#8243; _module_preset=&#8221;default&#8221; animation_style=&#8221;fade&#8221; global_colors_info=&#8221;{}&#8221;][\/et_pb_image][et_pb_text _builder_version=&#8221;4.19.2&#8243; _module_preset=&#8221;default&#8221; global_colors_info=&#8221;{}&#8221;]<em>Overview of the seminar room<\/em> [\/et_pb_text][\/et_pb_column][et_pb_column type=&#8221;1_2&#8243; _builder_version=&#8221;4.19.2&#8243; _module_preset=&#8221;default&#8221; global_colors_info=&#8221;{}&#8221;][et_pb_image src=&#8221;https:\/\/lecouventdossau.com\/wp-content\/uploads\/2022\/12\/gite_demi_pension_RVB_150dpi.jpg&#8221; title_text=&#8221;gite_demi_pension_RVB_150dpi&#8221; _builder_version=&#8221;4.19.2&#8243; _module_preset=&#8221;default&#8221; animation_style=&#8221;fade&#8221; global_colors_info=&#8221;{}&#8221;][\/et_pb_image][et_pb_text _builder_version=&#8221;4.19.2&#8243; _module_preset=&#8221;default&#8221; global_colors_info=&#8221;{}&#8221;]<em>Half-board dining room<\/em> [\/et_pb_text][\/et_pb_column][\/et_pb_row][\/et_pb_section][et_pb_section fb_built=&#8221;1&#8243; _builder_version=&#8221;4.23&#8243; _module_preset=&#8221;default&#8221; custom_padding=&#8221;2px|||||&#8221; global_colors_info=&#8221;{}&#8221; admin_label=&#8221;Section&#8221;][et_pb_row _builder_version=&#8221;4.23&#8243; _module_preset=&#8221;default&#8221; global_colors_info=&#8221;{}&#8221; admin_label=&#8221;Line&#8221;][et_pb_column type=&#8221;4_4&#8243; _builder_version=&#8221;4.19.2&#8243; _module_preset=&#8221;default&#8221; global_colors_info=&#8221;{}&#8221;][et_pb_text _builder_version=&#8221;4.23&#8243; _module_preset=&#8221;default&#8221; hover_enabled=&#8221;0&#8243; global_colors_info=&#8221;{}&#8221; admin_label=&#8221;Texte&#8221; sticky_enabled=&#8221;0&#8243;]<\/p>\n<p><strong>Social, medico-social, care and teaching professionals can benefit from specific and personalized support, thanks to the services of <a href=\"https:\/\/lecouventdossau.com\/wp-content\/uploads\/2022\/12\/Flyer_10x20_Mylene_2022_recto_verso.jpg\">Myl\u00e8ne Bonafous.<\/a><\/strong> <strong>Phone : 06.82.18.75.55<\/strong> <strong>E-mail : <a href=\"mailto:mylene.bonafous@gmail.com\" target=\"_blank\" rel=\"noopener\">mylene.bonafous@gmail.com<\/a><\/strong><\/p>\n<p>[\/et_pb_text][\/et_pb_column][\/et_pb_row][\/et_pb_section]<\/p>\n","protected":false},"excerpt":{"rendered":"<p>What are Les Etapes du G\u00eete? In a green setting in the Ossau Valley within the G\u00eete &#8220;le Couvent d&#8217;Ossau&#8221;, a seminar room for meetings &#8211; training, courses and workshops is offered to you. It is aimed at businesses, associations, Clubs and Communities. This place is also suitable for artistic, sporting, cultural, well-being and educational [&hellip;]<\/p>\n","protected":false},"author":2,"featured_media":0,"parent":0,"menu_order":0,"comment_status":"closed","ping_status":"closed","template":"","meta":{"_et_pb_use_builder":"on","_et_pb_old_content":"","_et_gb_content_width":"","footnotes":""},"class_list":["post-1912","page","type-page","status-publish","hentry"],"yoast_head":"<!-- This site is optimized with the Yoast SEO plugin v26.6 - https:\/\/yoast.com\/wordpress\/plugins\/seo\/ -->\n<title>The Steps of the G\u00eete - Gite d&#039;\u00e9tape en Vall\u00e9e d&#039;Ossau : le couvent d&#039;Ossau - Louvie Juzon<\/title>\n<meta name=\"robots\" content=\"index, follow, max-snippet:-1, max-image-preview:large, max-video-preview:-1\" \/>\n<link rel=\"canonical\" href=\"https:\/\/lecouventdossau.com\/en\/the-steps-of-the-gite\/\" \/>\n<meta property=\"og:locale\" content=\"en_US\" \/>\n<meta property=\"og:type\" content=\"article\" \/>\n<meta property=\"og:title\" content=\"The Steps of the G\u00eete - Gite d&#039;\u00e9tape en Vall\u00e9e d&#039;Ossau : le couvent d&#039;Ossau - Louvie Juzon\" \/>\n<meta property=\"og:description\" content=\"What are Les Etapes du G\u00eete? In a green setting in the Ossau Valley within the G\u00eete &quot;le Couvent d&#039;Ossau&quot;, a seminar room for meetings - training, courses and workshops is offered to you. It is aimed at businesses, associations, Clubs and Communities. This place is also suitable for artistic, sporting, cultural, well-being and educational [&hellip;]\" \/>\n<meta property=\"og:url\" content=\"https:\/\/lecouventdossau.com\/en\/the-steps-of-the-gite\/\" \/>\n<meta property=\"og:site_name\" content=\"le Couvent d&#039;Ossau\" \/>\n<meta property=\"article:publisher\" content=\"https:\/\/www.facebook.com\/Le-Couvent-dOssau-G%c3%aete-d%c3%a9tape-105139881772403\" \/>\n<meta property=\"article:modified_time\" content=\"2024-05-23T18:53:06+00:00\" \/>\n<meta name=\"twitter:card\" content=\"summary_large_image\" \/>\n<meta name=\"twitter:label1\" content=\"Est. reading time\" \/>\n\t<meta name=\"twitter:data1\" content=\"6 minutes\" \/>\n<script type=\"application\/ld+json\" class=\"yoast-schema-graph\">{\"@context\":\"https:\/\/schema.org\",\"@graph\":[{\"@type\":\"WebPage\",\"@id\":\"https:\/\/lecouventdossau.com\/en\/the-steps-of-the-gite\/\",\"url\":\"https:\/\/lecouventdossau.com\/en\/the-steps-of-the-gite\/\",\"name\":\"The Steps of the G\u00eete - Gite d'\u00e9tape en Vall\u00e9e d'Ossau : le couvent d'Ossau - Louvie Juzon\",\"isPartOf\":{\"@id\":\"https:\/\/lecouventdossau.com\/en\/#website\"},\"datePublished\":\"2022-12-02T11:14:35+00:00\",\"dateModified\":\"2024-05-23T18:53:06+00:00\",\"breadcrumb\":{\"@id\":\"https:\/\/lecouventdossau.com\/en\/the-steps-of-the-gite\/#breadcrumb\"},\"inLanguage\":\"en-US\",\"potentialAction\":[{\"@type\":\"ReadAction\",\"target\":[\"https:\/\/lecouventdossau.com\/en\/the-steps-of-the-gite\/\"]}]},{\"@type\":\"BreadcrumbList\",\"@id\":\"https:\/\/lecouventdossau.com\/en\/the-steps-of-the-gite\/#breadcrumb\",\"itemListElement\":[{\"@type\":\"ListItem\",\"position\":1,\"name\":\"Accueil\",\"item\":\"https:\/\/lecouventdossau.com\/en\/home\/\"},{\"@type\":\"ListItem\",\"position\":2,\"name\":\"The Steps of the G\u00eete\"}]},{\"@type\":\"WebSite\",\"@id\":\"https:\/\/lecouventdossau.com\/en\/#website\",\"url\":\"https:\/\/lecouventdossau.com\/en\/\",\"name\":\"le Couvent d&#039;Ossau\",\"description\":\"Gite d&#039;\u00e9tape\",\"publisher\":{\"@id\":\"https:\/\/lecouventdossau.com\/en\/#organization\"},\"potentialAction\":[{\"@type\":\"SearchAction\",\"target\":{\"@type\":\"EntryPoint\",\"urlTemplate\":\"https:\/\/lecouventdossau.com\/en\/?s={search_term_string}\"},\"query-input\":{\"@type\":\"PropertyValueSpecification\",\"valueRequired\":true,\"valueName\":\"search_term_string\"}}],\"inLanguage\":\"en-US\"},{\"@type\":\"Organization\",\"@id\":\"https:\/\/lecouventdossau.com\/en\/#organization\",\"name\":\"le couvent d'Ossau\",\"url\":\"https:\/\/lecouventdossau.com\/en\/\",\"logo\":{\"@type\":\"ImageObject\",\"inLanguage\":\"en-US\",\"@id\":\"https:\/\/lecouventdossau.com\/en\/#\/schema\/logo\/image\/\",\"url\":\"https:\/\/lecouventdossau.com\/wp-content\/uploads\/2021\/06\/LOGO_Gite_ossau_couvent_OK2_size.jpg\",\"contentUrl\":\"https:\/\/lecouventdossau.com\/wp-content\/uploads\/2021\/06\/LOGO_Gite_ossau_couvent_OK2_size.jpg\",\"width\":1870,\"height\":360,\"caption\":\"le couvent d'Ossau\"},\"image\":{\"@id\":\"https:\/\/lecouventdossau.com\/en\/#\/schema\/logo\/image\/\"},\"sameAs\":[\"https:\/\/www.facebook.com\/Le-Couvent-dOssau-G\u00eete-d\u00e9tape-105139881772403\",\"https:\/\/instagram.com\/lecouventdossau\"]}]}<\/script>\n<!-- \/ Yoast SEO plugin. -->","yoast_head_json":{"title":"The Steps of the G\u00eete - Gite d'\u00e9tape en Vall\u00e9e d'Ossau : le couvent d'Ossau - Louvie Juzon","robots":{"index":"index","follow":"follow","max-snippet":"max-snippet:-1","max-image-preview":"max-image-preview:large","max-video-preview":"max-video-preview:-1"},"canonical":"https:\/\/lecouventdossau.com\/en\/the-steps-of-the-gite\/","og_locale":"en_US","og_type":"article","og_title":"The Steps of the G\u00eete - Gite d'\u00e9tape en Vall\u00e9e d'Ossau : le couvent d'Ossau - Louvie Juzon","og_description":"What are Les Etapes du G\u00eete? In a green setting in the Ossau Valley within the G\u00eete \"le Couvent d'Ossau\", a seminar room for meetings - training, courses and workshops is offered to you. It is aimed at businesses, associations, Clubs and Communities. This place is also suitable for artistic, sporting, cultural, well-being and educational [&hellip;]","og_url":"https:\/\/lecouventdossau.com\/en\/the-steps-of-the-gite\/","og_site_name":"le Couvent d&#039;Ossau","article_publisher":"https:\/\/www.facebook.com\/Le-Couvent-dOssau-G%c3%aete-d%c3%a9tape-105139881772403","article_modified_time":"2024-05-23T18:53:06+00:00","twitter_card":"summary_large_image","twitter_misc":{"Est. reading time":"6 minutes"},"schema":{"@context":"https:\/\/schema.org","@graph":[{"@type":"WebPage","@id":"https:\/\/lecouventdossau.com\/en\/the-steps-of-the-gite\/","url":"https:\/\/lecouventdossau.com\/en\/the-steps-of-the-gite\/","name":"The Steps of the G\u00eete - Gite d'\u00e9tape en Vall\u00e9e d'Ossau : le couvent d'Ossau - Louvie Juzon","isPartOf":{"@id":"https:\/\/lecouventdossau.com\/en\/#website"},"datePublished":"2022-12-02T11:14:35+00:00","dateModified":"2024-05-23T18:53:06+00:00","breadcrumb":{"@id":"https:\/\/lecouventdossau.com\/en\/the-steps-of-the-gite\/#breadcrumb"},"inLanguage":"en-US","potentialAction":[{"@type":"ReadAction","target":["https:\/\/lecouventdossau.com\/en\/the-steps-of-the-gite\/"]}]},{"@type":"BreadcrumbList","@id":"https:\/\/lecouventdossau.com\/en\/the-steps-of-the-gite\/#breadcrumb","itemListElement":[{"@type":"ListItem","position":1,"name":"Accueil","item":"https:\/\/lecouventdossau.com\/en\/home\/"},{"@type":"ListItem","position":2,"name":"The Steps of the G\u00eete"}]},{"@type":"WebSite","@id":"https:\/\/lecouventdossau.com\/en\/#website","url":"https:\/\/lecouventdossau.com\/en\/","name":"le Couvent d&#039;Ossau","description":"Gite d&#039;\u00e9tape","publisher":{"@id":"https:\/\/lecouventdossau.com\/en\/#organization"},"potentialAction":[{"@type":"SearchAction","target":{"@type":"EntryPoint","urlTemplate":"https:\/\/lecouventdossau.com\/en\/?s={search_term_string}"},"query-input":{"@type":"PropertyValueSpecification","valueRequired":true,"valueName":"search_term_string"}}],"inLanguage":"en-US"},{"@type":"Organization","@id":"https:\/\/lecouventdossau.com\/en\/#organization","name":"le couvent d'Ossau","url":"https:\/\/lecouventdossau.com\/en\/","logo":{"@type":"ImageObject","inLanguage":"en-US","@id":"https:\/\/lecouventdossau.com\/en\/#\/schema\/logo\/image\/","url":"https:\/\/lecouventdossau.com\/wp-content\/uploads\/2021\/06\/LOGO_Gite_ossau_couvent_OK2_size.jpg","contentUrl":"https:\/\/lecouventdossau.com\/wp-content\/uploads\/2021\/06\/LOGO_Gite_ossau_couvent_OK2_size.jpg","width":1870,"height":360,"caption":"le couvent d'Ossau"},"image":{"@id":"https:\/\/lecouventdossau.com\/en\/#\/schema\/logo\/image\/"},"sameAs":["https:\/\/www.facebook.com\/Le-Couvent-dOssau-G\u00eete-d\u00e9tape-105139881772403","https:\/\/instagram.com\/lecouventdossau"]}]}},"_links":{"self":[{"href":"https:\/\/lecouventdossau.com\/en\/wp-json\/wp\/v2\/pages\/1912","targetHints":{"allow":["GET"]}}],"collection":[{"href":"https:\/\/lecouventdossau.com\/en\/wp-json\/wp\/v2\/pages"}],"about":[{"href":"https:\/\/lecouventdossau.com\/en\/wp-json\/wp\/v2\/types\/page"}],"author":[{"embeddable":true,"href":"https:\/\/lecouventdossau.com\/en\/wp-json\/wp\/v2\/users\/2"}],"replies":[{"embeddable":true,"href":"https:\/\/lecouventdossau.com\/en\/wp-json\/wp\/v2\/comments?post=1912"}],"version-history":[{"count":2,"href":"https:\/\/lecouventdossau.com\/en\/wp-json\/wp\/v2\/pages\/1912\/revisions"}],"predecessor-version":[{"id":1914,"href":"https:\/\/lecouventdossau.com\/en\/wp-json\/wp\/v2\/pages\/1912\/revisions\/1914"}],"wp:attachment":[{"href":"https:\/\/lecouventdossau.com\/en\/wp-json\/wp\/v2\/media?parent=1912"}],"curies":[{"name":"wp","href":"https:\/\/api.w.org\/{rel}","templated":true}]}}