{"id":1876,"date":"2021-05-20T16:11:54","date_gmt":"2021-05-20T14:11:54","guid":{"rendered":"https:\/\/lecouventdossau.com\/le-couvent-dossau\/"},"modified":"2024-05-23T18:50:33","modified_gmt":"2024-05-23T16:50:33","slug":"le-couvent-dossau","status":"publish","type":"page","link":"https:\/\/lecouventdossau.com\/es\/le-couvent-dossau\/","title":{"rendered":"Le Couvent d&#8217;Ossau"},"content":{"rendered":"<p>[et_pb_section fb_built=\u00bb1&#8243; _builder_version=\u00bb4.16&#8243; _module_preset=\u00bbdefault\u00bb background_color=\u00bb#fcf4e9&#8243; custom_padding=\u00bb11px|||||\u00bb global_colors_info=\u00bb{}\u00bb][et_pb_row _builder_version=\u00bb4.16&#8243; _module_preset=\u00bbdefault\u00bb width=\u00bb100%\u00bb max_width=\u00bb100%\u00bb global_colors_info=\u00bb{}\u00bb][et_pb_column type=\u00bb4_4&#8243; _builder_version=\u00bb4.16&#8243; _module_preset=\u00bbdefault\u00bb global_colors_info=\u00bb{}\u00bb][et_pb_post_title meta=\u00bboff\u00bb featured_image=\u00bboff\u00bb _builder_version=\u00bb4.16&#8243; _module_preset=\u00bbdefault\u00bb title_font=\u00bb||||||||\u00bb custom_margin=\u00bb|||5%|false|false\u00bb custom_padding=\u00bb||0px|3%|false|false\u00bb global_colors_info=\u00bb{}\u00bb][\/et_pb_post_title][\/et_pb_column][\/et_pb_row][et_pb_row column_structure=\u00bb3_5,2_5&#8243; use_custom_gutter=\u00bbon\u00bb make_equal=\u00bbon\u00bb _builder_version=\u00bb4.16&#8243; _module_preset=\u00bbdefault\u00bb width=\u00bb100%\u00bb max_width=\u00bb100%\u00bb custom_padding=\u00bb|5%||5%|false|false\u00bb global_colors_info=\u00bb{}\u00bb][et_pb_column type=\u00bb3_5&#8243; _builder_version=\u00bb4.16&#8243; _module_preset=\u00bbdefault\u00bb global_colors_info=\u00bb{}\u00bb][et_pb_text _builder_version=\u00bb4.16&#8243; _module_preset=\u00bbdefault\u00bb custom_margin=\u00bb|5%||5%|false|true\u00bb custom_padding=\u00bb||30px||false|false\u00bb border_color_bottom=\u00bbrgba(0,0,0,0.17)\u00bb border_style_bottom=\u00bbdotted\u00bb global_colors_info=\u00bb{}\u00bb]<\/p>\n<p style=\"text-align: justify;\">Jean-Marc y Myl\u00e8ne, propietarios del albergue de etapa <strong>Le Couvent d\u2019Ossau<\/strong>, aspiran humildemente a permitir, a trav\u00e9s de su acogida y alojamiento, el compartir momentos simples y aut\u00e9nticos donde las personas se encuentran y se aprecian alrededor de los mismos peque\u00f1os placeres.<\/p>\n<p>[\/et_pb_text][et_pb_text _builder_version=\u00bb4.16&#8243; _module_preset=\u00bbdefault\u00bb background_color=\u00bb#FFFFFF\u00bb custom_margin=\u00bb|3%||3%|false|true\u00bb custom_padding=\u00bb20px|3%|20px|3%|true|true\u00bb border_color_top=\u00bbrgba(0,0,0,0.55)\u00bb border_style_top=\u00bbdotted\u00bb border_color_bottom=\u00bbrgba(0,0,0,0.55)\u00bb border_style_bottom=\u00bbdotted\u00bb box_shadow_style=\u00bbpreset2&#8243; global_colors_info=\u00bb{}\u00bb]<\/p>\n<p style=\"text-align: justify;\"><em>\u00abA lo largo de los a\u00f1os y las caminatas, hemos acumulado preciosos recuerdos emocionalmente intensos, hechos de paisajes v\u00edvidos y hermosos encuentros humanos, los que tocan, conmueven, calman y enriquecen.<\/em><\/p>\n<p style=\"text-align: justify;\"><em>Ef\u00edmeros e inolvidables, estos momentos de vida re\u00fanen y unen a las personas&#8230;<\/em><\/p>\n<p style=\"text-align: justify;\"><em>Queremos ofrecer peque\u00f1os par\u00e9ntesis regeneradores en el <strong>VALLE DE OSSAU.<\/strong><\/em><\/p>\n<p style=\"text-align: justify;\"><em>Durante 30 a\u00f1os, hemos vivido estos peque\u00f1os placeres y grandes emociones recorriendo los caminos de senderismo.<\/em><\/p>\n<p style=\"text-align: justify;\"><em>De nuestros viajes itinerantes, guardamos el recuerdo de acogidas c\u00e1lidas y conviviales que restauran y revitalizan despu\u00e9s de un d\u00eda de esfuerzo y fatiga. Hoy, queremos ofrecer este confort a los hu\u00e9spedes del <strong>Couvent d\u2019Ossau<\/strong> y permitir los encuentros entre los amantes de la monta\u00f1a que la practican y respetan.<\/em><\/p>\n<p style=\"text-align: justify;\"><em>Nos cautiv\u00f3 este edificio situado en el coraz\u00f3n del encantador pueblo de <strong>Louvie-Juzon<\/strong> y enclavado en la <strong>monta\u00f1a del Rey<\/strong>, que nos invita y nos desaf\u00eda a la vez&#8230; De inmediato sentimos la acogida c\u00e1lida de la gente del <strong>Bearne<\/strong>.<\/em><\/p>\n<p style=\"text-align: justify;\"><em>Queremos preservar el alma de este lugar que ha acogido a diversas poblaciones a lo largo del tiempo.<\/em><\/p>\n<p style=\"text-align: justify;\"><em>Desde las monjas hasta hoy, el COUVENT ha contribuido a la educaci\u00f3n de las ni\u00f1as, a las actividades recreativas para los ni\u00f1os del pueblo y a la acogida de los veraneantes&#8230; \u00ab<\/em><\/p>\n<p style=\"text-align: justify;\"><em><\/em><\/p>\n<p style=\"text-align: justify;\"><strong><em>Jean-Marc y Myl\u00e8ne<\/em><\/strong><\/p>\n<p>[\/et_pb_text][et_pb_text _builder_version=\u00bb4.16&#8243; _module_preset=\u00bbdefault\u00bb custom_padding=\u00bb50px|||||\u00bb global_colors_info=\u00bb{}\u00bb]<\/p>\n<p style=\"text-align: justify;\">El Couvent d\u2019Ossau est\u00e1 abierto todo el a\u00f1o para tambi\u00e9n atender proyectos espec\u00edficos del \u00e1mbito asociativo o empresarial. Jornadas de estudio, seminarios, grupos de trabajo, an\u00e1lisis de la pr\u00e1ctica profesional, talleres, &#8230;<\/p>\n<h2 style=\"text-align: justify;\">Para su comodidad<\/h2>\n<p style=\"text-align: justify;\">El vest\u00edbulo de recepci\u00f3n permite deshacerse de mochilas, botas de senderismo, bastones, ropa de lluvia, cascos, chaquetas, botas, esqu\u00eds, raquetas de nieve&#8230; Asegura las bicicletas de los ciclistas, quienes pueden realizar el mantenimiento y las peque\u00f1as reparaciones en el lugar.<\/p>\n<p style=\"text-align: justify;\">Espacios dedicados permiten almacenar y centralizar de manera segura el equipo de los \u00abitinerantes\u00bb. Para proteger a todos de la invasi\u00f3n de chinches, ponemos a su disposici\u00f3n contenedores individuales para sus pertenencias personales permitidas en las habitaciones y duchas.<\/p>\n<p style=\"text-align: justify;\">Tambi\u00e9n hay Crocs<span style=\"font-weight: 400;\">\u2122<\/span> disponibles para quienes no hayan tra\u00eddo zapatos de interior.<\/p>\n<p style=\"text-align: justify;\">Desde este vest\u00edbulo de recepci\u00f3n, la lavander\u00eda est\u00e1 a su disposici\u00f3n (3 \u20ac la lavadora y 3 \u20ac la secadora).<\/p>\n<p>[\/et_pb_text][\/et_pb_column][et_pb_column type=\u00bb2_5&#8243; _builder_version=\u00bb4.16&#8243; _module_preset=\u00bbdefault\u00bb global_colors_info=\u00bb{}\u00bb][et_pb_image src=\u00bbhttps:\/\/lecouventdossau.com\/wp-content\/uploads\/2021\/05\/2_accueil_gite_couvent_ossau_balcon.jpg\u00bb alt=\u00bbAlbergue de etapa Le Couvent d&apos;Ossau en Louvie-Juzon\u00bb title_text=\u00bb2_accueil_gite_couvent_ossau_balcon\u00bb _builder_version=\u00bb4.16&#8243; _module_preset=\u00bbdefault\u00bb global_colors_info=\u00bb{}\u00bb][\/et_pb_image][et_pb_image src=\u00bbhttps:\/\/lecouventdossau.com\/wp-content\/uploads\/2021\/05\/gite_ossau_jardin_10.jpg\u00bb title_text=\u00bbgite_ossau_jardin_10&#8243; _builder_version=\u00bb4.16&#8243; _module_preset=\u00bbdefault\u00bb global_colors_info=\u00bb{}\u00bb][\/et_pb_image][et_pb_image src=\u00bbhttps:\/\/lecouventdossau.com\/wp-content\/uploads\/2021\/05\/3_accueil_gite_couvent_ossau_petit_dejeuner.jpg\u00bb title_text=\u00bb3_accueil_gite_couvent_ossau_petit_dejeuner\u00bb _builder_version=\u00bb4.16&#8243; _module_preset=\u00bbdefault\u00bb global_colors_info=\u00bb{}\u00bb][\/et_pb_image][et_pb_image src=\u00bbhttps:\/\/lecouventdossau.com\/wp-content\/uploads\/2021\/06\/panier_repas_gite_couvent_ossau_taloak.jpg\u00bb title_text=\u00bbpanier_repas_gite_couvent_ossau_taloak\u00bb _builder_version=\u00bb4.16&#8243; _module_preset=\u00bbdefault\u00bb global_colors_info=\u00bb{}\u00bb][\/et_pb_image][\/et_pb_column][\/et_pb_row][et_pb_row _builder_version=\u00bb4.16&#8243; _module_preset=\u00bbdefault\u00bb global_colors_info=\u00bb{}\u00bb][et_pb_column type=\u00bb4_4&#8243; _builder_version=\u00bb4.16&#8243; _module_preset=\u00bbdefault\u00bb global_colors_info=\u00bb{}\u00bb][et_pb_gallery gallery_ids=\u00bb728,1058,654,730,1150,662,1156,725,1152,1154,1151,655&#8243; fullwidth=\u00bbon\u00bb _builder_version=\u00bb4.19.2&#8243; _module_preset=\u00bbdefault\u00bb animation_style=\u00bbfade\u00bb auto=\u00bbon\u00bb hover_enabled=\u00bb0&#8243; global_colors_info=\u00bb{}\u00bb sticky_enabled=\u00bb0&#8243;][\/et_pb_gallery][et_pb_button button_url=\u00bbhttps:\/\/lecouventdossau.com\/les-chambres\/\u00bb button_text=\u00bbDescubre nuestras habitaciones\u00bb button_alignment=\u00bbcenter\u00bb _builder_version=\u00bb4.16&#8243; _module_preset=\u00bbdefault\u00bb global_colors_info=\u00bb{}\u00bb][\/et_pb_button][\/et_pb_column][\/et_pb_row][\/et_pb_section]<\/p>\n","protected":false},"excerpt":{"rendered":"<p>Jean-Marc y Myl\u00e8ne, propietarios del albergue de etapa Le Couvent d\u2019Ossau, aspiran humildemente a permitir, a trav\u00e9s de su acogida y alojamiento, el compartir momentos simples y aut\u00e9nticos donde las personas se encuentran y se aprecian alrededor de los mismos peque\u00f1os placeres.\u00bbA lo largo de los a\u00f1os y las caminatas, hemos acumulado preciosos recuerdos emocionalmente [&hellip;]<\/p>\n","protected":false},"author":1,"featured_media":0,"parent":0,"menu_order":0,"comment_status":"closed","ping_status":"closed","template":"","meta":{"_et_pb_use_builder":"on","_et_pb_old_content":"","_et_gb_content_width":"","footnotes":""},"class_list":["post-1876","page","type-page","status-publish","hentry"],"yoast_head":"<!-- This site is optimized with the Yoast SEO plugin v26.6 - https:\/\/yoast.com\/wordpress\/plugins\/seo\/ -->\n<title>Le Couvent d&#039;Ossau - Gite d&#039;\u00e9tape en Vall\u00e9e d&#039;Ossau : le couvent d&#039;Ossau - Louvie Juzon<\/title>\n<meta name=\"robots\" content=\"index, follow, max-snippet:-1, max-image-preview:large, max-video-preview:-1\" \/>\n<link rel=\"canonical\" href=\"https:\/\/lecouventdossau.com\/es\/le-couvent-dossau\/\" \/>\n<meta property=\"og:locale\" content=\"es_ES\" \/>\n<meta property=\"og:type\" content=\"article\" \/>\n<meta property=\"og:title\" content=\"Le Couvent d&#039;Ossau - Gite d&#039;\u00e9tape en Vall\u00e9e d&#039;Ossau : le couvent d&#039;Ossau - Louvie Juzon\" \/>\n<meta property=\"og:description\" content=\"Jean-Marc y Myl\u00e8ne, propietarios del albergue de etapa Le Couvent d\u2019Ossau, aspiran humildemente a permitir, a trav\u00e9s de su acogida y alojamiento, el compartir momentos simples y aut\u00e9nticos donde las personas se encuentran y se aprecian alrededor de los mismos peque\u00f1os placeres.&quot;A lo largo de los a\u00f1os y las caminatas, hemos acumulado preciosos recuerdos emocionalmente [&hellip;]\" \/>\n<meta property=\"og:url\" content=\"https:\/\/lecouventdossau.com\/es\/le-couvent-dossau\/\" \/>\n<meta property=\"og:site_name\" content=\"le Couvent d&#039;Ossau\" \/>\n<meta property=\"article:publisher\" content=\"https:\/\/www.facebook.com\/Le-Couvent-dOssau-G%c3%aete-d%c3%a9tape-105139881772403\" \/>\n<meta property=\"article:modified_time\" content=\"2024-05-23T16:50:33+00:00\" \/>\n<meta name=\"twitter:card\" content=\"summary_large_image\" \/>\n<meta name=\"twitter:label1\" content=\"Tiempo de lectura\" \/>\n\t<meta name=\"twitter:data1\" content=\"5 minutos\" \/>\n<script type=\"application\/ld+json\" class=\"yoast-schema-graph\">{\"@context\":\"https:\/\/schema.org\",\"@graph\":[{\"@type\":\"WebPage\",\"@id\":\"https:\/\/lecouventdossau.com\/es\/le-couvent-dossau\/\",\"url\":\"https:\/\/lecouventdossau.com\/es\/le-couvent-dossau\/\",\"name\":\"Le Couvent d'Ossau - Gite d'\u00e9tape en Vall\u00e9e d'Ossau : le couvent d'Ossau - Louvie Juzon\",\"isPartOf\":{\"@id\":\"https:\/\/lecouventdossau.com\/es\/#website\"},\"datePublished\":\"2021-05-20T14:11:54+00:00\",\"dateModified\":\"2024-05-23T16:50:33+00:00\",\"breadcrumb\":{\"@id\":\"https:\/\/lecouventdossau.com\/es\/le-couvent-dossau\/#breadcrumb\"},\"inLanguage\":\"es\",\"potentialAction\":[{\"@type\":\"ReadAction\",\"target\":[\"https:\/\/lecouventdossau.com\/es\/le-couvent-dossau\/\"]}]},{\"@type\":\"BreadcrumbList\",\"@id\":\"https:\/\/lecouventdossau.com\/es\/le-couvent-dossau\/#breadcrumb\",\"itemListElement\":[{\"@type\":\"ListItem\",\"position\":1,\"name\":\"Accueil\",\"item\":\"https:\/\/lecouventdossau.com\/es\/bienvenida\/\"},{\"@type\":\"ListItem\",\"position\":2,\"name\":\"Le Couvent d&#8217;Ossau\"}]},{\"@type\":\"WebSite\",\"@id\":\"https:\/\/lecouventdossau.com\/es\/#website\",\"url\":\"https:\/\/lecouventdossau.com\/es\/\",\"name\":\"le Couvent d&#039;Ossau\",\"description\":\"Gite d&#039;\u00e9tape\",\"publisher\":{\"@id\":\"https:\/\/lecouventdossau.com\/es\/#organization\"},\"potentialAction\":[{\"@type\":\"SearchAction\",\"target\":{\"@type\":\"EntryPoint\",\"urlTemplate\":\"https:\/\/lecouventdossau.com\/es\/?s={search_term_string}\"},\"query-input\":{\"@type\":\"PropertyValueSpecification\",\"valueRequired\":true,\"valueName\":\"search_term_string\"}}],\"inLanguage\":\"es\"},{\"@type\":\"Organization\",\"@id\":\"https:\/\/lecouventdossau.com\/es\/#organization\",\"name\":\"le couvent d'Ossau\",\"url\":\"https:\/\/lecouventdossau.com\/es\/\",\"logo\":{\"@type\":\"ImageObject\",\"inLanguage\":\"es\",\"@id\":\"https:\/\/lecouventdossau.com\/es\/#\/schema\/logo\/image\/\",\"url\":\"https:\/\/lecouventdossau.com\/wp-content\/uploads\/2021\/06\/LOGO_Gite_ossau_couvent_OK2_size.jpg\",\"contentUrl\":\"https:\/\/lecouventdossau.com\/wp-content\/uploads\/2021\/06\/LOGO_Gite_ossau_couvent_OK2_size.jpg\",\"width\":1870,\"height\":360,\"caption\":\"le couvent d'Ossau\"},\"image\":{\"@id\":\"https:\/\/lecouventdossau.com\/es\/#\/schema\/logo\/image\/\"},\"sameAs\":[\"https:\/\/www.facebook.com\/Le-Couvent-dOssau-G\u00eete-d\u00e9tape-105139881772403\",\"https:\/\/instagram.com\/lecouventdossau\"]}]}<\/script>\n<!-- \/ Yoast SEO plugin. -->","yoast_head_json":{"title":"Le Couvent d'Ossau - Gite d'\u00e9tape en Vall\u00e9e d'Ossau : le couvent d'Ossau - Louvie Juzon","robots":{"index":"index","follow":"follow","max-snippet":"max-snippet:-1","max-image-preview":"max-image-preview:large","max-video-preview":"max-video-preview:-1"},"canonical":"https:\/\/lecouventdossau.com\/es\/le-couvent-dossau\/","og_locale":"es_ES","og_type":"article","og_title":"Le Couvent d'Ossau - Gite d'\u00e9tape en Vall\u00e9e d'Ossau : le couvent d'Ossau - Louvie Juzon","og_description":"Jean-Marc y Myl\u00e8ne, propietarios del albergue de etapa Le Couvent d\u2019Ossau, aspiran humildemente a permitir, a trav\u00e9s de su acogida y alojamiento, el compartir momentos simples y aut\u00e9nticos donde las personas se encuentran y se aprecian alrededor de los mismos peque\u00f1os placeres.\"A lo largo de los a\u00f1os y las caminatas, hemos acumulado preciosos recuerdos emocionalmente [&hellip;]","og_url":"https:\/\/lecouventdossau.com\/es\/le-couvent-dossau\/","og_site_name":"le Couvent d&#039;Ossau","article_publisher":"https:\/\/www.facebook.com\/Le-Couvent-dOssau-G%c3%aete-d%c3%a9tape-105139881772403","article_modified_time":"2024-05-23T16:50:33+00:00","twitter_card":"summary_large_image","twitter_misc":{"Tiempo de lectura":"5 minutos"},"schema":{"@context":"https:\/\/schema.org","@graph":[{"@type":"WebPage","@id":"https:\/\/lecouventdossau.com\/es\/le-couvent-dossau\/","url":"https:\/\/lecouventdossau.com\/es\/le-couvent-dossau\/","name":"Le Couvent d'Ossau - Gite d'\u00e9tape en Vall\u00e9e d'Ossau : le couvent d'Ossau - Louvie Juzon","isPartOf":{"@id":"https:\/\/lecouventdossau.com\/es\/#website"},"datePublished":"2021-05-20T14:11:54+00:00","dateModified":"2024-05-23T16:50:33+00:00","breadcrumb":{"@id":"https:\/\/lecouventdossau.com\/es\/le-couvent-dossau\/#breadcrumb"},"inLanguage":"es","potentialAction":[{"@type":"ReadAction","target":["https:\/\/lecouventdossau.com\/es\/le-couvent-dossau\/"]}]},{"@type":"BreadcrumbList","@id":"https:\/\/lecouventdossau.com\/es\/le-couvent-dossau\/#breadcrumb","itemListElement":[{"@type":"ListItem","position":1,"name":"Accueil","item":"https:\/\/lecouventdossau.com\/es\/bienvenida\/"},{"@type":"ListItem","position":2,"name":"Le Couvent d&#8217;Ossau"}]},{"@type":"WebSite","@id":"https:\/\/lecouventdossau.com\/es\/#website","url":"https:\/\/lecouventdossau.com\/es\/","name":"le Couvent d&#039;Ossau","description":"Gite d&#039;\u00e9tape","publisher":{"@id":"https:\/\/lecouventdossau.com\/es\/#organization"},"potentialAction":[{"@type":"SearchAction","target":{"@type":"EntryPoint","urlTemplate":"https:\/\/lecouventdossau.com\/es\/?s={search_term_string}"},"query-input":{"@type":"PropertyValueSpecification","valueRequired":true,"valueName":"search_term_string"}}],"inLanguage":"es"},{"@type":"Organization","@id":"https:\/\/lecouventdossau.com\/es\/#organization","name":"le couvent d'Ossau","url":"https:\/\/lecouventdossau.com\/es\/","logo":{"@type":"ImageObject","inLanguage":"es","@id":"https:\/\/lecouventdossau.com\/es\/#\/schema\/logo\/image\/","url":"https:\/\/lecouventdossau.com\/wp-content\/uploads\/2021\/06\/LOGO_Gite_ossau_couvent_OK2_size.jpg","contentUrl":"https:\/\/lecouventdossau.com\/wp-content\/uploads\/2021\/06\/LOGO_Gite_ossau_couvent_OK2_size.jpg","width":1870,"height":360,"caption":"le couvent d'Ossau"},"image":{"@id":"https:\/\/lecouventdossau.com\/es\/#\/schema\/logo\/image\/"},"sameAs":["https:\/\/www.facebook.com\/Le-Couvent-dOssau-G\u00eete-d\u00e9tape-105139881772403","https:\/\/instagram.com\/lecouventdossau"]}]}},"_links":{"self":[{"href":"https:\/\/lecouventdossau.com\/es\/wp-json\/wp\/v2\/pages\/1876","targetHints":{"allow":["GET"]}}],"collection":[{"href":"https:\/\/lecouventdossau.com\/es\/wp-json\/wp\/v2\/pages"}],"about":[{"href":"https:\/\/lecouventdossau.com\/es\/wp-json\/wp\/v2\/types\/page"}],"author":[{"embeddable":true,"href":"https:\/\/lecouventdossau.com\/es\/wp-json\/wp\/v2\/users\/1"}],"replies":[{"embeddable":true,"href":"https:\/\/lecouventdossau.com\/es\/wp-json\/wp\/v2\/comments?post=1876"}],"version-history":[{"count":2,"href":"https:\/\/lecouventdossau.com\/es\/wp-json\/wp\/v2\/pages\/1876\/revisions"}],"predecessor-version":[{"id":1878,"href":"https:\/\/lecouventdossau.com\/es\/wp-json\/wp\/v2\/pages\/1876\/revisions\/1878"}],"wp:attachment":[{"href":"https:\/\/lecouventdossau.com\/es\/wp-json\/wp\/v2\/media?parent=1876"}],"curies":[{"name":"wp","href":"https:\/\/api.w.org\/{rel}","templated":true}]}}