{"id":1882,"date":"2021-05-19T18:13:27","date_gmt":"2021-05-19T16:13:27","guid":{"rendered":"https:\/\/lecouventdossau.com\/los-alojamientos\/"},"modified":"2024-05-23T19:27:31","modified_gmt":"2024-05-23T17:27:31","slug":"los-alojamientos","status":"publish","type":"page","link":"https:\/\/lecouventdossau.com\/es\/los-alojamientos\/","title":{"rendered":"Los alojamientos"},"content":{"rendered":"<p>[et_pb_section fb_built=\u00bb1&#8243; admin_label=\u00bbsection-booking\u00bb _builder_version=\u00bb4.16&#8243; _module_preset=\u00bbdefault\u00bb background_color=\u00bb#fcf4e9&#8243; custom_padding=\u00bb1px||50px|||\u00bb global_colors_info=\u00bb{}\u00bb][et_pb_row use_custom_gutter=\u00bbon\u00bb make_equal=\u00bbon\u00bb _builder_version=\u00bb4.16&#8243; _module_preset=\u00bbdefault\u00bb background_color=\u00bbRGBA(0,0,0,0)\u00bb width=\u00bb100%\u00bb max_width=\u00bb100%\u00bb custom_padding=\u00bb|5%||5%|false|true\u00bb global_colors_info=\u00bb{}\u00bb][et_pb_column type=\u00bb4_4&#8243; _builder_version=\u00bb4.16&#8243; _module_preset=\u00bbdefault\u00bb background_color=\u00bbRGBA(0,0,0,0)\u00bb custom_padding=\u00bb||10px||false|false\u00bb global_colors_info=\u00bb{}\u00bb][et_pb_post_title meta=\u00bboff\u00bb featured_image=\u00bboff\u00bb _builder_version=\u00bb4.16&#8243; _module_preset=\u00bbdefault\u00bb global_colors_info=\u00bb{}\u00bb][\/et_pb_post_title][et_pb_text _builder_version=\u00bb4.23&#8243; _module_preset=\u00bbdefault\u00bb global_colors_info=\u00bb{}\u00bb]<\/p>\n<p style=\"text-align: left;\"><span style=\"font-weight: 400;\"><\/span>Ofrecemos noches en habitaciones privadas o en dormitorios compartidos. Las habitaciones se privatizan en cuanto la primera persona las reserva. Disponen de ba\u00f1os privados.<br \/>Los dormitorios son compartidos y disponen de ba\u00f1os compartidos. No dudes en <strong><a href=\"https:\/\/lecouventdossau.com\/contact\/\">contactarnos para cualquier precisi\u00f3n<\/a><\/strong>.<\/p>\n<p style=\"text-align: justify;\"><span style=\"text-decoration: underline;\"><em>Nota<\/em><\/span> <strong>El albergue est\u00e1 cerrado durante el d\u00eda de 10 AM a 4 PM. No puedes quedarte durante este horario.<\/strong><\/p>\n<p style=\"text-align: justify;\"><strong><\/strong><\/p>\n<p style=\"text-align: center;\"><em><strong><span style=\"font-weight: 400;\">Capacidad total del albergue: 15 personas m\u00e1ximo.<\/span><\/strong><\/em><\/p>\n<p>[\/et_pb_text][\/et_pb_column][\/et_pb_row][et_pb_row column_structure=\u00bb1_3,1_3,1_3&#8243; use_custom_gutter=\u00bbon\u00bb _builder_version=\u00bb4.16&#8243; _module_preset=\u00bbdefault\u00bb width=\u00bb100%\u00bb max_width=\u00bb100%\u00bb custom_padding=\u00bb|5%||5%|false|true\u00bb global_colors_info=\u00bb{}\u00bb][et_pb_column type=\u00bb1_3&#8243; _builder_version=\u00bb4.16&#8243; _module_preset=\u00bbdefault\u00bb background_color=\u00bb#FFFFFF\u00bb custom_padding=\u00bb||10px||false|false\u00bb box_shadow_style=\u00bbpreset1&#8243; global_colors_info=\u00bb{}\u00bb][et_pb_image src=\u00bbhttps:\/\/lecouventdossau.com\/wp-content\/uploads\/2021\/10\/Menu_chambre_pic_d_escurets.jpg\u00bb title_text=\u00bbMenu_chambre_pic_d_escurets\u00bb url=\u00bbhttps:\/\/lecouventdossau.com\/chambre-le-pic-descurets\/\u00bb use_overlay=\u00bbon\u00bb hover_overlay_color=\u00bbrgba(255,255,255,0.7)\u00bb hover_icon=\u00bb&#x54;||divi||400&#8243; _builder_version=\u00bb4.16&#8243; _module_preset=\u00bbdefault\u00bb background_color=\u00bb#FFFFFF\u00bb global_colors_info=\u00bb{}\u00bb][\/et_pb_image][et_pb_text _builder_version=\u00bb4.23&#8243; _module_preset=\u00bbdefault\u00bb text_orientation=\u00bbcenter\u00bb module_alignment=\u00bbcenter\u00bb global_colors_info=\u00bb{}\u00bb]<\/p>\n<h2>El Pic d\u2019Escurets<\/h2>\n<p>Dormitorio para un m\u00e1ximo de 2 personas.<\/p>\n<p>22 \u20ac por persona.<\/p>\n<p>[\/et_pb_text][et_pb_button button_url=\u00bbhttps:\/\/lecouventdossau.com\/chambre-le-pic-descurets\/\u00bb button_text=\u00bbVisitar \/ Reservar\u00bb button_alignment=\u00bbcenter\u00bb _builder_version=\u00bb4.16&#8243; _module_preset=\u00bbdefault\u00bb global_colors_info=\u00bb{}\u00bb][\/et_pb_button][\/et_pb_column][et_pb_column type=\u00bb1_3&#8243; _builder_version=\u00bb4.16&#8243; _module_preset=\u00bbdefault\u00bb background_color=\u00bb#FFFFFF\u00bb custom_padding=\u00bb||10px||false|false\u00bb box_shadow_style=\u00bbpreset1&#8243; global_colors_info=\u00bb{}\u00bb][et_pb_image src=\u00bbhttps:\/\/lecouventdossau.com\/wp-content\/uploads\/2021\/10\/menu_chambre_lerey.jpg\u00bb title_text=\u00bbmenu_chambre_lerey\u00bb url=\u00bbhttps:\/\/lecouventdossau.com\/chambre-le-rey\/\u00bb use_overlay=\u00bbon\u00bb hover_overlay_color=\u00bbrgba(255,255,255,0.7)\u00bb hover_icon=\u00bb&#x54;||divi||400&#8243; _builder_version=\u00bb4.16&#8243; _module_preset=\u00bbdefault\u00bb global_colors_info=\u00bb{}\u00bb][\/et_pb_image][et_pb_text _builder_version=\u00bb4.23&#8243; _module_preset=\u00bbdefault\u00bb text_orientation=\u00bbcenter\u00bb module_alignment=\u00bbcenter\u00bb global_colors_info=\u00bb{}\u00bb]<\/p>\n<h2>El Rey<\/h2>\n<p>Dormitorio para un m\u00e1ximo de 3 personas.<\/p>\n<p>22 \u20ac por persona.<\/p>\n<p>[\/et_pb_text][et_pb_button button_url=\u00bbhttps:\/\/lecouventdossau.com\/chambre-le-rey\/\u00bb button_text=\u00bbVisitar \/ Reservar\u00bb button_alignment=\u00bbcenter\u00bb _builder_version=\u00bb4.16&#8243; _module_preset=\u00bbdefault\u00bb global_colors_info=\u00bb{}\u00bb][\/et_pb_button][\/et_pb_column][et_pb_column type=\u00bb1_3&#8243; _builder_version=\u00bb4.16&#8243; _module_preset=\u00bbdefault\u00bb background_color=\u00bb#FFFFFF\u00bb custom_padding=\u00bb||10px||false|false\u00bb box_shadow_style=\u00bbpreset1&#8243; global_colors_info=\u00bb{}\u00bb][et_pb_image src=\u00bbhttps:\/\/lecouventdossau.com\/wp-content\/uploads\/2021\/11\/Chambre_visuel_Marie-Blanque-980x766_291121.jpg\u00bb title_text=\u00bbHabitaci\u00f3n Marie-Blanque\u00bb url=\u00bbhttps:\/\/lecouventdossau.com\/chambre-marie-blanque\/\u00bb use_overlay=\u00bbon\u00bb hover_overlay_color=\u00bbrgba(255,255,255,0.7)\u00bb hover_icon=\u00bb&#x54;||divi||400&#8243; _builder_version=\u00bb4.16&#8243; _module_preset=\u00bbdefault\u00bb global_colors_info=\u00bb{}\u00bb][\/et_pb_image][et_pb_text _builder_version=\u00bb4.23&#8243; _module_preset=\u00bbdefault\u00bb text_orientation=\u00bbcenter\u00bb module_alignment=\u00bbcenter\u00bb global_colors_info=\u00bb{}\u00bb]<\/p>\n<h2>Marie-Blanque<\/h2>\n<p>Dormitorio para un m\u00e1ximo de 5 personas.<\/p>\n<p>25 \u20ac por persona.<\/p>\n<p>[\/et_pb_text][et_pb_button button_url=\u00bbhttps:\/\/lecouventdossau.com\/chambre-marie-blanque\/\u00bb button_text=\u00bbVisitar \/ Reservar\u00bb button_alignment=\u00bbcenter\u00bb _builder_version=\u00bb4.16&#8243; _module_preset=\u00bbdefault\u00bb global_colors_info=\u00bb{}\u00bb][\/et_pb_button][\/et_pb_column][\/et_pb_row][et_pb_row column_structure=\u00bb1_2,1_2&#8243; _builder_version=\u00bb4.16&#8243; _module_preset=\u00bbdefault\u00bb global_colors_info=\u00bb{}\u00bb][et_pb_column type=\u00bb1_2&#8243; _builder_version=\u00bb4.16&#8243; _module_preset=\u00bbdefault\u00bb background_color=\u00bb#FFFFFF\u00bb custom_padding=\u00bb||10px||false|false\u00bb box_shadow_style=\u00bbpreset1&#8243; global_colors_info=\u00bb{}\u00bb][et_pb_image src=\u00bbhttps:\/\/lecouventdossau.com\/wp-content\/uploads\/2021\/10\/photo_menu_chambre_aubisque_couvent_ossau.jpg\u00bb title_text=\u00bbphoto_menu_chambre_aubisque_couvent_ossau\u00bb url=\u00bbhttps:\/\/lecouventdossau.com\/chambre-laubisque\/\u00bb use_overlay=\u00bbon\u00bb hover_overlay_color=\u00bbrgba(255,255,255,0.7)\u00bb hover_icon=\u00bb&#x54;||divi||400&#8243; _builder_version=\u00bb4.16&#8243; _module_preset=\u00bbdefault\u00bb global_colors_info=\u00bb{}\u00bb][\/et_pb_image][et_pb_text _builder_version=\u00bb4.16&#8243; _module_preset=\u00bbdefault\u00bb text_orientation=\u00bbcenter\u00bb global_colors_info=\u00bb{}\u00bb]<\/p>\n<h2>l\u2019Aubisque<\/h2>\n<p>Habitaci\u00f3n para 1 a 4 personas<\/p>\n<p>54 \u20ac Cama doble (+27 \u20ac por persona adicional)<\/p>\n<p>[\/et_pb_text][et_pb_button button_url=\u00bbhttps:\/\/lecouventdossau.com\/chambre-laubisque\/\u00bb button_text=\u00bbVisitar \/ Reservar\u00bb button_alignment=\u00bbcenter\u00bb _builder_version=\u00bb4.16&#8243; _module_preset=\u00bbdefault\u00bb global_colors_info=\u00bb{}\u00bb][\/et_pb_button][\/et_pb_column][et_pb_column type=\u00bb1_2&#8243; _builder_version=\u00bb4.16&#8243; _module_preset=\u00bbdefault\u00bb background_color=\u00bb#FFFFFF\u00bb custom_padding=\u00bb||10px||false|false\u00bb box_shadow_style=\u00bbpreset1&#8243; global_colors_info=\u00bb{}\u00bb][et_pb_image src=\u00bbhttps:\/\/lecouventdossau.com\/wp-content\/uploads\/2021\/05\/Chambre_visuel_Pourtalet.jpg\u00bb title_text=\u00bbHabitaci\u00f3n Escurets\u00bb url=\u00bbhttps:\/\/lecouventdossau.com\/chambre-le-pourtalet\/\u00bb use_overlay=\u00bbon\u00bb hover_overlay_color=\u00bbrgba(255,255,255,0.7)\u00bb hover_icon=\u00bb&#x54;||divi||400&#8243; _builder_version=\u00bb4.16&#8243; _module_preset=\u00bbdefault\u00bb global_colors_info=\u00bb{}\u00bb][\/et_pb_image][et_pb_text _builder_version=\u00bb4.23&#8243; _module_preset=\u00bbdefault\u00bb text_orientation=\u00bbcenter\u00bb module_alignment=\u00bbcenter\u00bb global_colors_info=\u00bb{}\u00bb]<\/p>\n<h2>El Pourtalet<\/h2>\n<p>Habitaci\u00f3n suite parental<\/p>\n<p>54 \u20ac<\/p>\n<p>[\/et_pb_text][et_pb_button button_url=\u00bbhttps:\/\/lecouventdossau.com\/chambre-le-pourtalet\/\u00bb button_text=\u00bbVisitar \/ Reservar\u00bb button_alignment=\u00bbcenter\u00bb _builder_version=\u00bb4.16&#8243; _module_preset=\u00bbdefault\u00bb global_colors_info=\u00bb{}\u00bb][\/et_pb_button][\/et_pb_column][\/et_pb_row][\/et_pb_section][et_pb_section fb_built=\u00bb1&#8243; _builder_version=\u00bb4.16&#8243; _module_preset=\u00bbdefault\u00bb background_color=\u00bb#fcf4e9&#8243; custom_padding=\u00bb1px|||||\u00bb global_colors_info=\u00bb{}\u00bb][et_pb_row column_structure=\u00bb1_2,1_2&#8243; use_custom_gutter=\u00bbon\u00bb make_equal=\u00bbon\u00bb _builder_version=\u00bb4.16&#8243; _module_preset=\u00bbdefault\u00bb width=\u00bb100%\u00bb max_width=\u00bb100%\u00bb custom_padding=\u00bb|5%||5%|false|true\u00bb global_colors_info=\u00bb{}\u00bb][et_pb_column type=\u00bb1_2&#8243; module_class=\u00bbcentrer-verticalement\u00bb _builder_version=\u00bb4.16&#8243; _module_preset=\u00bbdefault\u00bb background_enable_color=\u00bboff\u00bb custom_padding=\u00bb||10px||false|false\u00bb global_colors_info=\u00bb{}\u00bb][et_pb_text _builder_version=\u00bb4.16&#8243; _module_preset=\u00bbdefault\u00bb global_colors_info=\u00bb{}\u00bb]<\/p>\n<h2>Informaci\u00f3n pr\u00e1ctica<\/h2>\n<p>[\/et_pb_text][et_pb_text _builder_version=\u00bb4.16&#8243; _module_preset=\u00bbdefault\u00bb custom_padding=\u00bb||||false|false\u00bb global_colors_info=\u00bb{}\u00bb]<\/p>\n<p style=\"text-align: justify;\">En la planta baja, el ba\u00f1o est\u00e1 disponible para los dormitorios de 2 a 3 personas.<\/p>\n<p style=\"text-align: justify;\">Las habitaciones est\u00e1n equipadas con ropa de cama c\u00f3moda que incluye protectores de colch\u00f3n, s\u00e1banas ajustables y fundas de almohada. Recuerda traer tu saco de dormir o funda de saco de dormir. Posibilidad de alquilar una s\u00e1bana plana por 2 euros y toallas por 2 euros.<\/p>\n<p style=\"text-align: justify;\">En la cocina, Jean-Marc se dedica a preparar las comidas. Por favor, haga su pedido el d\u00eda anterior para el d\u00eda siguiente o al hacer sus reservas. Esta es una oportunidad para especificar cualquier requisito diet\u00e9tico espec\u00edfico y\/o alergia alimentaria.<\/p>\n<p style=\"text-align: justify;\">Las comidas se sirven en la sala com\u00fan o en la terraza bajo la p\u00e9rgola.<\/p>\n<p style=\"text-align: justify;\">Mientras espera para sentarse a la mesa, puede disfrutar del jard\u00edn para relajarse y saciar su sed.<\/p>\n<p>[\/et_pb_text][\/et_pb_column][et_pb_column type=\u00bb1_2&#8243; _builder_version=\u00bb4.16&#8243; _module_preset=\u00bbdefault\u00bb background_color=\u00bb#FFFFFF\u00bb custom_padding=\u00bb||10px||false|false\u00bb box_shadow_style=\u00bbpreset1&#8243; global_colors_info=\u00bb{}\u00bb][et_pb_text _builder_version=\u00bb4.23&#8243; _module_preset=\u00bbdefault\u00bb background_enable_color=\u00bboff\u00bb custom_margin=\u00bb||0px||false|false\u00bb custom_padding=\u00bb2%|10%|2%|10%|true|true\u00bb animation_style=\u00bbfade\u00bb border_radii=\u00bboff||||\u00bb border_style_bottom=\u00bboutset\u00bb global_colors_info=\u00bb{}\u00bb]<\/p>\n<p>&nbsp;<\/p>\n<h1><\/h1>\n<h1>Tarifas<\/h1>\n<p><span>en habitaciones o dormitorios con 2 a 5 camas.<\/span><\/p>\n<p><strong>Habitaciones :<br \/><\/strong><\/p>\n<ul>\n<li><span> 54 \u20ac &#8211; camas dobles &#8211; \/ 27 \u20ac por cama adicional de 90 cm<br \/><\/span><\/li>\n<\/ul>\n<p><strong><\/strong><\/p>\n<p><strong><span>Dormitorios <\/span> : <\/strong><strong><\/strong><\/p>\n<p>Estancia nocturna de <span> 22 \u20ac a 25 \u20ac \/<\/span><\/p>\n<p><strong><\/strong><\/p>\n<p><strong><\/strong><\/p>\n<p><strong>A su servicio (por persona)<\/strong><\/p>\n<ul>\n<li> <span>Desayuno: 8 \u20ac<\/span><\/li>\n<li> <span>Cena: 20 \u20ac<\/span><\/li>\n<li> <span>Cena para llevar: 10 \u20ac<\/span><\/li>\n<li> <span>Media pensi\u00f3n: 50 \u20ac \/ 53 \u20ac \/ 55 \u20ac :<br \/><\/span><span>Cena + estancia nocturna + desayuno<\/span><\/li>\n<li><span>Pensi\u00f3n completa: 60 \u20ac \/ 63 \u20ac \/ 65 \u20ac :<br \/><\/span>Media pensi\u00f3n + cena para llevar<\/li>\n<li>3 \u20ac por la lavadora<\/li>\n<li>3 \u20ac por la secadora<\/li>\n<\/ul>\n<p>Familiar\u00edcese con nuestro <a href=\"https:\/\/lecouventdossau.com\/reglement-interieur\/\">reglamento interno<\/a>.<\/p>\n<p>&nbsp;<\/p>\n<p>[\/et_pb_text][\/et_pb_column][\/et_pb_row][\/et_pb_section]<\/p>\n","protected":false},"excerpt":{"rendered":"<p>Ofrecemos noches en habitaciones privadas o en dormitorios compartidos. Las habitaciones se privatizan en cuanto la primera persona las reserva. Disponen de ba\u00f1os privados.Los dormitorios son compartidos y disponen de ba\u00f1os compartidos. No dudes en contactarnos para cualquier precisi\u00f3n. Nota El albergue est\u00e1 cerrado durante el d\u00eda de 10 AM a 4 PM. No puedes [&hellip;]<\/p>\n","protected":false},"author":1,"featured_media":0,"parent":0,"menu_order":0,"comment_status":"closed","ping_status":"closed","template":"","meta":{"_et_pb_use_builder":"on","_et_pb_old_content":"","_et_gb_content_width":"","footnotes":""},"class_list":["post-1882","page","type-page","status-publish","hentry"],"yoast_head":"<!-- This site is optimized with the Yoast SEO plugin v26.6 - https:\/\/yoast.com\/wordpress\/plugins\/seo\/ -->\n<title>Los alojamientos - Gite d&#039;\u00e9tape en Vall\u00e9e d&#039;Ossau : le couvent d&#039;Ossau - Louvie Juzon<\/title>\n<meta name=\"robots\" content=\"index, follow, max-snippet:-1, max-image-preview:large, max-video-preview:-1\" \/>\n<link rel=\"canonical\" href=\"https:\/\/lecouventdossau.com\/es\/los-alojamientos\/\" \/>\n<meta property=\"og:locale\" content=\"es_ES\" \/>\n<meta property=\"og:type\" content=\"article\" \/>\n<meta property=\"og:title\" content=\"Los alojamientos - Gite d&#039;\u00e9tape en Vall\u00e9e d&#039;Ossau : le couvent d&#039;Ossau - Louvie Juzon\" \/>\n<meta property=\"og:description\" content=\"Ofrecemos noches en habitaciones privadas o en dormitorios compartidos. Las habitaciones se privatizan en cuanto la primera persona las reserva. Disponen de ba\u00f1os privados.Los dormitorios son compartidos y disponen de ba\u00f1os compartidos. No dudes en contactarnos para cualquier precisi\u00f3n. Nota El albergue est\u00e1 cerrado durante el d\u00eda de 10 AM a 4 PM. No puedes [&hellip;]\" \/>\n<meta property=\"og:url\" content=\"https:\/\/lecouventdossau.com\/es\/los-alojamientos\/\" \/>\n<meta property=\"og:site_name\" content=\"le Couvent d&#039;Ossau\" \/>\n<meta property=\"article:publisher\" content=\"https:\/\/www.facebook.com\/Le-Couvent-dOssau-G%c3%aete-d%c3%a9tape-105139881772403\" \/>\n<meta property=\"article:modified_time\" content=\"2024-05-23T17:27:31+00:00\" \/>\n<meta name=\"twitter:card\" content=\"summary_large_image\" \/>\n<meta name=\"twitter:label1\" content=\"Tiempo de lectura\" \/>\n\t<meta name=\"twitter:data1\" content=\"6 minutos\" \/>\n<script type=\"application\/ld+json\" class=\"yoast-schema-graph\">{\"@context\":\"https:\/\/schema.org\",\"@graph\":[{\"@type\":\"WebPage\",\"@id\":\"https:\/\/lecouventdossau.com\/es\/los-alojamientos\/\",\"url\":\"https:\/\/lecouventdossau.com\/es\/los-alojamientos\/\",\"name\":\"Los alojamientos - Gite d'\u00e9tape en Vall\u00e9e d'Ossau : le couvent d'Ossau - Louvie Juzon\",\"isPartOf\":{\"@id\":\"https:\/\/lecouventdossau.com\/es\/#website\"},\"datePublished\":\"2021-05-19T16:13:27+00:00\",\"dateModified\":\"2024-05-23T17:27:31+00:00\",\"breadcrumb\":{\"@id\":\"https:\/\/lecouventdossau.com\/es\/los-alojamientos\/#breadcrumb\"},\"inLanguage\":\"es\",\"potentialAction\":[{\"@type\":\"ReadAction\",\"target\":[\"https:\/\/lecouventdossau.com\/es\/los-alojamientos\/\"]}]},{\"@type\":\"BreadcrumbList\",\"@id\":\"https:\/\/lecouventdossau.com\/es\/los-alojamientos\/#breadcrumb\",\"itemListElement\":[{\"@type\":\"ListItem\",\"position\":1,\"name\":\"Accueil\",\"item\":\"https:\/\/lecouventdossau.com\/es\/bienvenida\/\"},{\"@type\":\"ListItem\",\"position\":2,\"name\":\"Los alojamientos\"}]},{\"@type\":\"WebSite\",\"@id\":\"https:\/\/lecouventdossau.com\/es\/#website\",\"url\":\"https:\/\/lecouventdossau.com\/es\/\",\"name\":\"le Couvent d&#039;Ossau\",\"description\":\"Gite d&#039;\u00e9tape\",\"publisher\":{\"@id\":\"https:\/\/lecouventdossau.com\/es\/#organization\"},\"potentialAction\":[{\"@type\":\"SearchAction\",\"target\":{\"@type\":\"EntryPoint\",\"urlTemplate\":\"https:\/\/lecouventdossau.com\/es\/?s={search_term_string}\"},\"query-input\":{\"@type\":\"PropertyValueSpecification\",\"valueRequired\":true,\"valueName\":\"search_term_string\"}}],\"inLanguage\":\"es\"},{\"@type\":\"Organization\",\"@id\":\"https:\/\/lecouventdossau.com\/es\/#organization\",\"name\":\"le couvent d'Ossau\",\"url\":\"https:\/\/lecouventdossau.com\/es\/\",\"logo\":{\"@type\":\"ImageObject\",\"inLanguage\":\"es\",\"@id\":\"https:\/\/lecouventdossau.com\/es\/#\/schema\/logo\/image\/\",\"url\":\"https:\/\/lecouventdossau.com\/wp-content\/uploads\/2021\/06\/LOGO_Gite_ossau_couvent_OK2_size.jpg\",\"contentUrl\":\"https:\/\/lecouventdossau.com\/wp-content\/uploads\/2021\/06\/LOGO_Gite_ossau_couvent_OK2_size.jpg\",\"width\":1870,\"height\":360,\"caption\":\"le couvent d'Ossau\"},\"image\":{\"@id\":\"https:\/\/lecouventdossau.com\/es\/#\/schema\/logo\/image\/\"},\"sameAs\":[\"https:\/\/www.facebook.com\/Le-Couvent-dOssau-G\u00eete-d\u00e9tape-105139881772403\",\"https:\/\/instagram.com\/lecouventdossau\"]}]}<\/script>\n<!-- \/ Yoast SEO plugin. -->","yoast_head_json":{"title":"Los alojamientos - Gite d'\u00e9tape en Vall\u00e9e d'Ossau : le couvent d'Ossau - Louvie Juzon","robots":{"index":"index","follow":"follow","max-snippet":"max-snippet:-1","max-image-preview":"max-image-preview:large","max-video-preview":"max-video-preview:-1"},"canonical":"https:\/\/lecouventdossau.com\/es\/los-alojamientos\/","og_locale":"es_ES","og_type":"article","og_title":"Los alojamientos - Gite d'\u00e9tape en Vall\u00e9e d'Ossau : le couvent d'Ossau - Louvie Juzon","og_description":"Ofrecemos noches en habitaciones privadas o en dormitorios compartidos. Las habitaciones se privatizan en cuanto la primera persona las reserva. Disponen de ba\u00f1os privados.Los dormitorios son compartidos y disponen de ba\u00f1os compartidos. No dudes en contactarnos para cualquier precisi\u00f3n. Nota El albergue est\u00e1 cerrado durante el d\u00eda de 10 AM a 4 PM. No puedes [&hellip;]","og_url":"https:\/\/lecouventdossau.com\/es\/los-alojamientos\/","og_site_name":"le Couvent d&#039;Ossau","article_publisher":"https:\/\/www.facebook.com\/Le-Couvent-dOssau-G%c3%aete-d%c3%a9tape-105139881772403","article_modified_time":"2024-05-23T17:27:31+00:00","twitter_card":"summary_large_image","twitter_misc":{"Tiempo de lectura":"6 minutos"},"schema":{"@context":"https:\/\/schema.org","@graph":[{"@type":"WebPage","@id":"https:\/\/lecouventdossau.com\/es\/los-alojamientos\/","url":"https:\/\/lecouventdossau.com\/es\/los-alojamientos\/","name":"Los alojamientos - Gite d'\u00e9tape en Vall\u00e9e d'Ossau : le couvent d'Ossau - Louvie Juzon","isPartOf":{"@id":"https:\/\/lecouventdossau.com\/es\/#website"},"datePublished":"2021-05-19T16:13:27+00:00","dateModified":"2024-05-23T17:27:31+00:00","breadcrumb":{"@id":"https:\/\/lecouventdossau.com\/es\/los-alojamientos\/#breadcrumb"},"inLanguage":"es","potentialAction":[{"@type":"ReadAction","target":["https:\/\/lecouventdossau.com\/es\/los-alojamientos\/"]}]},{"@type":"BreadcrumbList","@id":"https:\/\/lecouventdossau.com\/es\/los-alojamientos\/#breadcrumb","itemListElement":[{"@type":"ListItem","position":1,"name":"Accueil","item":"https:\/\/lecouventdossau.com\/es\/bienvenida\/"},{"@type":"ListItem","position":2,"name":"Los alojamientos"}]},{"@type":"WebSite","@id":"https:\/\/lecouventdossau.com\/es\/#website","url":"https:\/\/lecouventdossau.com\/es\/","name":"le Couvent d&#039;Ossau","description":"Gite d&#039;\u00e9tape","publisher":{"@id":"https:\/\/lecouventdossau.com\/es\/#organization"},"potentialAction":[{"@type":"SearchAction","target":{"@type":"EntryPoint","urlTemplate":"https:\/\/lecouventdossau.com\/es\/?s={search_term_string}"},"query-input":{"@type":"PropertyValueSpecification","valueRequired":true,"valueName":"search_term_string"}}],"inLanguage":"es"},{"@type":"Organization","@id":"https:\/\/lecouventdossau.com\/es\/#organization","name":"le couvent d'Ossau","url":"https:\/\/lecouventdossau.com\/es\/","logo":{"@type":"ImageObject","inLanguage":"es","@id":"https:\/\/lecouventdossau.com\/es\/#\/schema\/logo\/image\/","url":"https:\/\/lecouventdossau.com\/wp-content\/uploads\/2021\/06\/LOGO_Gite_ossau_couvent_OK2_size.jpg","contentUrl":"https:\/\/lecouventdossau.com\/wp-content\/uploads\/2021\/06\/LOGO_Gite_ossau_couvent_OK2_size.jpg","width":1870,"height":360,"caption":"le couvent d'Ossau"},"image":{"@id":"https:\/\/lecouventdossau.com\/es\/#\/schema\/logo\/image\/"},"sameAs":["https:\/\/www.facebook.com\/Le-Couvent-dOssau-G\u00eete-d\u00e9tape-105139881772403","https:\/\/instagram.com\/lecouventdossau"]}]}},"_links":{"self":[{"href":"https:\/\/lecouventdossau.com\/es\/wp-json\/wp\/v2\/pages\/1882","targetHints":{"allow":["GET"]}}],"collection":[{"href":"https:\/\/lecouventdossau.com\/es\/wp-json\/wp\/v2\/pages"}],"about":[{"href":"https:\/\/lecouventdossau.com\/es\/wp-json\/wp\/v2\/types\/page"}],"author":[{"embeddable":true,"href":"https:\/\/lecouventdossau.com\/es\/wp-json\/wp\/v2\/users\/1"}],"replies":[{"embeddable":true,"href":"https:\/\/lecouventdossau.com\/es\/wp-json\/wp\/v2\/comments?post=1882"}],"version-history":[{"count":2,"href":"https:\/\/lecouventdossau.com\/es\/wp-json\/wp\/v2\/pages\/1882\/revisions"}],"predecessor-version":[{"id":1884,"href":"https:\/\/lecouventdossau.com\/es\/wp-json\/wp\/v2\/pages\/1882\/revisions\/1884"}],"wp:attachment":[{"href":"https:\/\/lecouventdossau.com\/es\/wp-json\/wp\/v2\/media?parent=1882"}],"curies":[{"name":"wp","href":"https:\/\/api.w.org\/{rel}","templated":true}]}}