{"id":1915,"date":"2022-12-02T12:14:35","date_gmt":"2022-12-02T11:14:35","guid":{"rendered":"https:\/\/lecouventdossau.com\/los-pasos-de-la-casa-rural\/"},"modified":"2024-05-23T21:02:17","modified_gmt":"2024-05-23T19:02:17","slug":"los-pasos-de-la-casa-rural","status":"publish","type":"page","link":"https:\/\/lecouventdossau.com\/es\/los-pasos-de-la-casa-rural\/","title":{"rendered":"Los pasos de la casa rural"},"content":{"rendered":"<p>[et_pb_section fb_built=\u00bb1&#8243; specialty=\u00bbon\u00bb _builder_version=\u00bb4.19.2&#8243; _module_preset=\u00bbdefault\u00bb min_height=\u00bb282.6px\u00bb custom_padding=\u00bb49px|||||\u00bb global_colors_info=\u00bb{}\u00bb][et_pb_column type=\u00bb1_3&#8243; _builder_version=\u00bb4.16&#8243; custom_padding=\u00bb|||\u00bb global_colors_info=\u00bb{}\u00bb custom_padding__hover=\u00bb|||\u00bb][et_pb_image src=\u00bbhttps:\/\/lecouventdossau.com\/wp-content\/uploads\/2022\/12\/portrait_mylene_RVB_150dpi_50pc.jpg\u00bb title_text=\u00bbportrait_mylene_RVB_150dpi_50pc\u00bb _builder_version=\u00bb4.19.2&#8243; _module_preset=\u00bbdefault\u00bb width=\u00bb73.4%\u00bb custom_margin=\u00bb||7px|||\u00bb custom_padding=\u00bb|36px||||\u00bb global_colors_info=\u00bb{}\u00bb][\/et_pb_image][et_pb_text _builder_version=\u00bb4.19.2&#8243; _module_preset=\u00bbdefault\u00bb custom_margin=\u00bb|77px||||\u00bb custom_padding=\u00bb|49px||||\u00bb global_colors_info=\u00bb{}\u00bb]<\/p>\n<h4 style=\"text-align: left;\"><em><strong>\u00bfQu\u00e9 son<\/strong><\/em> <em><strong>Les Etapes du G\u00eete<\/strong><\/em>?<\/h4>\n<p>[\/et_pb_text][\/et_pb_column][et_pb_column type=\u00bb2_3&#8243; specialty_columns=\u00bb2&#8243; _builder_version=\u00bb4.16&#8243; custom_padding=\u00bb|||\u00bb global_colors_info=\u00bb{}\u00bb custom_padding__hover=\u00bb|||\u00bb][et_pb_row_inner _builder_version=\u00bb4.19.2&#8243; _module_preset=\u00bbdefault\u00bb custom_margin=\u00bb|61px||||\u00bb global_colors_info=\u00bb{}\u00bb][et_pb_column_inner saved_specialty_column_type=\u00bb2_3&#8243; _builder_version=\u00bb4.19.2&#8243; _module_preset=\u00bbdefault\u00bb global_colors_info=\u00bb{}\u00bb][et_pb_image src=\u00bbhttps:\/\/lecouventdossau.com\/wp-content\/uploads\/2022\/12\/AdobeStock_465108205_dessin_groupe_RVB_150dpi.jpg\u00bb title_text=\u00bbAdobeStock_465108205_dessin_groupe_RVB\u00bb _builder_version=\u00bb4.19.2&#8243; _module_preset=\u00bbdefault\u00bb custom_margin=\u00bb|-67px||-16px||\u00bb global_colors_info=\u00bb{}\u00bb][\/et_pb_image][\/et_pb_column_inner][\/et_pb_row_inner][et_pb_row_inner _builder_version=\u00bb4.19.2&#8243; _module_preset=\u00bbdefault\u00bb global_colors_info=\u00bb{}\u00bb][et_pb_column_inner saved_specialty_column_type=\u00bb2_3&#8243; _builder_version=\u00bb4.19.2&#8243; _module_preset=\u00bbdefault\u00bb global_colors_info=\u00bb{}\u00bb][et_pb_text _builder_version=\u00bb4.19.2&#8243; _module_preset=\u00bbdefault\u00bb width=\u00bb100%\u00bb global_colors_info=\u00bb{}\u00bb]En un entorno verde del valle de Ossau, dentro de la casa rural \u00able Couvent d&#8217;Ossau\u00bb, se le ofrece una sala de seminarios para reuniones, formaci\u00f3n, cursos y talleres. Est\u00e1 dirigido a empresas, asociaciones, Clubes y Comunidades. Este lugar tambi\u00e9n es propicio para actividades art\u00edsticas, deportivas, culturales, de bienestar y educativas. [\/et_pb_text][\/et_pb_column_inner][\/et_pb_row_inner][\/et_pb_column][\/et_pb_section][et_pb_section fb_built=\u00bb1&#8243; _builder_version=\u00bb4.19.2&#8243; _module_preset=\u00bbdefault\u00bb min_height=\u00bb146.4px\u00bb custom_margin=\u00bb-2px|||||\u00bb custom_padding=\u00bb0px||6px|||\u00bb global_colors_info=\u00bb{}\u00bb][et_pb_row _builder_version=\u00bb4.19.2&#8243; _module_preset=\u00bbdefault\u00bb min_height=\u00bb311.2px\u00bb custom_margin=\u00bb|auto|-134px|auto||\u00bb custom_padding=\u00bb|||0px||\u00bb global_colors_info=\u00bb{}\u00bb][et_pb_column type=\u00bb4_4&#8243; _builder_version=\u00bb4.19.2&#8243; _module_preset=\u00bbdefault\u00bb global_colors_info=\u00bb{}\u00bb][et_pb_image src=\u00bbhttps:\/\/lecouventdossau.com\/wp-content\/uploads\/2022\/12\/salle_table_ecran_blanc_RVB_150dpi.jpg\u00bb title_text=\u00bbsalle_table_ecran_blanc_RVB_150dpi\u00bb _builder_version=\u00bb4.23&#8243; _module_preset=\u00bbdefault\u00bb border_radii=\u00bbon|1px|1px|1px|1px\u00bb border_color_all=\u00bb#000000&#8243; border_style_all=\u00bbdotted\u00bb global_colors_info=\u00bb{}\u00bb][\/et_pb_image][et_pb_text _builder_version=\u00bb4.23&#8243; _module_preset=\u00bbdefault\u00bb min_height=\u00bb48.2px\u00bb custom_margin=\u00bb||29px|||\u00bb custom_padding=\u00bb1px|||||\u00bb hover_enabled=\u00bb0&#8243; global_colors_info=\u00bb{}\u00bb sticky_enabled=\u00bb0&#8243; admin_label=\u00bbTexte\u00bb]<\/p>\n<p><strong>\u00bfQuieres organizar una reuni\u00f3n, un viaje de team building, una formaci\u00f3n para tus empleados, colaboradores o miembros?<\/strong> Este espacio es para ti.<\/p>\n<p>Una habitaci\u00f3n de 65 m2 y una habitaci\u00f3n de 40 m2 \/ climatizadas \/ conectadas v\u00eda WIFI<br \/>\/ Videoproyector y pantalla en la sala grande (65 m2)<br \/>\/ Entrada independiente a la casa rural, f\u00e1cil acceso \/ ba\u00f1os privados.<br \/>\/ Planta baja de 90 m2 abierta al jard\u00edn.<br \/>(espacio dedicado a talleres)<br \/><span style=\"text-decoration: underline;\"><em>Nuestra capacidad de recepci\u00f3n var\u00eda. Para mas informaci\u00f3n contactenos.<\/em><\/span><\/p>\n<p>[\/et_pb_text][\/et_pb_column][\/et_pb_row][et_pb_row _builder_version=\u00bb4.19.2&#8243; _module_preset=\u00bbdefault\u00bb global_colors_info=\u00bb{}\u00bb][et_pb_column type=\u00bb4_4&#8243; _builder_version=\u00bb4.19.2&#8243; _module_preset=\u00bbdefault\u00bb global_colors_info=\u00bb{}\u00bb][et_pb_image src=\u00bbhttps:\/\/lecouventdossau.com\/wp-content\/uploads\/2022\/12\/salle2_RVB_150dpi.jpg\u00bb title_text=\u00bbsalle2_RVB_150dpi\u00bb _builder_version=\u00bb4.19.2&#8243; _module_preset=\u00bbdefault\u00bb global_colors_info=\u00bb{}\u00bb][\/et_pb_image][\/et_pb_column][\/et_pb_row][et_pb_row _builder_version=\u00bb4.19.2&#8243; _module_preset=\u00bbdefault\u00bb global_colors_info=\u00bb{}\u00bb][et_pb_column type=\u00bb4_4&#8243; _builder_version=\u00bb4.19.2&#8243; _module_preset=\u00bbdefault\u00bb global_colors_info=\u00bb{}\u00bb][et_pb_text _builder_version=\u00bb4.19.2&#8243; _module_preset=\u00bbdefault\u00bb global_colors_info=\u00bb{}\u00bb]Les <strong>Etapes du G\u00eete<\/strong> es un anexo independiente de la G\u00eete d&#8217;\u00c9tape du Couvent d&#8217;Ossau que garantiza tranquilidad y confidencialidad.Les \u00c9tapes du G\u00eete est une annexe ind\u00e9pendante du G\u00eete d\u2019\u00c9tape du Couvent d\u2019Ossau qui garantit le calme et la confidentialit\u00e9. Se beneficia del <strong>entorno verde<\/strong> de la casa rural. Su funcionamiento es independiente, autogestionado o asociado a los servicios de la casa rural de escala. Estos son pasos cosidos a mano para ti. <strong>La recepci\u00f3n, la log\u00edstica y la distribuci\u00f3n del espacio se organizan seg\u00fan sus necesidades. <\/strong> Todo se hace para que estas etapas \u201cos acerquen y se parezcan a vosotros\u201d. <strong>Estos escenarios tambi\u00e9n est\u00e1n dedicados a p\u00fablicos espec\u00edficos, con discapacidad, amparados por la ASE,&#8230;<\/strong> <strong><em>Construyamos juntos paseos y actividades en este lugar seguro para vivir hermosas emociones.<\/em><\/strong> [\/et_pb_text][\/et_pb_column][\/et_pb_row][et_pb_row _builder_version=\u00bb4.23&#8243; _module_preset=\u00bbdefault\u00bb global_colors_info=\u00bb{}\u00bb][et_pb_column type=\u00bb4_4&#8243; _builder_version=\u00bb4.23&#8243; _module_preset=\u00bbdefault\u00bb global_colors_info=\u00bb{}\u00bb][et_pb_image src=\u00bbhttps:\/\/lecouventdossau.com\/wp-content\/uploads\/2023\/12\/salle_40m2_etapes_gite_couvent_ossau_louvie-juzon.jpg\u00bb title_text=\u00bbsalle_40m2_etapes_gite_couvent_ossau_louvie-juzon\u00bb _builder_version=\u00bb4.23&#8243; _module_preset=\u00bbdefault\u00bb global_colors_info=\u00bb{}\u00bb][\/et_pb_image][\/et_pb_column][\/et_pb_row][et_pb_row _builder_version=\u00bb4.19.2&#8243; _module_preset=\u00bbdefault\u00bb global_colors_info=\u00bb{}\u00bb][et_pb_column type=\u00bb4_4&#8243; _builder_version=\u00bb4.19.2&#8243; _module_preset=\u00bbdefault\u00bb global_colors_info=\u00bb{}\u00bb][et_pb_image src=\u00bbhttps:\/\/lecouventdossau.com\/wp-content\/uploads\/2022\/12\/exterieur_facade_verdure_RVB_150dpi.jpg\u00bb title_text=\u00bbexterieur_facade_verdure_RVB_150dpi\u00bb _builder_version=\u00bb4.19.2&#8243; _module_preset=\u00bbdefault\u00bb custom_margin=\u00bb||34px|||\u00bb animation_style=\u00bbfade\u00bb global_colors_info=\u00bb{}\u00bb][\/et_pb_image][\/et_pb_column][\/et_pb_row][et_pb_row _builder_version=\u00bb4.19.2&#8243; _module_preset=\u00bbdefault\u00bb global_colors_info=\u00bb{}\u00bb][et_pb_column type=\u00bb4_4&#8243; _builder_version=\u00bb4.19.2&#8243; _module_preset=\u00bbdefault\u00bb global_colors_info=\u00bb{}\u00bb][et_pb_text _builder_version=\u00bb4.19.2&#8243; _module_preset=\u00bbdefault\u00bb global_colors_info=\u00bb{}\u00bb]Eres directivo de empresa, gerente, director de un establecimiento, responsable de un club, aqu\u00ed tienes nuestras propuestas: &#8211; <strong>Alquiler simple de la habitaci\u00f3n y\/o taller<\/strong> &#8211; <strong>Alquiler de la habitaci\u00f3n y\/o taller<\/strong> + <strong>comidas<\/strong> (en la casa rural o en la terraza)) &#8211; <strong>Alquiler de la sala y\/o taller<\/strong> <strong>+ actividades de monta\u00f1a en el entorno excepcional del Valle de Ossau<\/strong> (Tirolina, Rafting, Barranquismo, Espeleolog\u00eda, Raquetas de nieve, Senderismo&#8230;) <em><strong>Opci\u00f3n<\/strong><\/em>: Merienda, Alojamiento y Catering<\/p>\n<h4><span style=\"text-decoration: underline;\"><em>\u201cVenid juntos a trabajar, divert\u00edos para conocernos mejor\u201d<\/em><\/span><\/h4>\n<p><strong>Precios Alquiler de habitaciones<\/strong>: d\u00eda: 90\u20ac | 1\/2 d\u00eda 50 \u20ac Durante los per\u00edodos de calefacci\u00f3n, permita + 15 \u20ac por d\u00eda o + 10 \u20ac por 1\/2 d\u00eda [\/et_pb_text][\/et_pb_column][\/et_pb_row][et_pb_row column_structure=\u00bb1_2,1_2&#8243; _builder_version=\u00bb4.19.2&#8243; _module_preset=\u00bbdefault\u00bb global_colors_info=\u00bb{}\u00bb][et_pb_column type=\u00bb1_2&#8243; _builder_version=\u00bb4.19.2&#8243; _module_preset=\u00bbdefault\u00bb global_colors_info=\u00bb{}\u00bb][et_pb_image src=\u00bbhttps:\/\/lecouventdossau.com\/wp-content\/uploads\/2022\/12\/salle_table_RVB_150dpi.jpg\u00bb title_text=\u00bbsalle_table_RVB_150dpi\u00bb _builder_version=\u00bb4.19.2&#8243; _module_preset=\u00bbdefault\u00bb animation_style=\u00bbfade\u00bb global_colors_info=\u00bb{}\u00bb][\/et_pb_image][et_pb_text _builder_version=\u00bb4.19.2&#8243; _module_preset=\u00bbdefault\u00bb global_colors_info=\u00bb{}\u00bb]<em>Vista general de la sala de seminarios<\/em> [\/et_pb_text][\/et_pb_column][et_pb_column type=\u00bb1_2&#8243; _builder_version=\u00bb4.19.2&#8243; _module_preset=\u00bbdefault\u00bb global_colors_info=\u00bb{}\u00bb][et_pb_image src=\u00bbhttps:\/\/lecouventdossau.com\/wp-content\/uploads\/2022\/12\/gite_demi_pension_RVB_150dpi.jpg\u00bb title_text=\u00bbgite_demi_pension_RVB_150dpi\u00bb _builder_version=\u00bb4.19.2&#8243; _module_preset=\u00bbdefault\u00bb animation_style=\u00bbfade\u00bb global_colors_info=\u00bb{}\u00bb][\/et_pb_image][et_pb_text _builder_version=\u00bb4.19.2&#8243; _module_preset=\u00bbdefault\u00bb global_colors_info=\u00bb{}\u00bb]<em>Comedor media pensi\u00f3n<\/em> [\/et_pb_text][\/et_pb_column][\/et_pb_row][\/et_pb_section][et_pb_section fb_built=\u00bb1&#8243; _builder_version=\u00bb4.23&#8243; _module_preset=\u00bbdefault\u00bb custom_padding=\u00bb2px|||||\u00bb global_colors_info=\u00bb{}\u00bb admin_label=\u00bbSection\u00bb][et_pb_row _builder_version=\u00bb4.23&#8243; _module_preset=\u00bbdefault\u00bb global_colors_info=\u00bb{}\u00bb admin_label=\u00bbL\u00ednea\u00bb][et_pb_column type=\u00bb4_4&#8243; _builder_version=\u00bb4.19.2&#8243; _module_preset=\u00bbdefault\u00bb global_colors_info=\u00bb{}\u00bb][et_pb_text _builder_version=\u00bb4.23&#8243; _module_preset=\u00bbdefault\u00bb hover_enabled=\u00bb0&#8243; global_colors_info=\u00bb{}\u00bb admin_label=\u00bbTexte\u00bb sticky_enabled=\u00bb0&#8243;]<\/p>\n<p><strong>Los profesionales sociales, m\u00e9dico-sociales, asistenciales y docentes pueden beneficiarse de un apoyo espec\u00edfico y personalizado, gracias a los servicios de <a href=\"https:\/\/lecouventdossau.com\/wp-content\/uploads\/2022\/12\/Flyer_10x20_Mylene_2022_recto_verso.jpg\">Myl\u00e8ne Bonafous.<\/a><\/strong> <strong>Tel : 06.82.18.75.55<\/strong> <strong>E-mail : <a href=\"mailto:mylene.bonafous@gmail.com\" target=\"_blank\" rel=\"noopener\">mylene.bonafous@gmail.com<\/a><\/strong><\/p>\n<p>[\/et_pb_text][\/et_pb_column][\/et_pb_row][\/et_pb_section]<\/p>\n","protected":false},"excerpt":{"rendered":"<p>\u00bfQu\u00e9 son Les Etapes du G\u00eete? En un entorno verde del valle de Ossau, dentro de la casa rural \u00able Couvent d&#8217;Ossau\u00bb, se le ofrece una sala de seminarios para reuniones, formaci\u00f3n, cursos y talleres. Est\u00e1 dirigido a empresas, asociaciones, Clubes y Comunidades. Este lugar tambi\u00e9n es propicio para actividades art\u00edsticas, deportivas, culturales, de bienestar [&hellip;]<\/p>\n","protected":false},"author":2,"featured_media":0,"parent":0,"menu_order":0,"comment_status":"closed","ping_status":"closed","template":"","meta":{"_et_pb_use_builder":"on","_et_pb_old_content":"","_et_gb_content_width":"","footnotes":""},"class_list":["post-1915","page","type-page","status-publish","hentry"],"yoast_head":"<!-- This site is optimized with the Yoast SEO plugin v26.6 - https:\/\/yoast.com\/wordpress\/plugins\/seo\/ -->\n<title>Los pasos de la casa rural - Gite d&#039;\u00e9tape en Vall\u00e9e d&#039;Ossau : le couvent d&#039;Ossau - Louvie Juzon<\/title>\n<meta name=\"robots\" content=\"index, follow, max-snippet:-1, max-image-preview:large, max-video-preview:-1\" \/>\n<link rel=\"canonical\" href=\"https:\/\/lecouventdossau.com\/es\/los-pasos-de-la-casa-rural\/\" \/>\n<meta property=\"og:locale\" content=\"es_ES\" \/>\n<meta property=\"og:type\" content=\"article\" \/>\n<meta property=\"og:title\" content=\"Los pasos de la casa rural - Gite d&#039;\u00e9tape en Vall\u00e9e d&#039;Ossau : le couvent d&#039;Ossau - Louvie Juzon\" \/>\n<meta property=\"og:description\" content=\"\u00bfQu\u00e9 son Les Etapes du G\u00eete? En un entorno verde del valle de Ossau, dentro de la casa rural &quot;le Couvent d&#039;Ossau&quot;, se le ofrece una sala de seminarios para reuniones, formaci\u00f3n, cursos y talleres. Est\u00e1 dirigido a empresas, asociaciones, Clubes y Comunidades. Este lugar tambi\u00e9n es propicio para actividades art\u00edsticas, deportivas, culturales, de bienestar [&hellip;]\" \/>\n<meta property=\"og:url\" content=\"https:\/\/lecouventdossau.com\/es\/los-pasos-de-la-casa-rural\/\" \/>\n<meta property=\"og:site_name\" content=\"le Couvent d&#039;Ossau\" \/>\n<meta property=\"article:publisher\" content=\"https:\/\/www.facebook.com\/Le-Couvent-dOssau-G%c3%aete-d%c3%a9tape-105139881772403\" \/>\n<meta property=\"article:modified_time\" content=\"2024-05-23T19:02:17+00:00\" \/>\n<meta name=\"twitter:card\" content=\"summary_large_image\" \/>\n<meta name=\"twitter:label1\" content=\"Tiempo de lectura\" \/>\n\t<meta name=\"twitter:data1\" content=\"7 minutos\" \/>\n<script type=\"application\/ld+json\" class=\"yoast-schema-graph\">{\"@context\":\"https:\/\/schema.org\",\"@graph\":[{\"@type\":\"WebPage\",\"@id\":\"https:\/\/lecouventdossau.com\/es\/los-pasos-de-la-casa-rural\/\",\"url\":\"https:\/\/lecouventdossau.com\/es\/los-pasos-de-la-casa-rural\/\",\"name\":\"Los pasos de la casa rural - Gite d'\u00e9tape en Vall\u00e9e d'Ossau : le couvent d'Ossau - Louvie Juzon\",\"isPartOf\":{\"@id\":\"https:\/\/lecouventdossau.com\/es\/#website\"},\"datePublished\":\"2022-12-02T11:14:35+00:00\",\"dateModified\":\"2024-05-23T19:02:17+00:00\",\"breadcrumb\":{\"@id\":\"https:\/\/lecouventdossau.com\/es\/los-pasos-de-la-casa-rural\/#breadcrumb\"},\"inLanguage\":\"es\",\"potentialAction\":[{\"@type\":\"ReadAction\",\"target\":[\"https:\/\/lecouventdossau.com\/es\/los-pasos-de-la-casa-rural\/\"]}]},{\"@type\":\"BreadcrumbList\",\"@id\":\"https:\/\/lecouventdossau.com\/es\/los-pasos-de-la-casa-rural\/#breadcrumb\",\"itemListElement\":[{\"@type\":\"ListItem\",\"position\":1,\"name\":\"Accueil\",\"item\":\"https:\/\/lecouventdossau.com\/es\/bienvenida\/\"},{\"@type\":\"ListItem\",\"position\":2,\"name\":\"Los pasos de la casa rural\"}]},{\"@type\":\"WebSite\",\"@id\":\"https:\/\/lecouventdossau.com\/es\/#website\",\"url\":\"https:\/\/lecouventdossau.com\/es\/\",\"name\":\"le Couvent d&#039;Ossau\",\"description\":\"Gite d&#039;\u00e9tape\",\"publisher\":{\"@id\":\"https:\/\/lecouventdossau.com\/es\/#organization\"},\"potentialAction\":[{\"@type\":\"SearchAction\",\"target\":{\"@type\":\"EntryPoint\",\"urlTemplate\":\"https:\/\/lecouventdossau.com\/es\/?s={search_term_string}\"},\"query-input\":{\"@type\":\"PropertyValueSpecification\",\"valueRequired\":true,\"valueName\":\"search_term_string\"}}],\"inLanguage\":\"es\"},{\"@type\":\"Organization\",\"@id\":\"https:\/\/lecouventdossau.com\/es\/#organization\",\"name\":\"le couvent d'Ossau\",\"url\":\"https:\/\/lecouventdossau.com\/es\/\",\"logo\":{\"@type\":\"ImageObject\",\"inLanguage\":\"es\",\"@id\":\"https:\/\/lecouventdossau.com\/es\/#\/schema\/logo\/image\/\",\"url\":\"https:\/\/lecouventdossau.com\/wp-content\/uploads\/2021\/06\/LOGO_Gite_ossau_couvent_OK2_size.jpg\",\"contentUrl\":\"https:\/\/lecouventdossau.com\/wp-content\/uploads\/2021\/06\/LOGO_Gite_ossau_couvent_OK2_size.jpg\",\"width\":1870,\"height\":360,\"caption\":\"le couvent d'Ossau\"},\"image\":{\"@id\":\"https:\/\/lecouventdossau.com\/es\/#\/schema\/logo\/image\/\"},\"sameAs\":[\"https:\/\/www.facebook.com\/Le-Couvent-dOssau-G\u00eete-d\u00e9tape-105139881772403\",\"https:\/\/instagram.com\/lecouventdossau\"]}]}<\/script>\n<!-- \/ Yoast SEO plugin. -->","yoast_head_json":{"title":"Los pasos de la casa rural - Gite d'\u00e9tape en Vall\u00e9e d'Ossau : le couvent d'Ossau - Louvie Juzon","robots":{"index":"index","follow":"follow","max-snippet":"max-snippet:-1","max-image-preview":"max-image-preview:large","max-video-preview":"max-video-preview:-1"},"canonical":"https:\/\/lecouventdossau.com\/es\/los-pasos-de-la-casa-rural\/","og_locale":"es_ES","og_type":"article","og_title":"Los pasos de la casa rural - Gite d'\u00e9tape en Vall\u00e9e d'Ossau : le couvent d'Ossau - Louvie Juzon","og_description":"\u00bfQu\u00e9 son Les Etapes du G\u00eete? En un entorno verde del valle de Ossau, dentro de la casa rural \"le Couvent d'Ossau\", se le ofrece una sala de seminarios para reuniones, formaci\u00f3n, cursos y talleres. Est\u00e1 dirigido a empresas, asociaciones, Clubes y Comunidades. Este lugar tambi\u00e9n es propicio para actividades art\u00edsticas, deportivas, culturales, de bienestar [&hellip;]","og_url":"https:\/\/lecouventdossau.com\/es\/los-pasos-de-la-casa-rural\/","og_site_name":"le Couvent d&#039;Ossau","article_publisher":"https:\/\/www.facebook.com\/Le-Couvent-dOssau-G%c3%aete-d%c3%a9tape-105139881772403","article_modified_time":"2024-05-23T19:02:17+00:00","twitter_card":"summary_large_image","twitter_misc":{"Tiempo de lectura":"7 minutos"},"schema":{"@context":"https:\/\/schema.org","@graph":[{"@type":"WebPage","@id":"https:\/\/lecouventdossau.com\/es\/los-pasos-de-la-casa-rural\/","url":"https:\/\/lecouventdossau.com\/es\/los-pasos-de-la-casa-rural\/","name":"Los pasos de la casa rural - Gite d'\u00e9tape en Vall\u00e9e d'Ossau : le couvent d'Ossau - Louvie Juzon","isPartOf":{"@id":"https:\/\/lecouventdossau.com\/es\/#website"},"datePublished":"2022-12-02T11:14:35+00:00","dateModified":"2024-05-23T19:02:17+00:00","breadcrumb":{"@id":"https:\/\/lecouventdossau.com\/es\/los-pasos-de-la-casa-rural\/#breadcrumb"},"inLanguage":"es","potentialAction":[{"@type":"ReadAction","target":["https:\/\/lecouventdossau.com\/es\/los-pasos-de-la-casa-rural\/"]}]},{"@type":"BreadcrumbList","@id":"https:\/\/lecouventdossau.com\/es\/los-pasos-de-la-casa-rural\/#breadcrumb","itemListElement":[{"@type":"ListItem","position":1,"name":"Accueil","item":"https:\/\/lecouventdossau.com\/es\/bienvenida\/"},{"@type":"ListItem","position":2,"name":"Los pasos de la casa rural"}]},{"@type":"WebSite","@id":"https:\/\/lecouventdossau.com\/es\/#website","url":"https:\/\/lecouventdossau.com\/es\/","name":"le Couvent d&#039;Ossau","description":"Gite d&#039;\u00e9tape","publisher":{"@id":"https:\/\/lecouventdossau.com\/es\/#organization"},"potentialAction":[{"@type":"SearchAction","target":{"@type":"EntryPoint","urlTemplate":"https:\/\/lecouventdossau.com\/es\/?s={search_term_string}"},"query-input":{"@type":"PropertyValueSpecification","valueRequired":true,"valueName":"search_term_string"}}],"inLanguage":"es"},{"@type":"Organization","@id":"https:\/\/lecouventdossau.com\/es\/#organization","name":"le couvent d'Ossau","url":"https:\/\/lecouventdossau.com\/es\/","logo":{"@type":"ImageObject","inLanguage":"es","@id":"https:\/\/lecouventdossau.com\/es\/#\/schema\/logo\/image\/","url":"https:\/\/lecouventdossau.com\/wp-content\/uploads\/2021\/06\/LOGO_Gite_ossau_couvent_OK2_size.jpg","contentUrl":"https:\/\/lecouventdossau.com\/wp-content\/uploads\/2021\/06\/LOGO_Gite_ossau_couvent_OK2_size.jpg","width":1870,"height":360,"caption":"le couvent d'Ossau"},"image":{"@id":"https:\/\/lecouventdossau.com\/es\/#\/schema\/logo\/image\/"},"sameAs":["https:\/\/www.facebook.com\/Le-Couvent-dOssau-G\u00eete-d\u00e9tape-105139881772403","https:\/\/instagram.com\/lecouventdossau"]}]}},"_links":{"self":[{"href":"https:\/\/lecouventdossau.com\/es\/wp-json\/wp\/v2\/pages\/1915","targetHints":{"allow":["GET"]}}],"collection":[{"href":"https:\/\/lecouventdossau.com\/es\/wp-json\/wp\/v2\/pages"}],"about":[{"href":"https:\/\/lecouventdossau.com\/es\/wp-json\/wp\/v2\/types\/page"}],"author":[{"embeddable":true,"href":"https:\/\/lecouventdossau.com\/es\/wp-json\/wp\/v2\/users\/2"}],"replies":[{"embeddable":true,"href":"https:\/\/lecouventdossau.com\/es\/wp-json\/wp\/v2\/comments?post=1915"}],"version-history":[{"count":2,"href":"https:\/\/lecouventdossau.com\/es\/wp-json\/wp\/v2\/pages\/1915\/revisions"}],"predecessor-version":[{"id":1917,"href":"https:\/\/lecouventdossau.com\/es\/wp-json\/wp\/v2\/pages\/1915\/revisions\/1917"}],"wp:attachment":[{"href":"https:\/\/lecouventdossau.com\/es\/wp-json\/wp\/v2\/media?parent=1915"}],"curies":[{"name":"wp","href":"https:\/\/api.w.org\/{rel}","templated":true}]}}