{"id":1935,"date":"2021-06-02T10:46:06","date_gmt":"2021-06-02T08:46:06","guid":{"rendered":"https:\/\/lecouventdossau.com\/habitacion-laubisque\/"},"modified":"2024-05-23T21:20:10","modified_gmt":"2024-05-23T19:20:10","slug":"habitacion-laubisque","status":"publish","type":"page","link":"https:\/\/lecouventdossau.com\/es\/habitacion-laubisque\/","title":{"rendered":"Habitaci\u00f3n \u201cL&#8217;Aubisque\u201d"},"content":{"rendered":"<p>[et_pb_section fb_built=\u00bb1&#8243; _builder_version=\u00bb4.16&#8243; _module_preset=\u00bbdefault\u00bb background_color=\u00bb#fcf4e9&#8243; custom_margin=\u00bb||0px||false|false\u00bb custom_padding=\u00bb0px||0px|||\u00bb locked=\u00bboff\u00bb global_colors_info=\u00bb{}\u00bb theme_builder_area=\u00bbpost_content\u00bb][et_pb_row _builder_version=\u00bb4.16&#8243; _module_preset=\u00bbdefault\u00bb width=\u00bb100%\u00bb max_width=\u00bb100%\u00bb custom_margin=\u00bb|auto|-2px|auto||\u00bb custom_padding=\u00bb0px||3px|||\u00bb global_colors_info=\u00bb{}\u00bb theme_builder_area=\u00bbpost_content\u00bb][et_pb_column type=\u00bb4_4&#8243; _builder_version=\u00bb4.16&#8243; _module_preset=\u00bbdefault\u00bb global_colors_info=\u00bb{}\u00bb theme_builder_area=\u00bbpost_content\u00bb][et_pb_post_title title=\u00bboff\u00bb meta=\u00bboff\u00bb featured_placement=\u00bbabove\u00bb _builder_version=\u00bb4.16&#8243; _module_preset=\u00bbdefault\u00bb text_orientation=\u00bbcenter\u00bb custom_margin=\u00bb||-1px|||\u00bb global_colors_info=\u00bb{}\u00bb theme_builder_area=\u00bbpost_content\u00bb][\/et_pb_post_title][\/et_pb_column][\/et_pb_row][et_pb_row column_structure=\u00bb1_2,1_2&#8243; use_custom_gutter=\u00bbon\u00bb gutter_width=\u00bb1&#8243; make_equal=\u00bbon\u00bb _builder_version=\u00bb4.16&#8243; _module_preset=\u00bbdefault\u00bb width=\u00bb100%\u00bb max_width=\u00bb100%\u00bb custom_margin=\u00bb||0px||false|false\u00bb custom_padding=\u00bb||0px|||\u00bb global_colors_info=\u00bb{}\u00bb theme_builder_area=\u00bbpost_content\u00bb][et_pb_column type=\u00bb1_2&#8243; module_class=\u00bbcentrer-verticalement\u00bb _builder_version=\u00bb4.16&#8243; _module_preset=\u00bbdefault\u00bb global_colors_info=\u00bb{}\u00bb theme_builder_area=\u00bbpost_content\u00bb][et_pb_post_title meta=\u00bboff\u00bb featured_image=\u00bboff\u00bb _builder_version=\u00bb4.16&#8243; _module_preset=\u00bbdefault\u00bb title_font=\u00bbDancing Script||||||||\u00bb title_font_size=\u00bb40px\u00bb text_orientation=\u00bbcenter\u00bb custom_margin=\u00bb||39px|||\u00bb global_colors_info=\u00bb{}\u00bb theme_builder_area=\u00bbpost_content\u00bb][\/et_pb_post_title][et_pb_text _builder_version=\u00bb4.16&#8243; _module_preset=\u00bbdefault\u00bb custom_padding=\u00bb|||10%|false|false\u00bb global_colors_info=\u00bb{}\u00bb theme_builder_area=\u00bbpost_content\u00bb]<\/p>\n<ul>\n<li>Una cama de matrimonio 54\u20ac (1 o 2 personas)<\/li>\n<li>2 literas (27\u20ac por persona)<\/li>\n<li>Un gran cuarto de ba\u00f1o equipado con ducha y ba\u00f1era, WC.<\/li>\n<li>Habitaci\u00f3n para 4 personas m\u00e1ximo<\/li>\n<li>Habitaci\u00f3n privatizada desde la primera reserva.<\/li>\n<\/ul>\n<p>[\/et_pb_text][\/et_pb_column][et_pb_column type=\u00bb1_2&#8243; _builder_version=\u00bb4.16&#8243; _module_preset=\u00bbdefault\u00bb global_colors_info=\u00bb{}\u00bb theme_builder_area=\u00bbpost_content\u00bb][et_pb_gallery gallery_ids=\u00bb1073,1074,1072,1075,283,284,285&#8243; fullwidth=\u00bbon\u00bb _builder_version=\u00bb4.16&#8243; _module_preset=\u00bbdefault\u00bb custom_padding=\u00bb10%|10%|10%|10%|true|true\u00bb global_colors_info=\u00bb{}\u00bb theme_builder_area=\u00bbpost_content\u00bb][\/et_pb_gallery][et_pb_button button_url=\u00bbhttps:\/\/lecouventdossau.com\/es\/los-alojamientos\/\u00bb button_text=\u00bbVer otros alojamientos\u00bb button_alignment=\u00bbcenter\u00bb _builder_version=\u00bb4.23.1&#8243; _module_preset=\u00bbdefault\u00bb locked=\u00bboff\u00bb global_colors_info=\u00bb{}\u00bb theme_builder_area=\u00bbpost_content\u00bb][\/et_pb_button][\/et_pb_column][\/et_pb_row][et_pb_row column_structure=\u00bb1_3,1_3,1_3&#8243; use_custom_gutter=\u00bbon\u00bb gutter_width=\u00bb1&#8243; make_equal=\u00bbon\u00bb _builder_version=\u00bb4.16&#8243; _module_preset=\u00bbdefault\u00bb width=\u00bb100%\u00bb width_tablet=\u00bb80%\u00bb width_phone=\u00bb90%\u00bb width_last_edited=\u00bbon|phone\u00bb max_width=\u00bb70%\u00bb max_width_tablet=\u00bb\u00bb max_width_phone=\u00bb90%\u00bb max_width_last_edited=\u00bbon|phone\u00bb module_alignment=\u00bbleft\u00bb custom_margin=\u00bb46px|56px|46px|56px|true|true\u00bb custom_padding=\u00bb33px|0px|33px|48px|true|false\u00bb module_alignment_tablet=\u00bbcenter\u00bb module_alignment_phone=\u00bbcenter\u00bb module_alignment_last_edited=\u00bbon|tablet\u00bb global_colors_info=\u00bb{}\u00bb theme_builder_area=\u00bbpost_content\u00bb background_color=\u00bbRGBA(0,0,0,0)\u00bb][et_pb_column type=\u00bb1_3&#8243; module_class=\u00bbcentrer-verticalement\u00bb _builder_version=\u00bb4.16&#8243; _module_preset=\u00bbdefault\u00bb background_color=\u00bb#FFFFFF\u00bb custom_padding=\u00bb0px|0px|0px|0px|true|true\u00bb global_colors_info=\u00bb{}\u00bb theme_builder_area=\u00bbpost_content\u00bb][et_pb_image src=\u00bbhttps:\/\/lecouventdossau.com\/wp-content\/uploads\/2021\/06\/detail_carre_montagne_Aubisque.jpg\u00bb title_text=\u00bbdetail_carre_montagne_Aubisque\u00bb align=\u00bbcenter\u00bb force_fullwidth=\u00bbon\u00bb _builder_version=\u00bb4.16&#8243; _module_preset=\u00bbdefault\u00bb background_color=\u00bbRGBA(0,0,0,0)\u00bb custom_padding=\u00bb5%|5%|5%|5%|true|true\u00bb global_colors_info=\u00bb{}\u00bb theme_builder_area=\u00bbpost_content\u00bb][\/et_pb_image][\/et_pb_column][et_pb_column type=\u00bb1_3&#8243; _builder_version=\u00bb4.16&#8243; _module_preset=\u00bbdefault\u00bb global_colors_info=\u00bb{}\u00bb theme_builder_area=\u00bbpost_content\u00bb][et_pb_text _builder_version=\u00bb4.16&#8243; _module_preset=\u00bbdefault\u00bb header_2_font=\u00bb||||||||\u00bb background_color=\u00bb#FFFFFF\u00bb custom_margin=\u00bb0px|0%||0%|false|true\u00bb custom_padding=\u00bb3%|9%|3%|9%|true|true\u00bb locked=\u00bboff\u00bb global_colors_info=\u00bb{}\u00bb theme_builder_area=\u00bbpost_content\u00bb]<\/p>\n<h2><b>Aubisque<\/b><\/h2>\n<p><span style=\"font-weight: 400;\">Situado a 1.709 m de altitud, el Col d&#8217;Aubisque es un puerto de monta\u00f1a de carretera en los Pirineos Atl\u00e1nticos, a unos cuarenta kil\u00f3metros (en l\u00ednea recta) al suroeste de Tarbes y al sureste de Pau, en el departamento de Pirineos Atl\u00e1nticos, en la Nueva Aquitania. regi\u00f3n. Es utilizado por la ruta de paso. Est\u00e1 dominado al sur por el Pic du Ger (2.613 m). Se encuentra situado en la localidad de B\u00e9ost.<\/span><\/p>\n<p>[\/et_pb_text][\/et_pb_column][et_pb_column type=\u00bb1_3&#8243; _builder_version=\u00bb4.16&#8243; _module_preset=\u00bbdefault\u00bb global_colors_info=\u00bb{}\u00bb theme_builder_area=\u00bbpost_content\u00bb][et_pb_code admin_label=\u00bbreservar\u00bb _builder_version=\u00bb4.23.1&#8243; _module_preset=\u00bbdefault\u00bb hover_enabled=\u00bb0&#8243; global_colors_info=\u00bb{}\u00bb theme_builder_area=\u00bbpost_content\u00bb locked=\u00bboff\u00bb sticky_enabled=\u00bb0&#8243;]<\/p>\n<div id=\"ConstellationButtonContainer6321d129-9fd3-45f5-9fde-39be2afadc0e\" style=\"width:100%; text-align:center;\" title=\"Casa rural de escala El convento de Ossau\" data-id-projet=\"6321d1299fd345f59fde39be2afadc0e\">Cargando&#8230;<\/div>\n<p><script type=\"text\/javascript\" src=\"https:\/\/reservation.elloha.com\/Scripts\/widget-loader.min.js?v=42\"><\/script><script type=\"text\/javascript\">var constellationWidgetUrl6321d1299fd345f59fde39be2afadc0e, constellationTypeModule6321d1299fd345f59fde39be2afadc0e; constellationWidgetUrl6321d1299fd345f59fde39be2afadc0e = 'https:\/\/reservation.elloha.com\/Widget\/BookingButton\/6321d129-9fd3-45f5-9fde-39be2afadc0e?idoi=09742948-a75d-457f-ba1b-fb7d79e1f4d6&culture=fr-FR'; constellationTypeModule6321d1299fd345f59fde39be2afadc0e=3; constellationBookingButtonLoad('ConstellationButtonContainer6321d129-9fd3-45f5-9fde-39be2afadc0e');<\/script>[\/et_pb_code][\/et_pb_column][\/et_pb_row][et_pb_row _builder_version=\u00bb4.23.1&#8243; _module_preset=\u00bbdefault\u00bb global_colors_info=\u00bb{}\u00bb theme_builder_area=\u00bbpost_content\u00bb locked=\u00bboff\u00bb][et_pb_column type=\u00bb4_4&#8243; _builder_version=\u00bb4.23.1&#8243; _module_preset=\u00bbdefault\u00bb global_colors_info=\u00bb{}\u00bb theme_builder_area=\u00bbpost_content\u00bb][et_pb_text _builder_version=\u00bb4.23.1&#8243; _module_preset=\u00bbdefault\u00bb global_colors_info=\u00bb{}\u00bb theme_builder_area=\u00bbpost_content\u00bb]<\/p>\n<h1 style=\"text-align: center;\">Ocupaci\u00f3n<\/h1>\n<p>[\/et_pb_text][et_pb_code _builder_version=\u00bb4.23.1&#8243; _module_preset=\u00bbdefault\u00bb hover_enabled=\u00bb0&#8243; global_colors_info=\u00bb{}\u00bb theme_builder_area=\u00bbpost_content\u00bb sticky_enabled=\u00bb0&#8243;]<\/p>\n<div id=\"ConstellationCalendarContainer1fa870f0-2531-47e1-bc2b-4a1937524565\" style=\"width:100%; text-align:center;\" title=\"Casa rural de escala El convento de Ossau\" data-id-projet=\"1fa870f0253147e1bc2b4a1937524565\">Cargando&#8230;<\/div>\n<p><script type=\"text\/javascript\" src=\"https:\/\/reservation.elloha.com\/Scripts\/widget-loader.min.js?v=42\"><\/script><script type=\"text\/javascript\">var constellationWidgetUrl1fa870f0253147e1bc2b4a1937524565, constellationTypeModule1fa870f0253147e1bc2b4a1937524565; constellationWidgetUrl1fa870f0253147e1bc2b4a1937524565 = 'https:\/\/reservation.elloha.com\/Widget\/BookingCalendar\/1fa870f0-2531-47e1-bc2b-4a1937524565?idoi=09742948-a75d-457f-ba1b-fb7d79e1f4d6'; constellationTypeModule1fa870f0253147e1bc2b4a1937524565=2; constellationBookingCalendarLoad('ConstellationCalendarContainer1fa870f0-2531-47e1-bc2b-4a1937524565'); constellationWidgetAddEvent(window, \"resize\", function () { constellationWidgetSetAppearance('ConstellationCalendarContainer1fa870f0-2531-47e1-bc2b-4a1937524565'); });<\/script>[\/et_pb_code][\/et_pb_column][\/et_pb_row][\/et_pb_section]<\/p>\n","protected":false},"excerpt":{"rendered":"<p>Una cama de matrimonio 54\u20ac (1 o 2 personas) 2 literas (27\u20ac por persona) Un gran cuarto de ba\u00f1o equipado con ducha y ba\u00f1era, WC. Habitaci\u00f3n para 4 personas m\u00e1ximo Habitaci\u00f3n privatizada desde la primera reserva. Aubisque Situado a 1.709 m de altitud, el Col d&#8217;Aubisque es un puerto de monta\u00f1a de carretera en los [&hellip;]<\/p>\n","protected":false},"author":1,"featured_media":1994,"parent":0,"menu_order":0,"comment_status":"closed","ping_status":"closed","template":"","meta":{"_et_pb_use_builder":"on","_et_pb_old_content":"","_et_gb_content_width":"","footnotes":""},"class_list":["post-1935","page","type-page","status-publish","has-post-thumbnail","hentry"],"yoast_head":"<!-- This site is optimized with the Yoast SEO plugin v26.6 - https:\/\/yoast.com\/wordpress\/plugins\/seo\/ -->\n<title>Habitaci\u00f3n \u201cL&#039;Aubisque\u201d - Gite d&#039;\u00e9tape en Vall\u00e9e d&#039;Ossau : le couvent d&#039;Ossau - Louvie Juzon<\/title>\n<meta name=\"robots\" content=\"index, follow, max-snippet:-1, max-image-preview:large, max-video-preview:-1\" \/>\n<link rel=\"canonical\" href=\"https:\/\/lecouventdossau.com\/es\/habitacion-laubisque\/\" \/>\n<meta property=\"og:locale\" content=\"es_ES\" \/>\n<meta property=\"og:type\" content=\"article\" \/>\n<meta property=\"og:title\" content=\"Habitaci\u00f3n \u201cL&#039;Aubisque\u201d - Gite d&#039;\u00e9tape en Vall\u00e9e d&#039;Ossau : le couvent d&#039;Ossau - Louvie Juzon\" \/>\n<meta property=\"og:description\" content=\"Una cama de matrimonio 54\u20ac (1 o 2 personas) 2 literas (27\u20ac por persona) Un gran cuarto de ba\u00f1o equipado con ducha y ba\u00f1era, WC. Habitaci\u00f3n para 4 personas m\u00e1ximo Habitaci\u00f3n privatizada desde la primera reserva. Aubisque Situado a 1.709 m de altitud, el Col d&#039;Aubisque es un puerto de monta\u00f1a de carretera en los [&hellip;]\" \/>\n<meta property=\"og:url\" content=\"https:\/\/lecouventdossau.com\/es\/habitacion-laubisque\/\" \/>\n<meta property=\"og:site_name\" content=\"le Couvent d&#039;Ossau\" \/>\n<meta property=\"article:publisher\" content=\"https:\/\/www.facebook.com\/Le-Couvent-dOssau-G%c3%aete-d%c3%a9tape-105139881772403\" \/>\n<meta property=\"article:modified_time\" content=\"2024-05-23T19:20:10+00:00\" \/>\n<meta property=\"og:image\" content=\"https:\/\/lecouventdossau.com\/wp-content\/uploads\/2021\/10\/photo_menu_chambre_aubisque_couvent_ossau.jpg\" \/>\n\t<meta property=\"og:image:width\" content=\"1024\" \/>\n\t<meta property=\"og:image:height\" content=\"800\" \/>\n\t<meta property=\"og:image:type\" content=\"image\/jpeg\" \/>\n<meta name=\"twitter:card\" content=\"summary_large_image\" \/>\n<meta name=\"twitter:label1\" content=\"Tiempo de lectura\" \/>\n\t<meta name=\"twitter:data1\" content=\"4 minutos\" \/>\n<script type=\"application\/ld+json\" class=\"yoast-schema-graph\">{\"@context\":\"https:\/\/schema.org\",\"@graph\":[{\"@type\":\"WebPage\",\"@id\":\"https:\/\/lecouventdossau.com\/es\/habitacion-laubisque\/\",\"url\":\"https:\/\/lecouventdossau.com\/es\/habitacion-laubisque\/\",\"name\":\"Habitaci\u00f3n \u201cL'Aubisque\u201d - Gite d'\u00e9tape en Vall\u00e9e d'Ossau : le couvent d'Ossau - Louvie Juzon\",\"isPartOf\":{\"@id\":\"https:\/\/lecouventdossau.com\/es\/#website\"},\"primaryImageOfPage\":{\"@id\":\"https:\/\/lecouventdossau.com\/es\/habitacion-laubisque\/#primaryimage\"},\"image\":{\"@id\":\"https:\/\/lecouventdossau.com\/es\/habitacion-laubisque\/#primaryimage\"},\"thumbnailUrl\":\"https:\/\/lecouventdossau.com\/wp-content\/uploads\/2026\/01\/photo_menu_chambre_aubisque_couvent_ossau-copie.jpg\",\"datePublished\":\"2021-06-02T08:46:06+00:00\",\"dateModified\":\"2024-05-23T19:20:10+00:00\",\"breadcrumb\":{\"@id\":\"https:\/\/lecouventdossau.com\/es\/habitacion-laubisque\/#breadcrumb\"},\"inLanguage\":\"es\",\"potentialAction\":[{\"@type\":\"ReadAction\",\"target\":[\"https:\/\/lecouventdossau.com\/es\/habitacion-laubisque\/\"]}]},{\"@type\":\"ImageObject\",\"inLanguage\":\"es\",\"@id\":\"https:\/\/lecouventdossau.com\/es\/habitacion-laubisque\/#primaryimage\",\"url\":\"https:\/\/lecouventdossau.com\/wp-content\/uploads\/2026\/01\/photo_menu_chambre_aubisque_couvent_ossau-copie.jpg\",\"contentUrl\":\"https:\/\/lecouventdossau.com\/wp-content\/uploads\/2026\/01\/photo_menu_chambre_aubisque_couvent_ossau-copie.jpg\",\"width\":1024,\"height\":800,\"caption\":\"Chambre l'Aubisque\"},{\"@type\":\"BreadcrumbList\",\"@id\":\"https:\/\/lecouventdossau.com\/es\/habitacion-laubisque\/#breadcrumb\",\"itemListElement\":[{\"@type\":\"ListItem\",\"position\":1,\"name\":\"Accueil\",\"item\":\"https:\/\/lecouventdossau.com\/es\/bienvenida\/\"},{\"@type\":\"ListItem\",\"position\":2,\"name\":\"Habitaci\u00f3n \u201cL&#8217;Aubisque\u201d\"}]},{\"@type\":\"WebSite\",\"@id\":\"https:\/\/lecouventdossau.com\/es\/#website\",\"url\":\"https:\/\/lecouventdossau.com\/es\/\",\"name\":\"le Couvent d&#039;Ossau\",\"description\":\"Gite d&#039;\u00e9tape\",\"publisher\":{\"@id\":\"https:\/\/lecouventdossau.com\/es\/#organization\"},\"potentialAction\":[{\"@type\":\"SearchAction\",\"target\":{\"@type\":\"EntryPoint\",\"urlTemplate\":\"https:\/\/lecouventdossau.com\/es\/?s={search_term_string}\"},\"query-input\":{\"@type\":\"PropertyValueSpecification\",\"valueRequired\":true,\"valueName\":\"search_term_string\"}}],\"inLanguage\":\"es\"},{\"@type\":\"Organization\",\"@id\":\"https:\/\/lecouventdossau.com\/es\/#organization\",\"name\":\"le couvent d'Ossau\",\"url\":\"https:\/\/lecouventdossau.com\/es\/\",\"logo\":{\"@type\":\"ImageObject\",\"inLanguage\":\"es\",\"@id\":\"https:\/\/lecouventdossau.com\/es\/#\/schema\/logo\/image\/\",\"url\":\"https:\/\/lecouventdossau.com\/wp-content\/uploads\/2021\/06\/LOGO_Gite_ossau_couvent_OK2_size.jpg\",\"contentUrl\":\"https:\/\/lecouventdossau.com\/wp-content\/uploads\/2021\/06\/LOGO_Gite_ossau_couvent_OK2_size.jpg\",\"width\":1870,\"height\":360,\"caption\":\"le couvent d'Ossau\"},\"image\":{\"@id\":\"https:\/\/lecouventdossau.com\/es\/#\/schema\/logo\/image\/\"},\"sameAs\":[\"https:\/\/www.facebook.com\/Le-Couvent-dOssau-G\u00eete-d\u00e9tape-105139881772403\",\"https:\/\/instagram.com\/lecouventdossau\"]}]}<\/script>\n<!-- \/ Yoast SEO plugin. -->","yoast_head_json":{"title":"Habitaci\u00f3n \u201cL'Aubisque\u201d - Gite d'\u00e9tape en Vall\u00e9e d'Ossau : le couvent d'Ossau - Louvie Juzon","robots":{"index":"index","follow":"follow","max-snippet":"max-snippet:-1","max-image-preview":"max-image-preview:large","max-video-preview":"max-video-preview:-1"},"canonical":"https:\/\/lecouventdossau.com\/es\/habitacion-laubisque\/","og_locale":"es_ES","og_type":"article","og_title":"Habitaci\u00f3n \u201cL'Aubisque\u201d - Gite d'\u00e9tape en Vall\u00e9e d'Ossau : le couvent d'Ossau - Louvie Juzon","og_description":"Una cama de matrimonio 54\u20ac (1 o 2 personas) 2 literas (27\u20ac por persona) Un gran cuarto de ba\u00f1o equipado con ducha y ba\u00f1era, WC. Habitaci\u00f3n para 4 personas m\u00e1ximo Habitaci\u00f3n privatizada desde la primera reserva. Aubisque Situado a 1.709 m de altitud, el Col d'Aubisque es un puerto de monta\u00f1a de carretera en los [&hellip;]","og_url":"https:\/\/lecouventdossau.com\/es\/habitacion-laubisque\/","og_site_name":"le Couvent d&#039;Ossau","article_publisher":"https:\/\/www.facebook.com\/Le-Couvent-dOssau-G%c3%aete-d%c3%a9tape-105139881772403","article_modified_time":"2024-05-23T19:20:10+00:00","og_image":[{"width":1024,"height":800,"url":"https:\/\/lecouventdossau.com\/wp-content\/uploads\/2021\/10\/photo_menu_chambre_aubisque_couvent_ossau.jpg","type":"image\/jpeg"}],"twitter_card":"summary_large_image","twitter_misc":{"Tiempo de lectura":"4 minutos"},"schema":{"@context":"https:\/\/schema.org","@graph":[{"@type":"WebPage","@id":"https:\/\/lecouventdossau.com\/es\/habitacion-laubisque\/","url":"https:\/\/lecouventdossau.com\/es\/habitacion-laubisque\/","name":"Habitaci\u00f3n \u201cL'Aubisque\u201d - Gite d'\u00e9tape en Vall\u00e9e d'Ossau : le couvent d'Ossau - Louvie Juzon","isPartOf":{"@id":"https:\/\/lecouventdossau.com\/es\/#website"},"primaryImageOfPage":{"@id":"https:\/\/lecouventdossau.com\/es\/habitacion-laubisque\/#primaryimage"},"image":{"@id":"https:\/\/lecouventdossau.com\/es\/habitacion-laubisque\/#primaryimage"},"thumbnailUrl":"https:\/\/lecouventdossau.com\/wp-content\/uploads\/2026\/01\/photo_menu_chambre_aubisque_couvent_ossau-copie.jpg","datePublished":"2021-06-02T08:46:06+00:00","dateModified":"2024-05-23T19:20:10+00:00","breadcrumb":{"@id":"https:\/\/lecouventdossau.com\/es\/habitacion-laubisque\/#breadcrumb"},"inLanguage":"es","potentialAction":[{"@type":"ReadAction","target":["https:\/\/lecouventdossau.com\/es\/habitacion-laubisque\/"]}]},{"@type":"ImageObject","inLanguage":"es","@id":"https:\/\/lecouventdossau.com\/es\/habitacion-laubisque\/#primaryimage","url":"https:\/\/lecouventdossau.com\/wp-content\/uploads\/2026\/01\/photo_menu_chambre_aubisque_couvent_ossau-copie.jpg","contentUrl":"https:\/\/lecouventdossau.com\/wp-content\/uploads\/2026\/01\/photo_menu_chambre_aubisque_couvent_ossau-copie.jpg","width":1024,"height":800,"caption":"Chambre l'Aubisque"},{"@type":"BreadcrumbList","@id":"https:\/\/lecouventdossau.com\/es\/habitacion-laubisque\/#breadcrumb","itemListElement":[{"@type":"ListItem","position":1,"name":"Accueil","item":"https:\/\/lecouventdossau.com\/es\/bienvenida\/"},{"@type":"ListItem","position":2,"name":"Habitaci\u00f3n \u201cL&#8217;Aubisque\u201d"}]},{"@type":"WebSite","@id":"https:\/\/lecouventdossau.com\/es\/#website","url":"https:\/\/lecouventdossau.com\/es\/","name":"le Couvent d&#039;Ossau","description":"Gite d&#039;\u00e9tape","publisher":{"@id":"https:\/\/lecouventdossau.com\/es\/#organization"},"potentialAction":[{"@type":"SearchAction","target":{"@type":"EntryPoint","urlTemplate":"https:\/\/lecouventdossau.com\/es\/?s={search_term_string}"},"query-input":{"@type":"PropertyValueSpecification","valueRequired":true,"valueName":"search_term_string"}}],"inLanguage":"es"},{"@type":"Organization","@id":"https:\/\/lecouventdossau.com\/es\/#organization","name":"le couvent d'Ossau","url":"https:\/\/lecouventdossau.com\/es\/","logo":{"@type":"ImageObject","inLanguage":"es","@id":"https:\/\/lecouventdossau.com\/es\/#\/schema\/logo\/image\/","url":"https:\/\/lecouventdossau.com\/wp-content\/uploads\/2021\/06\/LOGO_Gite_ossau_couvent_OK2_size.jpg","contentUrl":"https:\/\/lecouventdossau.com\/wp-content\/uploads\/2021\/06\/LOGO_Gite_ossau_couvent_OK2_size.jpg","width":1870,"height":360,"caption":"le couvent d'Ossau"},"image":{"@id":"https:\/\/lecouventdossau.com\/es\/#\/schema\/logo\/image\/"},"sameAs":["https:\/\/www.facebook.com\/Le-Couvent-dOssau-G\u00eete-d\u00e9tape-105139881772403","https:\/\/instagram.com\/lecouventdossau"]}]}},"_links":{"self":[{"href":"https:\/\/lecouventdossau.com\/es\/wp-json\/wp\/v2\/pages\/1935","targetHints":{"allow":["GET"]}}],"collection":[{"href":"https:\/\/lecouventdossau.com\/es\/wp-json\/wp\/v2\/pages"}],"about":[{"href":"https:\/\/lecouventdossau.com\/es\/wp-json\/wp\/v2\/types\/page"}],"author":[{"embeddable":true,"href":"https:\/\/lecouventdossau.com\/es\/wp-json\/wp\/v2\/users\/1"}],"replies":[{"embeddable":true,"href":"https:\/\/lecouventdossau.com\/es\/wp-json\/wp\/v2\/comments?post=1935"}],"version-history":[{"count":2,"href":"https:\/\/lecouventdossau.com\/es\/wp-json\/wp\/v2\/pages\/1935\/revisions"}],"predecessor-version":[{"id":1937,"href":"https:\/\/lecouventdossau.com\/es\/wp-json\/wp\/v2\/pages\/1935\/revisions\/1937"}],"wp:featuredmedia":[{"embeddable":true,"href":"https:\/\/lecouventdossau.com\/es\/wp-json\/wp\/v2\/media\/1994"}],"wp:attachment":[{"href":"https:\/\/lecouventdossau.com\/es\/wp-json\/wp\/v2\/media?parent=1935"}],"curies":[{"name":"wp","href":"https:\/\/api.w.org\/{rel}","templated":true}]}}