{"id":1941,"date":"2021-06-02T10:38:22","date_gmt":"2021-06-02T08:38:22","guid":{"rendered":"https:\/\/lecouventdossau.com\/habitacion-el-pourtalet\/"},"modified":"2024-05-23T21:23:48","modified_gmt":"2024-05-23T19:23:48","slug":"habitacion-el-pourtalet","status":"publish","type":"page","link":"https:\/\/lecouventdossau.com\/es\/habitacion-el-pourtalet\/","title":{"rendered":"Habitaci\u00f3n \u201cEl Pourtalet\u201d"},"content":{"rendered":"<p>[et_pb_section fb_built=\u00bb1&#8243; _builder_version=\u00bb4.16&#8243; _module_preset=\u00bbdefault\u00bb background_color=\u00bb#fcf4e9&#8243; custom_margin=\u00bb||0px||false|false\u00bb custom_padding=\u00bb0px||0px|||\u00bb locked=\u00bboff\u00bb global_colors_info=\u00bb{}\u00bb theme_builder_area=\u00bbpost_content\u00bb][et_pb_row _builder_version=\u00bb4.16&#8243; _module_preset=\u00bbdefault\u00bb width=\u00bb100%\u00bb max_width=\u00bb100%\u00bb custom_margin=\u00bb|auto|-2px|auto||\u00bb custom_padding=\u00bb0px||3px|||\u00bb global_colors_info=\u00bb{}\u00bb theme_builder_area=\u00bbpost_content\u00bb][et_pb_column type=\u00bb4_4&#8243; _builder_version=\u00bb4.16&#8243; _module_preset=\u00bbdefault\u00bb global_colors_info=\u00bb{}\u00bb theme_builder_area=\u00bbpost_content\u00bb][et_pb_post_title title=\u00bboff\u00bb meta=\u00bboff\u00bb featured_placement=\u00bbabove\u00bb _builder_version=\u00bb4.16&#8243; _module_preset=\u00bbdefault\u00bb text_orientation=\u00bbcenter\u00bb custom_margin=\u00bb||-1px|||\u00bb global_colors_info=\u00bb{}\u00bb theme_builder_area=\u00bbpost_content\u00bb][\/et_pb_post_title][\/et_pb_column][\/et_pb_row][et_pb_row column_structure=\u00bb1_2,1_2&#8243; use_custom_gutter=\u00bbon\u00bb gutter_width=\u00bb1&#8243; make_equal=\u00bbon\u00bb _builder_version=\u00bb4.16&#8243; _module_preset=\u00bbdefault\u00bb width=\u00bb100%\u00bb max_width=\u00bb100%\u00bb custom_margin=\u00bb||0px||false|false\u00bb custom_padding=\u00bb||0px|||\u00bb global_colors_info=\u00bb{}\u00bb theme_builder_area=\u00bbpost_content\u00bb][et_pb_column type=\u00bb1_2&#8243; module_class=\u00bbcentrer-verticalement\u00bb _builder_version=\u00bb4.16&#8243; _module_preset=\u00bbdefault\u00bb global_colors_info=\u00bb{}\u00bb theme_builder_area=\u00bbpost_content\u00bb][et_pb_post_title meta=\u00bboff\u00bb featured_image=\u00bboff\u00bb _builder_version=\u00bb4.16&#8243; _module_preset=\u00bbdefault\u00bb title_font=\u00bbDancing Script||||||||\u00bb title_font_size=\u00bb40px\u00bb text_orientation=\u00bbcenter\u00bb custom_margin=\u00bb||39px|||\u00bb global_colors_info=\u00bb{}\u00bb theme_builder_area=\u00bbpost_content\u00bb][\/et_pb_post_title][et_pb_text _builder_version=\u00bb4.16&#8243; _module_preset=\u00bbdefault\u00bb custom_padding=\u00bb|||10%|false|false\u00bb global_colors_info=\u00bb{}\u00bb theme_builder_area=\u00bbpost_content\u00bb]<\/p>\n<ul>\n<li>Habitaci\u00f3n suite parental<\/li>\n<li>1 cama de 160 (para 1 o 2 personas)<\/li>\n<li>Precio 54\u20ac por noche<\/li>\n<li>Esta habitaci\u00f3n es una suite con ba\u00f1o, ducha y aseo.<\/li>\n<\/ul>\n<p>[\/et_pb_text][\/et_pb_column][et_pb_column type=\u00bb1_2&#8243; _builder_version=\u00bb4.16&#8243; _module_preset=\u00bbdefault\u00bb global_colors_info=\u00bb{}\u00bb theme_builder_area=\u00bbpost_content\u00bb][et_pb_gallery gallery_ids=\u00bb410,411,412,414,828,409,441,442&#8243; fullwidth=\u00bbon\u00bb _builder_version=\u00bb4.16&#8243; _module_preset=\u00bbdefault\u00bb custom_padding=\u00bb10%|10%|10%|10%|true|true\u00bb global_colors_info=\u00bb{}\u00bb theme_builder_area=\u00bbpost_content\u00bb][\/et_pb_gallery][et_pb_button button_url=\u00bbhttps:\/\/lecouventdossau.com\/es\/los-alojamientos\/\u00bb button_text=\u00bbVer otros alojamientos\u00bb button_alignment=\u00bbcenter\u00bb _builder_version=\u00bb4.23.1&#8243; _module_preset=\u00bbdefault\u00bb locked=\u00bboff\u00bb global_colors_info=\u00bb{}\u00bb theme_builder_area=\u00bbpost_content\u00bb][\/et_pb_button][\/et_pb_column][\/et_pb_row][et_pb_row column_structure=\u00bb1_3,1_3,1_3&#8243; use_custom_gutter=\u00bbon\u00bb gutter_width=\u00bb1&#8243; make_equal=\u00bbon\u00bb _builder_version=\u00bb4.16&#8243; _module_preset=\u00bbdefault\u00bb width=\u00bb100%\u00bb width_tablet=\u00bb80%\u00bb width_phone=\u00bb90%\u00bb width_last_edited=\u00bbon|phone\u00bb max_width=\u00bb70%\u00bb max_width_tablet=\u00bb\u00bb max_width_phone=\u00bb90%\u00bb max_width_last_edited=\u00bbon|phone\u00bb module_alignment=\u00bbleft\u00bb custom_margin=\u00bb46px|56px|46px|56px|true|true\u00bb custom_padding=\u00bb33px|0px|33px|48px|true|false\u00bb module_alignment_tablet=\u00bbcenter\u00bb module_alignment_phone=\u00bbcenter\u00bb module_alignment_last_edited=\u00bbon|tablet\u00bb locked=\u00bboff\u00bb global_colors_info=\u00bb{}\u00bb theme_builder_area=\u00bbpost_content\u00bb background_color=\u00bbRGBA(0,0,0,0)\u00bb][et_pb_column type=\u00bb1_3&#8243; module_class=\u00bbcentrer-verticalement\u00bb _builder_version=\u00bb4.16&#8243; _module_preset=\u00bbdefault\u00bb background_color=\u00bb#FFFFFF\u00bb custom_padding=\u00bb0px|0px|0px|0px|true|true\u00bb global_colors_info=\u00bb{}\u00bb theme_builder_area=\u00bbpost_content\u00bb][et_pb_image src=\u00bbhttps:\/\/lecouventdossau.com\/wp-content\/uploads\/2021\/06\/detail_carre_montagne_Pourtalet.jpg\u00bb title_text=\u00bbdetail_carre_montagne_Pourtalet\u00bb align=\u00bbcenter\u00bb force_fullwidth=\u00bbon\u00bb _builder_version=\u00bb4.16&#8243; _module_preset=\u00bbdefault\u00bb background_color=\u00bbRGBA(0,0,0,0)\u00bb custom_padding=\u00bb5%|5%|5%|5%|true|true\u00bb global_colors_info=\u00bb{}\u00bb theme_builder_area=\u00bbpost_content\u00bb][\/et_pb_image][\/et_pb_column][et_pb_column type=\u00bb1_3&#8243; _builder_version=\u00bb4.16&#8243; _module_preset=\u00bbdefault\u00bb global_colors_info=\u00bb{}\u00bb theme_builder_area=\u00bbpost_content\u00bb][et_pb_text _builder_version=\u00bb4.16&#8243; _module_preset=\u00bbdefault\u00bb header_2_font=\u00bb||||||||\u00bb background_color=\u00bb#FFFFFF\u00bb custom_margin=\u00bb0px|0%||0%|false|true\u00bb custom_padding=\u00bb3%|9%|3%|9%|true|true\u00bb locked=\u00bboff\u00bb global_colors_info=\u00bb{}\u00bb theme_builder_area=\u00bbpost_content\u00bb]<\/p>\n<h2><b>El Pourtalet<\/b><\/h2>\n<p><span style=\"font-weight: 400;\">Situado a 1.794 m de altitud, el Col du Pourtalet domina el circo de An\u00e9ou y ofrece una magn\u00edfica vista del Pic du Midi d&#8217;Ossau. <\/span><\/p>\n<p><span style=\"font-weight: 400;\">El Col du Pourtalet es un punto de partida para diversas excursiones por las monta\u00f1as de los alrededores.<\/span><\/p>\n<p>[\/et_pb_text][\/et_pb_column][et_pb_column type=\u00bb1_3&#8243; _builder_version=\u00bb4.16&#8243; _module_preset=\u00bbdefault\u00bb global_colors_info=\u00bb{}\u00bb theme_builder_area=\u00bbpost_content\u00bb][et_pb_code admin_label=\u00bbreservar\u00bb _builder_version=\u00bb4.23.1&#8243; _module_preset=\u00bbdefault\u00bb hover_enabled=\u00bb0&#8243; global_colors_info=\u00bb{}\u00bb theme_builder_area=\u00bbpost_content\u00bb locked=\u00bboff\u00bb sticky_enabled=\u00bb0&#8243;]<\/p>\n<div id=\"ConstellationButtonContainer875528b4-2ff2-494e-8ec3-4795c5e17ab0\" style=\"width:100%; text-align:center;\" title=\"Casa rural de escala El convento de Ossau\" data-id-projet=\"875528b42ff2494e8ec34795c5e17ab0\">Cargando&#8230;<\/div>\n<p><script type=\"text\/javascript\" src=\"https:\/\/reservation.elloha.com\/Scripts\/widget-loader.min.js?v=42\"><\/script><script type=\"text\/javascript\">var constellationWidgetUrl875528b42ff2494e8ec34795c5e17ab0, constellationTypeModule875528b42ff2494e8ec34795c5e17ab0; constellationWidgetUrl875528b42ff2494e8ec34795c5e17ab0 = 'https:\/\/reservation.elloha.com\/Widget\/BookingButton\/875528b4-2ff2-494e-8ec3-4795c5e17ab0?idoi=09742948-a75d-457f-ba1b-fb7d79e1f4d6&culture=fr-FR'; constellationTypeModule875528b42ff2494e8ec34795c5e17ab0=3; constellationBookingButtonLoad('ConstellationButtonContainer875528b4-2ff2-494e-8ec3-4795c5e17ab0');<\/script>[\/et_pb_code][\/et_pb_column][\/et_pb_row][et_pb_row _builder_version=\u00bb4.23.1&#8243; _module_preset=\u00bbdefault\u00bb global_colors_info=\u00bb{}\u00bb theme_builder_area=\u00bbpost_content\u00bb locked=\u00bboff\u00bb][et_pb_column type=\u00bb4_4&#8243; _builder_version=\u00bb4.23.1&#8243; _module_preset=\u00bbdefault\u00bb global_colors_info=\u00bb{}\u00bb theme_builder_area=\u00bbpost_content\u00bb][et_pb_text _builder_version=\u00bb4.23.1&#8243; _module_preset=\u00bbdefault\u00bb global_colors_info=\u00bb{}\u00bb theme_builder_area=\u00bbpost_content\u00bb]<\/p>\n<h1 style=\"text-align: center;\">Ocupaci\u00f3n<\/h1>\n<p>[\/et_pb_text][et_pb_code _builder_version=\u00bb4.23.1&#8243; _module_preset=\u00bbdefault\u00bb hover_enabled=\u00bb0&#8243; global_colors_info=\u00bb{}\u00bb theme_builder_area=\u00bbpost_content\u00bb sticky_enabled=\u00bb0&#8243;]<\/p>\n<div id=\"ConstellationCalendarContainer9ffd36e1-f1ab-45fa-8dac-7c6f010cd390\" style=\"width:100%; text-align:center;\" title=\"Casa rural de escala El convento de Ossau\" data-id-projet=\"9ffd36e1f1ab45fa8dac7c6f010cd390\">Cargando&#8230;<\/div>\n<p><script type=\"text\/javascript\" src=\"https:\/\/reservation.elloha.com\/Scripts\/widget-loader.min.js?v=42\"><\/script><script type=\"text\/javascript\">var constellationWidgetUrl9ffd36e1f1ab45fa8dac7c6f010cd390, constellationTypeModule9ffd36e1f1ab45fa8dac7c6f010cd390; constellationWidgetUrl9ffd36e1f1ab45fa8dac7c6f010cd390 = 'https:\/\/reservation.elloha.com\/Widget\/BookingCalendar\/9ffd36e1-f1ab-45fa-8dac-7c6f010cd390?idoi=09742948-a75d-457f-ba1b-fb7d79e1f4d6'; constellationTypeModule9ffd36e1f1ab45fa8dac7c6f010cd390=2; constellationBookingCalendarLoad('ConstellationCalendarContainer9ffd36e1-f1ab-45fa-8dac-7c6f010cd390'); constellationWidgetAddEvent(window, \"resize\", function () { constellationWidgetSetAppearance('ConstellationCalendarContainer9ffd36e1-f1ab-45fa-8dac-7c6f010cd390'); });<\/script>[\/et_pb_code][\/et_pb_column][\/et_pb_row][\/et_pb_section]<\/p>\n","protected":false},"excerpt":{"rendered":"<p>Habitaci\u00f3n suite parental 1 cama de 160 (para 1 o 2 personas) Precio 54\u20ac por noche Esta habitaci\u00f3n es una suite con ba\u00f1o, ducha y aseo. El Pourtalet Situado a 1.794 m de altitud, el Col du Pourtalet domina el circo de An\u00e9ou y ofrece una magn\u00edfica vista del Pic du Midi d&#8217;Ossau. El Col [&hellip;]<\/p>\n","protected":false},"author":1,"featured_media":1510,"parent":0,"menu_order":0,"comment_status":"closed","ping_status":"closed","template":"","meta":{"_et_pb_use_builder":"on","_et_pb_old_content":"","_et_gb_content_width":"","footnotes":""},"class_list":["post-1941","page","type-page","status-publish","has-post-thumbnail","hentry"],"yoast_head":"<!-- This site is optimized with the Yoast SEO plugin v26.6 - https:\/\/yoast.com\/wordpress\/plugins\/seo\/ -->\n<title>Habitaci\u00f3n \u201cEl Pourtalet\u201d - Gite d&#039;\u00e9tape en Vall\u00e9e d&#039;Ossau : le couvent d&#039;Ossau - Louvie Juzon<\/title>\n<meta name=\"robots\" content=\"index, follow, max-snippet:-1, max-image-preview:large, max-video-preview:-1\" \/>\n<link rel=\"canonical\" href=\"https:\/\/lecouventdossau.com\/es\/habitacion-el-pourtalet\/\" \/>\n<meta property=\"og:locale\" content=\"es_ES\" \/>\n<meta property=\"og:type\" content=\"article\" \/>\n<meta property=\"og:title\" content=\"Habitaci\u00f3n \u201cEl Pourtalet\u201d - Gite d&#039;\u00e9tape en Vall\u00e9e d&#039;Ossau : le couvent d&#039;Ossau - Louvie Juzon\" \/>\n<meta property=\"og:description\" content=\"Habitaci\u00f3n suite parental 1 cama de 160 (para 1 o 2 personas) Precio 54\u20ac por noche Esta habitaci\u00f3n es una suite con ba\u00f1o, ducha y aseo. El Pourtalet Situado a 1.794 m de altitud, el Col du Pourtalet domina el circo de An\u00e9ou y ofrece una magn\u00edfica vista del Pic du Midi d&#039;Ossau. El Col [&hellip;]\" \/>\n<meta property=\"og:url\" content=\"https:\/\/lecouventdossau.com\/es\/habitacion-el-pourtalet\/\" \/>\n<meta property=\"og:site_name\" content=\"le Couvent d&#039;Ossau\" \/>\n<meta property=\"article:publisher\" content=\"https:\/\/www.facebook.com\/Le-Couvent-dOssau-G%c3%aete-d%c3%a9tape-105139881772403\" \/>\n<meta property=\"article:modified_time\" content=\"2024-05-23T19:23:48+00:00\" \/>\n<meta property=\"og:image\" content=\"https:\/\/lecouventdossau.com\/wp-content\/uploads\/2021\/05\/Chambre_visuel_Pourtalet.jpg\" \/>\n\t<meta property=\"og:image:width\" content=\"1024\" \/>\n\t<meta property=\"og:image:height\" content=\"800\" \/>\n\t<meta property=\"og:image:type\" content=\"image\/jpeg\" \/>\n<meta name=\"twitter:card\" content=\"summary_large_image\" \/>\n<meta name=\"twitter:label1\" content=\"Tiempo de lectura\" \/>\n\t<meta name=\"twitter:data1\" content=\"4 minutos\" \/>\n<script type=\"application\/ld+json\" class=\"yoast-schema-graph\">{\"@context\":\"https:\/\/schema.org\",\"@graph\":[{\"@type\":\"WebPage\",\"@id\":\"https:\/\/lecouventdossau.com\/es\/habitacion-el-pourtalet\/\",\"url\":\"https:\/\/lecouventdossau.com\/es\/habitacion-el-pourtalet\/\",\"name\":\"Habitaci\u00f3n \u201cEl Pourtalet\u201d - Gite d'\u00e9tape en Vall\u00e9e d'Ossau : le couvent d'Ossau - Louvie Juzon\",\"isPartOf\":{\"@id\":\"https:\/\/lecouventdossau.com\/es\/#website\"},\"primaryImageOfPage\":{\"@id\":\"https:\/\/lecouventdossau.com\/es\/habitacion-el-pourtalet\/#primaryimage\"},\"image\":{\"@id\":\"https:\/\/lecouventdossau.com\/es\/habitacion-el-pourtalet\/#primaryimage\"},\"thumbnailUrl\":\"https:\/\/lecouventdossau.com\/wp-content\/uploads\/2021\/05\/Chambre_visuel_Pourtalet.jpg\",\"datePublished\":\"2021-06-02T08:38:22+00:00\",\"dateModified\":\"2024-05-23T19:23:48+00:00\",\"breadcrumb\":{\"@id\":\"https:\/\/lecouventdossau.com\/es\/habitacion-el-pourtalet\/#breadcrumb\"},\"inLanguage\":\"es\",\"potentialAction\":[{\"@type\":\"ReadAction\",\"target\":[\"https:\/\/lecouventdossau.com\/es\/habitacion-el-pourtalet\/\"]}]},{\"@type\":\"ImageObject\",\"inLanguage\":\"es\",\"@id\":\"https:\/\/lecouventdossau.com\/es\/habitacion-el-pourtalet\/#primaryimage\",\"url\":\"https:\/\/lecouventdossau.com\/wp-content\/uploads\/2021\/05\/Chambre_visuel_Pourtalet.jpg\",\"contentUrl\":\"https:\/\/lecouventdossau.com\/wp-content\/uploads\/2021\/05\/Chambre_visuel_Pourtalet.jpg\",\"width\":1024,\"height\":800},{\"@type\":\"BreadcrumbList\",\"@id\":\"https:\/\/lecouventdossau.com\/es\/habitacion-el-pourtalet\/#breadcrumb\",\"itemListElement\":[{\"@type\":\"ListItem\",\"position\":1,\"name\":\"Accueil\",\"item\":\"https:\/\/lecouventdossau.com\/es\/bienvenida\/\"},{\"@type\":\"ListItem\",\"position\":2,\"name\":\"Habitaci\u00f3n \u201cEl Pourtalet\u201d\"}]},{\"@type\":\"WebSite\",\"@id\":\"https:\/\/lecouventdossau.com\/es\/#website\",\"url\":\"https:\/\/lecouventdossau.com\/es\/\",\"name\":\"le Couvent d&#039;Ossau\",\"description\":\"Gite d&#039;\u00e9tape\",\"publisher\":{\"@id\":\"https:\/\/lecouventdossau.com\/es\/#organization\"},\"potentialAction\":[{\"@type\":\"SearchAction\",\"target\":{\"@type\":\"EntryPoint\",\"urlTemplate\":\"https:\/\/lecouventdossau.com\/es\/?s={search_term_string}\"},\"query-input\":{\"@type\":\"PropertyValueSpecification\",\"valueRequired\":true,\"valueName\":\"search_term_string\"}}],\"inLanguage\":\"es\"},{\"@type\":\"Organization\",\"@id\":\"https:\/\/lecouventdossau.com\/es\/#organization\",\"name\":\"le couvent d'Ossau\",\"url\":\"https:\/\/lecouventdossau.com\/es\/\",\"logo\":{\"@type\":\"ImageObject\",\"inLanguage\":\"es\",\"@id\":\"https:\/\/lecouventdossau.com\/es\/#\/schema\/logo\/image\/\",\"url\":\"https:\/\/lecouventdossau.com\/wp-content\/uploads\/2021\/06\/LOGO_Gite_ossau_couvent_OK2_size.jpg\",\"contentUrl\":\"https:\/\/lecouventdossau.com\/wp-content\/uploads\/2021\/06\/LOGO_Gite_ossau_couvent_OK2_size.jpg\",\"width\":1870,\"height\":360,\"caption\":\"le couvent d'Ossau\"},\"image\":{\"@id\":\"https:\/\/lecouventdossau.com\/es\/#\/schema\/logo\/image\/\"},\"sameAs\":[\"https:\/\/www.facebook.com\/Le-Couvent-dOssau-G\u00eete-d\u00e9tape-105139881772403\",\"https:\/\/instagram.com\/lecouventdossau\"]}]}<\/script>\n<!-- \/ Yoast SEO plugin. -->","yoast_head_json":{"title":"Habitaci\u00f3n \u201cEl Pourtalet\u201d - Gite d'\u00e9tape en Vall\u00e9e d'Ossau : le couvent d'Ossau - Louvie Juzon","robots":{"index":"index","follow":"follow","max-snippet":"max-snippet:-1","max-image-preview":"max-image-preview:large","max-video-preview":"max-video-preview:-1"},"canonical":"https:\/\/lecouventdossau.com\/es\/habitacion-el-pourtalet\/","og_locale":"es_ES","og_type":"article","og_title":"Habitaci\u00f3n \u201cEl Pourtalet\u201d - Gite d'\u00e9tape en Vall\u00e9e d'Ossau : le couvent d'Ossau - Louvie Juzon","og_description":"Habitaci\u00f3n suite parental 1 cama de 160 (para 1 o 2 personas) Precio 54\u20ac por noche Esta habitaci\u00f3n es una suite con ba\u00f1o, ducha y aseo. El Pourtalet Situado a 1.794 m de altitud, el Col du Pourtalet domina el circo de An\u00e9ou y ofrece una magn\u00edfica vista del Pic du Midi d'Ossau. El Col [&hellip;]","og_url":"https:\/\/lecouventdossau.com\/es\/habitacion-el-pourtalet\/","og_site_name":"le Couvent d&#039;Ossau","article_publisher":"https:\/\/www.facebook.com\/Le-Couvent-dOssau-G%c3%aete-d%c3%a9tape-105139881772403","article_modified_time":"2024-05-23T19:23:48+00:00","og_image":[{"width":1024,"height":800,"url":"https:\/\/lecouventdossau.com\/wp-content\/uploads\/2021\/05\/Chambre_visuel_Pourtalet.jpg","type":"image\/jpeg"}],"twitter_card":"summary_large_image","twitter_misc":{"Tiempo de lectura":"4 minutos"},"schema":{"@context":"https:\/\/schema.org","@graph":[{"@type":"WebPage","@id":"https:\/\/lecouventdossau.com\/es\/habitacion-el-pourtalet\/","url":"https:\/\/lecouventdossau.com\/es\/habitacion-el-pourtalet\/","name":"Habitaci\u00f3n \u201cEl Pourtalet\u201d - Gite d'\u00e9tape en Vall\u00e9e d'Ossau : le couvent d'Ossau - Louvie Juzon","isPartOf":{"@id":"https:\/\/lecouventdossau.com\/es\/#website"},"primaryImageOfPage":{"@id":"https:\/\/lecouventdossau.com\/es\/habitacion-el-pourtalet\/#primaryimage"},"image":{"@id":"https:\/\/lecouventdossau.com\/es\/habitacion-el-pourtalet\/#primaryimage"},"thumbnailUrl":"https:\/\/lecouventdossau.com\/wp-content\/uploads\/2021\/05\/Chambre_visuel_Pourtalet.jpg","datePublished":"2021-06-02T08:38:22+00:00","dateModified":"2024-05-23T19:23:48+00:00","breadcrumb":{"@id":"https:\/\/lecouventdossau.com\/es\/habitacion-el-pourtalet\/#breadcrumb"},"inLanguage":"es","potentialAction":[{"@type":"ReadAction","target":["https:\/\/lecouventdossau.com\/es\/habitacion-el-pourtalet\/"]}]},{"@type":"ImageObject","inLanguage":"es","@id":"https:\/\/lecouventdossau.com\/es\/habitacion-el-pourtalet\/#primaryimage","url":"https:\/\/lecouventdossau.com\/wp-content\/uploads\/2021\/05\/Chambre_visuel_Pourtalet.jpg","contentUrl":"https:\/\/lecouventdossau.com\/wp-content\/uploads\/2021\/05\/Chambre_visuel_Pourtalet.jpg","width":1024,"height":800},{"@type":"BreadcrumbList","@id":"https:\/\/lecouventdossau.com\/es\/habitacion-el-pourtalet\/#breadcrumb","itemListElement":[{"@type":"ListItem","position":1,"name":"Accueil","item":"https:\/\/lecouventdossau.com\/es\/bienvenida\/"},{"@type":"ListItem","position":2,"name":"Habitaci\u00f3n \u201cEl Pourtalet\u201d"}]},{"@type":"WebSite","@id":"https:\/\/lecouventdossau.com\/es\/#website","url":"https:\/\/lecouventdossau.com\/es\/","name":"le Couvent d&#039;Ossau","description":"Gite d&#039;\u00e9tape","publisher":{"@id":"https:\/\/lecouventdossau.com\/es\/#organization"},"potentialAction":[{"@type":"SearchAction","target":{"@type":"EntryPoint","urlTemplate":"https:\/\/lecouventdossau.com\/es\/?s={search_term_string}"},"query-input":{"@type":"PropertyValueSpecification","valueRequired":true,"valueName":"search_term_string"}}],"inLanguage":"es"},{"@type":"Organization","@id":"https:\/\/lecouventdossau.com\/es\/#organization","name":"le couvent d'Ossau","url":"https:\/\/lecouventdossau.com\/es\/","logo":{"@type":"ImageObject","inLanguage":"es","@id":"https:\/\/lecouventdossau.com\/es\/#\/schema\/logo\/image\/","url":"https:\/\/lecouventdossau.com\/wp-content\/uploads\/2021\/06\/LOGO_Gite_ossau_couvent_OK2_size.jpg","contentUrl":"https:\/\/lecouventdossau.com\/wp-content\/uploads\/2021\/06\/LOGO_Gite_ossau_couvent_OK2_size.jpg","width":1870,"height":360,"caption":"le couvent d'Ossau"},"image":{"@id":"https:\/\/lecouventdossau.com\/es\/#\/schema\/logo\/image\/"},"sameAs":["https:\/\/www.facebook.com\/Le-Couvent-dOssau-G\u00eete-d\u00e9tape-105139881772403","https:\/\/instagram.com\/lecouventdossau"]}]}},"_links":{"self":[{"href":"https:\/\/lecouventdossau.com\/es\/wp-json\/wp\/v2\/pages\/1941","targetHints":{"allow":["GET"]}}],"collection":[{"href":"https:\/\/lecouventdossau.com\/es\/wp-json\/wp\/v2\/pages"}],"about":[{"href":"https:\/\/lecouventdossau.com\/es\/wp-json\/wp\/v2\/types\/page"}],"author":[{"embeddable":true,"href":"https:\/\/lecouventdossau.com\/es\/wp-json\/wp\/v2\/users\/1"}],"replies":[{"embeddable":true,"href":"https:\/\/lecouventdossau.com\/es\/wp-json\/wp\/v2\/comments?post=1941"}],"version-history":[{"count":2,"href":"https:\/\/lecouventdossau.com\/es\/wp-json\/wp\/v2\/pages\/1941\/revisions"}],"predecessor-version":[{"id":1943,"href":"https:\/\/lecouventdossau.com\/es\/wp-json\/wp\/v2\/pages\/1941\/revisions\/1943"}],"wp:featuredmedia":[{"embeddable":true,"href":"https:\/\/lecouventdossau.com\/es\/wp-json\/wp\/v2\/media\/1510"}],"wp:attachment":[{"href":"https:\/\/lecouventdossau.com\/es\/wp-json\/wp\/v2\/media?parent=1941"}],"curies":[{"name":"wp","href":"https:\/\/api.w.org\/{rel}","templated":true}]}}