{"id":1965,"date":"2021-05-23T09:30:00","date_gmt":"2021-05-23T07:30:00","guid":{"rendered":"https:\/\/lecouventdossau.com\/notas-legales\/"},"modified":"2024-05-23T21:50:28","modified_gmt":"2024-05-23T19:50:28","slug":"notas-legales","status":"publish","type":"page","link":"https:\/\/lecouventdossau.com\/es\/notas-legales\/","title":{"rendered":"Notas legales"},"content":{"rendered":"<p>[et_pb_section fb_built=\u00bb1&#8243; _builder_version=\u00bb4.16&#8243; _module_preset=\u00bbdefault\u00bb background_color=\u00bb#fcf4e9&#8243; global_colors_info=\u00bb{}\u00bb][et_pb_row use_custom_gutter=\u00bbon\u00bb make_equal=\u00bbon\u00bb _builder_version=\u00bb4.16&#8243; _module_preset=\u00bbdefault\u00bb width=\u00bb100%\u00bb max_width=\u00bb100%\u00bb custom_padding=\u00bb|5%||5%|false|true\u00bb global_colors_info=\u00bb{}\u00bb][et_pb_column type=\u00bb4_4&#8243; _builder_version=\u00bb4.16&#8243; _module_preset=\u00bbdefault\u00bb global_colors_info=\u00bb{}\u00bb][et_pb_post_title meta=\u00bboff\u00bb featured_image=\u00bboff\u00bb _builder_version=\u00bb4.16&#8243; _module_preset=\u00bbdefault\u00bb global_colors_info=\u00bb{}\u00bb][\/et_pb_post_title][et_pb_text _builder_version=\u00bb4.16&#8243; _module_preset=\u00bbdefault\u00bb global_colors_info=\u00bb{}\u00bb]<\/p>\n<h2>Avisos legales, cr\u00e9ditos y condiciones generales<\/h2>\n<p>El editor del sitio <strong>lecouventdossau.com<\/strong> es el <strong>Sr. Jean-Marc Bonafous<\/strong>, de la sociedad Le Couvent d&#8217;Ossau, inscrita en el Registro de la C\u00e1mara de Comercio e Industria de los Pirineos Atl\u00e1nticos.<\/p>\n<p>El sitio web <strong>lecouventdossau.com<\/strong><strong> <\/strong>est\u00e1 alojado en OVH.<\/p>\n<h3>Dise\u00f1o, gr\u00e1ficos y desarrollo<\/h3>\n<p><a title=\"Joignant Conseils\" href=\"https:\/\/jean-pierre.joignant.com\/\">Joignant Conseils<\/a> &amp; <a title=\"Anne Sophie Pasteau\" href=\"https:\/\/aspasteau.fr\/\">Anne Sophie Pasteau<\/a><\/p>\n<p>El acceso y navegaci\u00f3n en el sitio supone, por parte del internauta, la aceptaci\u00f3n sin reservas de los siguientes datos:<\/p>\n<h3>Propiedad intelectual<\/h3>\n<p>Todo este sitio est\u00e1 sujeto a la legislaci\u00f3n francesa e internacional sobre derechos de autor y propiedad intelectual. Todos los derechos de reproducci\u00f3n est\u00e1n reservados para los textos y fotograf\u00edas de este sitio. La reproducci\u00f3n total o parcial de este sitio en cualquier soporte electr\u00f3nico o de otro tipo est\u00e1 estrictamente prohibida sin la autorizaci\u00f3n escrita del autor, de conformidad con el art\u00edculo L 122-4 del C\u00f3digo de la Propiedad Intelectual.<\/p>\n<p>El acceso o uso de este sitio constituye la aceptaci\u00f3n de estas disposiciones.<\/p>\n<p>Este sitio y la informaci\u00f3n, nombres, im\u00e1genes, fotograf\u00edas, logotipos e \u00edconos relacionados con <strong>Le couvent d&#8217;ossau<\/strong> y\/o sus productos y servicios se ofrecen \u00abtal cual\u00bb y \u00absujeto a disponibilidad\u00bb. La sociedad <strong>Le couvent d&#8217;ossau<\/strong> no declara ni garantiza de ning\u00fan modo, expl\u00edcita o impl\u00edcitamente, que el sitio responda a una necesidad particular, que sea comercializable, que sea exacto, fiable o completo. Adem\u00e1s, la sociedad <strong>Le couvent d&#8217;ossau<\/strong> declina toda responsabilidad si el servidor que lo hace accesible est\u00e1 equipado con un virus. Las publicaciones de este sitio pueden contener imprecisiones de car\u00e1cter t\u00e9cnico o de otro tipo, o errores tipogr\u00e1ficos que pueden corregirse a discreci\u00f3n exclusiva de <strong>Le couvent d&#8217;ossau<\/strong>. Cualquier correcci\u00f3n y modificaci\u00f3n podr\u00e1 incorporarse posteriormente a este sitio. La empresa <strong>Le couvent d&#8217;ossau<\/strong> podr\u00e1 en cualquier momento modificar, mejorar y\/o cambiar los t\u00e9rminos o la informaci\u00f3n presentada en este sitio o los productos y servicios a los que se hace referencia.<\/p>\n<p>&nbsp;<\/p>\n<p>&nbsp;<br \/>\n[\/et_pb_text][\/et_pb_column][\/et_pb_row][\/et_pb_section]<\/p>\n","protected":false},"excerpt":{"rendered":"<p>Avisos legales, cr\u00e9ditos y condiciones generales El editor del sitio lecouventdossau.com es el Sr. Jean-Marc Bonafous, de la sociedad Le Couvent d&#8217;Ossau, inscrita en el Registro de la C\u00e1mara de Comercio e Industria de los Pirineos Atl\u00e1nticos. El sitio web lecouventdossau.com est\u00e1 alojado en OVH. Dise\u00f1o, gr\u00e1ficos y desarrollo Joignant Conseils &amp; Anne Sophie Pasteau [&hellip;]<\/p>\n","protected":false},"author":1,"featured_media":0,"parent":0,"menu_order":0,"comment_status":"closed","ping_status":"closed","template":"","meta":{"_et_pb_use_builder":"on","_et_pb_old_content":"","_et_gb_content_width":"","footnotes":""},"class_list":["post-1965","page","type-page","status-publish","hentry"],"yoast_head":"<!-- This site is optimized with the Yoast SEO plugin v26.6 - https:\/\/yoast.com\/wordpress\/plugins\/seo\/ -->\n<title>Notas legales - Gite d&#039;\u00e9tape en Vall\u00e9e d&#039;Ossau : le couvent d&#039;Ossau - Louvie Juzon<\/title>\n<meta name=\"robots\" content=\"index, follow, max-snippet:-1, max-image-preview:large, max-video-preview:-1\" \/>\n<link rel=\"canonical\" href=\"https:\/\/lecouventdossau.com\/es\/notas-legales\/\" \/>\n<meta property=\"og:locale\" content=\"es_ES\" \/>\n<meta property=\"og:type\" content=\"article\" \/>\n<meta property=\"og:title\" content=\"Notas legales - Gite d&#039;\u00e9tape en Vall\u00e9e d&#039;Ossau : le couvent d&#039;Ossau - Louvie Juzon\" \/>\n<meta property=\"og:description\" content=\"Avisos legales, cr\u00e9ditos y condiciones generales El editor del sitio lecouventdossau.com es el Sr. Jean-Marc Bonafous, de la sociedad Le Couvent d&#039;Ossau, inscrita en el Registro de la C\u00e1mara de Comercio e Industria de los Pirineos Atl\u00e1nticos. El sitio web lecouventdossau.com est\u00e1 alojado en OVH. Dise\u00f1o, gr\u00e1ficos y desarrollo Joignant Conseils &amp; Anne Sophie Pasteau [&hellip;]\" \/>\n<meta property=\"og:url\" content=\"https:\/\/lecouventdossau.com\/es\/notas-legales\/\" \/>\n<meta property=\"og:site_name\" content=\"le Couvent d&#039;Ossau\" \/>\n<meta property=\"article:publisher\" content=\"https:\/\/www.facebook.com\/Le-Couvent-dOssau-G%c3%aete-d%c3%a9tape-105139881772403\" \/>\n<meta property=\"article:modified_time\" content=\"2024-05-23T19:50:28+00:00\" \/>\n<meta name=\"twitter:card\" content=\"summary_large_image\" \/>\n<meta name=\"twitter:label1\" content=\"Tiempo de lectura\" \/>\n\t<meta name=\"twitter:data1\" content=\"2 minutos\" \/>\n<script type=\"application\/ld+json\" class=\"yoast-schema-graph\">{\"@context\":\"https:\/\/schema.org\",\"@graph\":[{\"@type\":\"WebPage\",\"@id\":\"https:\/\/lecouventdossau.com\/es\/notas-legales\/\",\"url\":\"https:\/\/lecouventdossau.com\/es\/notas-legales\/\",\"name\":\"Notas legales - Gite d'\u00e9tape en Vall\u00e9e d'Ossau : le couvent d'Ossau - Louvie Juzon\",\"isPartOf\":{\"@id\":\"https:\/\/lecouventdossau.com\/es\/#website\"},\"datePublished\":\"2021-05-23T07:30:00+00:00\",\"dateModified\":\"2024-05-23T19:50:28+00:00\",\"breadcrumb\":{\"@id\":\"https:\/\/lecouventdossau.com\/es\/notas-legales\/#breadcrumb\"},\"inLanguage\":\"es\",\"potentialAction\":[{\"@type\":\"ReadAction\",\"target\":[\"https:\/\/lecouventdossau.com\/es\/notas-legales\/\"]}]},{\"@type\":\"BreadcrumbList\",\"@id\":\"https:\/\/lecouventdossau.com\/es\/notas-legales\/#breadcrumb\",\"itemListElement\":[{\"@type\":\"ListItem\",\"position\":1,\"name\":\"Accueil\",\"item\":\"https:\/\/lecouventdossau.com\/es\/bienvenida\/\"},{\"@type\":\"ListItem\",\"position\":2,\"name\":\"Notas legales\"}]},{\"@type\":\"WebSite\",\"@id\":\"https:\/\/lecouventdossau.com\/es\/#website\",\"url\":\"https:\/\/lecouventdossau.com\/es\/\",\"name\":\"le Couvent d&#039;Ossau\",\"description\":\"Gite d&#039;\u00e9tape\",\"publisher\":{\"@id\":\"https:\/\/lecouventdossau.com\/es\/#organization\"},\"potentialAction\":[{\"@type\":\"SearchAction\",\"target\":{\"@type\":\"EntryPoint\",\"urlTemplate\":\"https:\/\/lecouventdossau.com\/es\/?s={search_term_string}\"},\"query-input\":{\"@type\":\"PropertyValueSpecification\",\"valueRequired\":true,\"valueName\":\"search_term_string\"}}],\"inLanguage\":\"es\"},{\"@type\":\"Organization\",\"@id\":\"https:\/\/lecouventdossau.com\/es\/#organization\",\"name\":\"le couvent d'Ossau\",\"url\":\"https:\/\/lecouventdossau.com\/es\/\",\"logo\":{\"@type\":\"ImageObject\",\"inLanguage\":\"es\",\"@id\":\"https:\/\/lecouventdossau.com\/es\/#\/schema\/logo\/image\/\",\"url\":\"https:\/\/lecouventdossau.com\/wp-content\/uploads\/2021\/06\/LOGO_Gite_ossau_couvent_OK2_size.jpg\",\"contentUrl\":\"https:\/\/lecouventdossau.com\/wp-content\/uploads\/2021\/06\/LOGO_Gite_ossau_couvent_OK2_size.jpg\",\"width\":1870,\"height\":360,\"caption\":\"le couvent d'Ossau\"},\"image\":{\"@id\":\"https:\/\/lecouventdossau.com\/es\/#\/schema\/logo\/image\/\"},\"sameAs\":[\"https:\/\/www.facebook.com\/Le-Couvent-dOssau-G\u00eete-d\u00e9tape-105139881772403\",\"https:\/\/instagram.com\/lecouventdossau\"]}]}<\/script>\n<!-- \/ Yoast SEO plugin. -->","yoast_head_json":{"title":"Notas legales - Gite d'\u00e9tape en Vall\u00e9e d'Ossau : le couvent d'Ossau - Louvie Juzon","robots":{"index":"index","follow":"follow","max-snippet":"max-snippet:-1","max-image-preview":"max-image-preview:large","max-video-preview":"max-video-preview:-1"},"canonical":"https:\/\/lecouventdossau.com\/es\/notas-legales\/","og_locale":"es_ES","og_type":"article","og_title":"Notas legales - Gite d'\u00e9tape en Vall\u00e9e d'Ossau : le couvent d'Ossau - Louvie Juzon","og_description":"Avisos legales, cr\u00e9ditos y condiciones generales El editor del sitio lecouventdossau.com es el Sr. Jean-Marc Bonafous, de la sociedad Le Couvent d'Ossau, inscrita en el Registro de la C\u00e1mara de Comercio e Industria de los Pirineos Atl\u00e1nticos. El sitio web lecouventdossau.com est\u00e1 alojado en OVH. Dise\u00f1o, gr\u00e1ficos y desarrollo Joignant Conseils &amp; Anne Sophie Pasteau [&hellip;]","og_url":"https:\/\/lecouventdossau.com\/es\/notas-legales\/","og_site_name":"le Couvent d&#039;Ossau","article_publisher":"https:\/\/www.facebook.com\/Le-Couvent-dOssau-G%c3%aete-d%c3%a9tape-105139881772403","article_modified_time":"2024-05-23T19:50:28+00:00","twitter_card":"summary_large_image","twitter_misc":{"Tiempo de lectura":"2 minutos"},"schema":{"@context":"https:\/\/schema.org","@graph":[{"@type":"WebPage","@id":"https:\/\/lecouventdossau.com\/es\/notas-legales\/","url":"https:\/\/lecouventdossau.com\/es\/notas-legales\/","name":"Notas legales - Gite d'\u00e9tape en Vall\u00e9e d'Ossau : le couvent d'Ossau - Louvie Juzon","isPartOf":{"@id":"https:\/\/lecouventdossau.com\/es\/#website"},"datePublished":"2021-05-23T07:30:00+00:00","dateModified":"2024-05-23T19:50:28+00:00","breadcrumb":{"@id":"https:\/\/lecouventdossau.com\/es\/notas-legales\/#breadcrumb"},"inLanguage":"es","potentialAction":[{"@type":"ReadAction","target":["https:\/\/lecouventdossau.com\/es\/notas-legales\/"]}]},{"@type":"BreadcrumbList","@id":"https:\/\/lecouventdossau.com\/es\/notas-legales\/#breadcrumb","itemListElement":[{"@type":"ListItem","position":1,"name":"Accueil","item":"https:\/\/lecouventdossau.com\/es\/bienvenida\/"},{"@type":"ListItem","position":2,"name":"Notas legales"}]},{"@type":"WebSite","@id":"https:\/\/lecouventdossau.com\/es\/#website","url":"https:\/\/lecouventdossau.com\/es\/","name":"le Couvent d&#039;Ossau","description":"Gite d&#039;\u00e9tape","publisher":{"@id":"https:\/\/lecouventdossau.com\/es\/#organization"},"potentialAction":[{"@type":"SearchAction","target":{"@type":"EntryPoint","urlTemplate":"https:\/\/lecouventdossau.com\/es\/?s={search_term_string}"},"query-input":{"@type":"PropertyValueSpecification","valueRequired":true,"valueName":"search_term_string"}}],"inLanguage":"es"},{"@type":"Organization","@id":"https:\/\/lecouventdossau.com\/es\/#organization","name":"le couvent d'Ossau","url":"https:\/\/lecouventdossau.com\/es\/","logo":{"@type":"ImageObject","inLanguage":"es","@id":"https:\/\/lecouventdossau.com\/es\/#\/schema\/logo\/image\/","url":"https:\/\/lecouventdossau.com\/wp-content\/uploads\/2021\/06\/LOGO_Gite_ossau_couvent_OK2_size.jpg","contentUrl":"https:\/\/lecouventdossau.com\/wp-content\/uploads\/2021\/06\/LOGO_Gite_ossau_couvent_OK2_size.jpg","width":1870,"height":360,"caption":"le couvent d'Ossau"},"image":{"@id":"https:\/\/lecouventdossau.com\/es\/#\/schema\/logo\/image\/"},"sameAs":["https:\/\/www.facebook.com\/Le-Couvent-dOssau-G\u00eete-d\u00e9tape-105139881772403","https:\/\/instagram.com\/lecouventdossau"]}]}},"_links":{"self":[{"href":"https:\/\/lecouventdossau.com\/es\/wp-json\/wp\/v2\/pages\/1965","targetHints":{"allow":["GET"]}}],"collection":[{"href":"https:\/\/lecouventdossau.com\/es\/wp-json\/wp\/v2\/pages"}],"about":[{"href":"https:\/\/lecouventdossau.com\/es\/wp-json\/wp\/v2\/types\/page"}],"author":[{"embeddable":true,"href":"https:\/\/lecouventdossau.com\/es\/wp-json\/wp\/v2\/users\/1"}],"replies":[{"embeddable":true,"href":"https:\/\/lecouventdossau.com\/es\/wp-json\/wp\/v2\/comments?post=1965"}],"version-history":[{"count":2,"href":"https:\/\/lecouventdossau.com\/es\/wp-json\/wp\/v2\/pages\/1965\/revisions"}],"predecessor-version":[{"id":1967,"href":"https:\/\/lecouventdossau.com\/es\/wp-json\/wp\/v2\/pages\/1965\/revisions\/1967"}],"wp:attachment":[{"href":"https:\/\/lecouventdossau.com\/es\/wp-json\/wp\/v2\/media?parent=1965"}],"curies":[{"name":"wp","href":"https:\/\/api.w.org\/{rel}","templated":true}]}}