{"id":1971,"date":"2021-05-26T10:40:43","date_gmt":"2021-05-26T08:40:43","guid":{"rendered":"https:\/\/lecouventdossau.com\/reglamento-interno\/"},"modified":"2024-05-23T22:06:06","modified_gmt":"2024-05-23T20:06:06","slug":"reglamento-interno","status":"publish","type":"page","link":"https:\/\/lecouventdossau.com\/es\/reglamento-interno\/","title":{"rendered":"Reglamento interno"},"content":{"rendered":"<p>[et_pb_section fb_built=\u00bb1&#8243; _builder_version=\u00bb4.9.4&#8243; background_color=\u00bb#fcf4e9&#8243;][et_pb_row use_custom_gutter=\u00bbon\u00bb make_equal=\u00bbon\u00bb _builder_version=\u00bb4.9.4&#8243; background_size=\u00bbinitial\u00bb background_position=\u00bbtop_left\u00bb background_repeat=\u00bbrepeat\u00bb width=\u00bb100%\u00bb max_width=\u00bb100%\u00bb custom_padding=\u00bb|5%||5%|false|true\u00bb][et_pb_column type=\u00bb4_4&#8243; _builder_version=\u00bb3.25&#8243; custom_padding=\u00bb|||\u00bb custom_padding__hover=\u00bb|||\u00bb][et_pb_post_title meta=\u00bboff\u00bb featured_image=\u00bboff\u00bb _builder_version=\u00bb4.9.4&#8243; _module_preset=\u00bbdefault\u00bb][\/et_pb_post_title][et_pb_text _builder_version=\u00bb4.9.4&#8243; background_size=\u00bbinitial\u00bb background_position=\u00bbtop_left\u00bb background_repeat=\u00bbrepeat\u00bb]<\/p>\n<p>Una casa rural de escala es un alojamiento colectivo que favorece el senderismo y los deportes de naturaleza (individuales, grupos y familias).<\/p>\n<p>El servicio consiste en el alquiler de equipamiento: camas y mantas, instalaciones sanitarias y servicios adicionales (lavadora y secadora) as\u00ed como la provisi\u00f3n de zonas de descanso y relajaci\u00f3n: terraza, jard\u00edn, sal\u00f3n y comedor.<\/p>\n<p>Ofrecemos a nuestros hu\u00e9spedes alojamiento durante la noche, pero tambi\u00e9n desayuno, cena y almuerzo para llevar.<\/p>\n<p>&nbsp;<\/p>\n<h1>Abierto todo el a\u00f1o<\/h1>\n<h2>N\u00famero de personas :<\/h2>\n<p>la capacidad m\u00e1xima de la casa rural es de 15 personas.<\/p>\n<h2>Llegada y recepci\u00f3n:<\/h2>\n<p>a partir de las 16h. Las salidas son antes de las 10 a.m.<\/p>\n<h2>Responsable:<\/h2>\n<p>Jean-Marc (y\/o) Myl\u00e8ne est\u00e1n presentes en el recinto durante el horario de apertura, tel. <strong>06 48 79 58 53<\/strong><\/p>\n<h2>Tarifas :<\/h2>\n<p>son fijados anualmente por los codirectores y expuestos en la entrada de la casa rural y visibles en el sitio web.<\/p>\n<h2>Reserva :<\/h2>\n<p>es muy recomendable. Se considera definitiva al recibir una carta de confirmaci\u00f3n. Indicar\u00e1 con precisi\u00f3n la naturaleza de los servicios solicitados (por ejemplo, alquiler de s\u00e1banas y toallas), las fechas y el n\u00famero de personas, e ir\u00e1 acompa\u00f1ado de un dep\u00f3sito correspondiente al 25% del coste total de la estancia.<\/p>\n<p><strong>Recuerda indicar tus alergias alimentarias y\/o dietas espec\u00edficas al realizar la reserva.<\/strong><\/p>\n<h2>Pago del servicio:<\/h2>\n<p>el d\u00eda de salida.<\/p>\n<h2>Cancelaci\u00f3n :<\/h2>\n<p>podr\u00e1 realizarse 8 d\u00edas antes de la fecha prevista de la estancia, m\u00e1s all\u00e1 de eso, el dep\u00f3sito permanecer\u00e1 en la casa rural.<\/p>\n<h2>Vestuario :<\/h2>\n<p>Aplicamos la prevenci\u00f3n de chinches. Para luchar juntos contra la propagaci\u00f3n de esta peque\u00f1a criatura, pedimos a las personas, excursionistas o no, que vengan de otro establecimiento (lodge, hotel, habitaci\u00f3n de hu\u00e9spedes, etc.), que dejen sus bolsos y maletas en el guardarropa de la entrada. la casa rural. (Asimismo, por motivos de limpieza, los zapatos para caminar y la ropa de lluvia se dejar\u00e1n en los vestuarios). Hay una litera disponible para llevar contigo lo que necesites para pasar la noche. Crocs est\u00e1n disponibles para aquellos que no tienen zapatos para la noche.<\/p>\n<h2>Las comidas :<\/h2>\n<p>Se tomar\u00e1n en el comedor o en la terraza a las 19.30 horas con el aperitivo local que ofrece la casa.<br \/>Los desayunos se sirven entre las 6:30 y las 8:00 horas, para los m\u00e1s madrugadores se preparar\u00e1n el d\u00eda anterior y estar\u00e1n disponibles en el comedor.<\/p>\n<h2>Estado del local:<\/h2>\n<p>Las personas alojadas se comprometen a reembolsar cualquier da\u00f1o causado por ellas durante el per\u00edodo de alquiler, todas las roturas y desperfectos se facturar\u00e1n adicionalmente.<\/p>\n<h2>Dispositivo contra incendios:<\/h2>\n<p>Es obligatorio el cumplimiento del sistema contra incendios y de las instrucciones.<\/p>\n<h1>Saber vivir<\/h1>\n<p>Una casa rural es un alojamiento colectivo en el que es imprescindible:<\/p>\n<ul>\n<li><span style=\"font-size: 18px;\">Respetar el sue\u00f1o de los dem\u00e1s a partir de las 22 horas.<\/span><\/li>\n<li><span style=\"font-size: 18px;\">No fumar dentro del local.<br \/>.<\/span><\/li>\n<\/ul>\n<p style=\"text-align: center;\"><strong>Le deseamos una agradable estancia en el convento de Ossau.<\/strong><\/p>\n<p>[\/et_pb_text][\/et_pb_column][\/et_pb_row][\/et_pb_section]<\/p>\n","protected":false},"excerpt":{"rendered":"<p>Una casa rural de escala es un alojamiento colectivo que favorece el senderismo y los deportes de naturaleza (individuales, grupos y familias). El servicio consiste en el alquiler de equipamiento: camas y mantas, instalaciones sanitarias y servicios adicionales (lavadora y secadora) as\u00ed como la provisi\u00f3n de zonas de descanso y relajaci\u00f3n: terraza, jard\u00edn, sal\u00f3n y [&hellip;]<\/p>\n","protected":false},"author":1,"featured_media":0,"parent":0,"menu_order":0,"comment_status":"closed","ping_status":"closed","template":"","meta":{"_et_pb_use_builder":"on","_et_pb_old_content":"","_et_gb_content_width":"","footnotes":""},"class_list":["post-1971","page","type-page","status-publish","hentry"],"yoast_head":"<!-- This site is optimized with the Yoast SEO plugin v26.6 - https:\/\/yoast.com\/wordpress\/plugins\/seo\/ -->\n<title>Reglamento interno - Gite d&#039;\u00e9tape en Vall\u00e9e d&#039;Ossau : le couvent d&#039;Ossau - Louvie Juzon<\/title>\n<meta name=\"robots\" content=\"index, follow, max-snippet:-1, max-image-preview:large, max-video-preview:-1\" \/>\n<link rel=\"canonical\" href=\"https:\/\/lecouventdossau.com\/es\/reglamento-interno\/\" \/>\n<meta property=\"og:locale\" content=\"es_ES\" \/>\n<meta property=\"og:type\" content=\"article\" \/>\n<meta property=\"og:title\" content=\"Reglamento interno - Gite d&#039;\u00e9tape en Vall\u00e9e d&#039;Ossau : le couvent d&#039;Ossau - Louvie Juzon\" \/>\n<meta property=\"og:description\" content=\"Una casa rural de escala es un alojamiento colectivo que favorece el senderismo y los deportes de naturaleza (individuales, grupos y familias). El servicio consiste en el alquiler de equipamiento: camas y mantas, instalaciones sanitarias y servicios adicionales (lavadora y secadora) as\u00ed como la provisi\u00f3n de zonas de descanso y relajaci\u00f3n: terraza, jard\u00edn, sal\u00f3n y [&hellip;]\" \/>\n<meta property=\"og:url\" content=\"https:\/\/lecouventdossau.com\/es\/reglamento-interno\/\" \/>\n<meta property=\"og:site_name\" content=\"le Couvent d&#039;Ossau\" \/>\n<meta property=\"article:publisher\" content=\"https:\/\/www.facebook.com\/Le-Couvent-dOssau-G%c3%aete-d%c3%a9tape-105139881772403\" \/>\n<meta property=\"article:modified_time\" content=\"2024-05-23T20:06:06+00:00\" \/>\n<meta name=\"twitter:card\" content=\"summary_large_image\" \/>\n<meta name=\"twitter:label1\" content=\"Tiempo de lectura\" \/>\n\t<meta name=\"twitter:data1\" content=\"3 minutos\" \/>\n<script type=\"application\/ld+json\" class=\"yoast-schema-graph\">{\"@context\":\"https:\/\/schema.org\",\"@graph\":[{\"@type\":\"WebPage\",\"@id\":\"https:\/\/lecouventdossau.com\/es\/reglamento-interno\/\",\"url\":\"https:\/\/lecouventdossau.com\/es\/reglamento-interno\/\",\"name\":\"Reglamento interno - Gite d'\u00e9tape en Vall\u00e9e d'Ossau : le couvent d'Ossau - Louvie Juzon\",\"isPartOf\":{\"@id\":\"https:\/\/lecouventdossau.com\/es\/#website\"},\"datePublished\":\"2021-05-26T08:40:43+00:00\",\"dateModified\":\"2024-05-23T20:06:06+00:00\",\"breadcrumb\":{\"@id\":\"https:\/\/lecouventdossau.com\/es\/reglamento-interno\/#breadcrumb\"},\"inLanguage\":\"es\",\"potentialAction\":[{\"@type\":\"ReadAction\",\"target\":[\"https:\/\/lecouventdossau.com\/es\/reglamento-interno\/\"]}]},{\"@type\":\"BreadcrumbList\",\"@id\":\"https:\/\/lecouventdossau.com\/es\/reglamento-interno\/#breadcrumb\",\"itemListElement\":[{\"@type\":\"ListItem\",\"position\":1,\"name\":\"Accueil\",\"item\":\"https:\/\/lecouventdossau.com\/es\/bienvenida\/\"},{\"@type\":\"ListItem\",\"position\":2,\"name\":\"Reglamento interno\"}]},{\"@type\":\"WebSite\",\"@id\":\"https:\/\/lecouventdossau.com\/es\/#website\",\"url\":\"https:\/\/lecouventdossau.com\/es\/\",\"name\":\"le Couvent d&#039;Ossau\",\"description\":\"Gite d&#039;\u00e9tape\",\"publisher\":{\"@id\":\"https:\/\/lecouventdossau.com\/es\/#organization\"},\"potentialAction\":[{\"@type\":\"SearchAction\",\"target\":{\"@type\":\"EntryPoint\",\"urlTemplate\":\"https:\/\/lecouventdossau.com\/es\/?s={search_term_string}\"},\"query-input\":{\"@type\":\"PropertyValueSpecification\",\"valueRequired\":true,\"valueName\":\"search_term_string\"}}],\"inLanguage\":\"es\"},{\"@type\":\"Organization\",\"@id\":\"https:\/\/lecouventdossau.com\/es\/#organization\",\"name\":\"le couvent d'Ossau\",\"url\":\"https:\/\/lecouventdossau.com\/es\/\",\"logo\":{\"@type\":\"ImageObject\",\"inLanguage\":\"es\",\"@id\":\"https:\/\/lecouventdossau.com\/es\/#\/schema\/logo\/image\/\",\"url\":\"https:\/\/lecouventdossau.com\/wp-content\/uploads\/2021\/06\/LOGO_Gite_ossau_couvent_OK2_size.jpg\",\"contentUrl\":\"https:\/\/lecouventdossau.com\/wp-content\/uploads\/2021\/06\/LOGO_Gite_ossau_couvent_OK2_size.jpg\",\"width\":1870,\"height\":360,\"caption\":\"le couvent d'Ossau\"},\"image\":{\"@id\":\"https:\/\/lecouventdossau.com\/es\/#\/schema\/logo\/image\/\"},\"sameAs\":[\"https:\/\/www.facebook.com\/Le-Couvent-dOssau-G\u00eete-d\u00e9tape-105139881772403\",\"https:\/\/instagram.com\/lecouventdossau\"]}]}<\/script>\n<!-- \/ Yoast SEO plugin. -->","yoast_head_json":{"title":"Reglamento interno - Gite d'\u00e9tape en Vall\u00e9e d'Ossau : le couvent d'Ossau - Louvie Juzon","robots":{"index":"index","follow":"follow","max-snippet":"max-snippet:-1","max-image-preview":"max-image-preview:large","max-video-preview":"max-video-preview:-1"},"canonical":"https:\/\/lecouventdossau.com\/es\/reglamento-interno\/","og_locale":"es_ES","og_type":"article","og_title":"Reglamento interno - Gite d'\u00e9tape en Vall\u00e9e d'Ossau : le couvent d'Ossau - Louvie Juzon","og_description":"Una casa rural de escala es un alojamiento colectivo que favorece el senderismo y los deportes de naturaleza (individuales, grupos y familias). El servicio consiste en el alquiler de equipamiento: camas y mantas, instalaciones sanitarias y servicios adicionales (lavadora y secadora) as\u00ed como la provisi\u00f3n de zonas de descanso y relajaci\u00f3n: terraza, jard\u00edn, sal\u00f3n y [&hellip;]","og_url":"https:\/\/lecouventdossau.com\/es\/reglamento-interno\/","og_site_name":"le Couvent d&#039;Ossau","article_publisher":"https:\/\/www.facebook.com\/Le-Couvent-dOssau-G%c3%aete-d%c3%a9tape-105139881772403","article_modified_time":"2024-05-23T20:06:06+00:00","twitter_card":"summary_large_image","twitter_misc":{"Tiempo de lectura":"3 minutos"},"schema":{"@context":"https:\/\/schema.org","@graph":[{"@type":"WebPage","@id":"https:\/\/lecouventdossau.com\/es\/reglamento-interno\/","url":"https:\/\/lecouventdossau.com\/es\/reglamento-interno\/","name":"Reglamento interno - Gite d'\u00e9tape en Vall\u00e9e d'Ossau : le couvent d'Ossau - Louvie Juzon","isPartOf":{"@id":"https:\/\/lecouventdossau.com\/es\/#website"},"datePublished":"2021-05-26T08:40:43+00:00","dateModified":"2024-05-23T20:06:06+00:00","breadcrumb":{"@id":"https:\/\/lecouventdossau.com\/es\/reglamento-interno\/#breadcrumb"},"inLanguage":"es","potentialAction":[{"@type":"ReadAction","target":["https:\/\/lecouventdossau.com\/es\/reglamento-interno\/"]}]},{"@type":"BreadcrumbList","@id":"https:\/\/lecouventdossau.com\/es\/reglamento-interno\/#breadcrumb","itemListElement":[{"@type":"ListItem","position":1,"name":"Accueil","item":"https:\/\/lecouventdossau.com\/es\/bienvenida\/"},{"@type":"ListItem","position":2,"name":"Reglamento interno"}]},{"@type":"WebSite","@id":"https:\/\/lecouventdossau.com\/es\/#website","url":"https:\/\/lecouventdossau.com\/es\/","name":"le Couvent d&#039;Ossau","description":"Gite d&#039;\u00e9tape","publisher":{"@id":"https:\/\/lecouventdossau.com\/es\/#organization"},"potentialAction":[{"@type":"SearchAction","target":{"@type":"EntryPoint","urlTemplate":"https:\/\/lecouventdossau.com\/es\/?s={search_term_string}"},"query-input":{"@type":"PropertyValueSpecification","valueRequired":true,"valueName":"search_term_string"}}],"inLanguage":"es"},{"@type":"Organization","@id":"https:\/\/lecouventdossau.com\/es\/#organization","name":"le couvent d'Ossau","url":"https:\/\/lecouventdossau.com\/es\/","logo":{"@type":"ImageObject","inLanguage":"es","@id":"https:\/\/lecouventdossau.com\/es\/#\/schema\/logo\/image\/","url":"https:\/\/lecouventdossau.com\/wp-content\/uploads\/2021\/06\/LOGO_Gite_ossau_couvent_OK2_size.jpg","contentUrl":"https:\/\/lecouventdossau.com\/wp-content\/uploads\/2021\/06\/LOGO_Gite_ossau_couvent_OK2_size.jpg","width":1870,"height":360,"caption":"le couvent d'Ossau"},"image":{"@id":"https:\/\/lecouventdossau.com\/es\/#\/schema\/logo\/image\/"},"sameAs":["https:\/\/www.facebook.com\/Le-Couvent-dOssau-G\u00eete-d\u00e9tape-105139881772403","https:\/\/instagram.com\/lecouventdossau"]}]}},"_links":{"self":[{"href":"https:\/\/lecouventdossau.com\/es\/wp-json\/wp\/v2\/pages\/1971","targetHints":{"allow":["GET"]}}],"collection":[{"href":"https:\/\/lecouventdossau.com\/es\/wp-json\/wp\/v2\/pages"}],"about":[{"href":"https:\/\/lecouventdossau.com\/es\/wp-json\/wp\/v2\/types\/page"}],"author":[{"embeddable":true,"href":"https:\/\/lecouventdossau.com\/es\/wp-json\/wp\/v2\/users\/1"}],"replies":[{"embeddable":true,"href":"https:\/\/lecouventdossau.com\/es\/wp-json\/wp\/v2\/comments?post=1971"}],"version-history":[{"count":2,"href":"https:\/\/lecouventdossau.com\/es\/wp-json\/wp\/v2\/pages\/1971\/revisions"}],"predecessor-version":[{"id":1973,"href":"https:\/\/lecouventdossau.com\/es\/wp-json\/wp\/v2\/pages\/1971\/revisions\/1973"}],"wp:attachment":[{"href":"https:\/\/lecouventdossau.com\/es\/wp-json\/wp\/v2\/media?parent=1971"}],"curies":[{"name":"wp","href":"https:\/\/api.w.org\/{rel}","templated":true}]}}